{"id":133,"date":"2020-02-07T15:48:42","date_gmt":"2020-02-07T14:48:42","guid":{"rendered":"https:\/\/imilplast.it\/?page_id=133"},"modified":"2021-11-29T14:43:13","modified_gmt":"2021-11-29T13:43:13","slug":"progettazione-e-prototipazione","status":"publish","type":"page","link":"https:\/\/imilplast.it\/progettazione-e-prototipazione\/","title":{"rendered":"\u041f\u0440\u043e\u0435\u043a\u0442\u0438\u0440\u043e\u0432\u0430\u043d\u0438\u0435 \u0438 \u043f\u0440\u043e\u0442\u043e\u0442\u0438\u043f\u0438\u0440\u043e\u0432\u0430\u043d\u0438\u0435 "},"content":{"rendered":"<p>[et_pb_section fb_built=&#8221;1&#8243; custom_padding_last_edited=&#8221;on|phone&#8221; disabled_on=&#8221;off|off|off&#8221; admin_label=&#8221;Header Section&#8221; _builder_version=&#8221;4.0.5&#8243; background_image=&#8221;https:\/\/imilplast.it\/wp-content\/uploads\/2020\/02\/photo-blu-02..jpg&#8221; background_enable_video_mp4=&#8221;off&#8221; custom_margin=&#8221;|||&#8221; custom_padding=&#8221;28vh||2vh||false|false&#8221; custom_padding_tablet=&#8221;12vh||12vh||true|false&#8221; custom_padding_phone=&#8221;1vh||1vh||true|false&#8221; bottom_divider_color=&#8221;rgba(5,41,66,0.3)&#8221; bottom_divider_height=&#8221;20vw&#8221; animation_direction=&#8221;top&#8221; locked=&#8221;off&#8221; custom_css_main_element_last_edited=&#8221;on|tablet&#8221; custom_css_main_element_tablet=&#8221;&#8221; custom_css_main_element_phone=&#8221;&#8221;][et_pb_row disabled_on=&#8221;off|off|off&#8221; module_class=&#8221; et_pb_row_fullwidth&#8221; _builder_version=&#8221;3.25&#8243; max_width=&#8221;720px&#8221; max_width_tablet=&#8221;&#8221; max_width_phone=&#8221;&#8221; max_width_last_edited=&#8221;on|desktop&#8221; make_fullwidth=&#8221;on&#8221; locked=&#8221;off&#8221;][et_pb_column type=&#8221;4_4&#8243; _builder_version=&#8221;3.25&#8243; custom_padding=&#8221;|||&#8221; custom_padding__hover=&#8221;|||&#8221;][et_pb_text disabled_on=&#8221;off|off|off&#8221; _builder_version=&#8221;4.0.5&#8243; text_font=&#8221;|300|||||||&#8221; text_text_color=&#8221;#ffffff&#8221; text_font_size=&#8221;18px&#8221; header_2_text_color=&#8221;#ffffff&#8221; header_2_font_size=&#8221;45px&#8221; text_font_size_tablet=&#8221;15px&#8221; text_font_size_phone=&#8221;14px&#8221; text_font_size_last_edited=&#8221;on|desktop&#8221; header_2_font_size_tablet=&#8221;30px&#8221; header_2_font_size_phone=&#8221;25px&#8221; header_2_font_size_last_edited=&#8221;on|phone&#8221;]<\/p>\n<h2 style=\"text-align: center;\">\u041c\u042b \u041e\u041f\u0422\u0418\u041c\u0418\u0417\u0418\u0420\u0423\u0415\u041c \u041f\u0420\u041e\u0418\u0417\u0412\u041e\u0414\u0421\u0422\u0412\u0415\u041d\u041d\u042b\u0415 \u041f\u0420\u041e\u0426\u0415\u0421\u0421\u042b<\/h2>\n<p style=\"text-align: center;\"><span style=\"font-family: Roboto, Helvetica, Arial, Lucida, sans-serif; font-size: 22px; font-weight: 300;\">\u0422\u0435\u0445\u043d\u0438\u043a\u043e-\u044d\u043a\u043e\u043d\u043e\u043c\u0438\u0447\u0435\u0441\u043a\u043e\u0435 \u043e\u0431\u043e\u0441\u043d\u043e\u0432\u0430\u043d\u0438\u0435, \u043f\u0440\u043e\u0442\u043e\u0442\u0438\u043f \u0438 \u043f\u0440\u0435\u0432\u0435\u043d\u0442\u0438\u0432\u043d\u044b\u0439 \u0430\u043d\u0430\u043b\u0438\u0437 \u0437\u0430\u0442\u0440\u0430\u0442 \u0434\u043b\u044f \u0442\u043e\u0447\u043d\u043e\u0433\u043e \u0438 \u0441\u0432\u043e\u0435\u0432\u0440\u0435\u043c\u0435\u043d\u043d\u043e\u0433\u043e \u043f\u0440\u043e\u0435\u043a\u0442\u0430<\/span><\/p>\n<p>[\/et_pb_text][\/et_pb_column][\/et_pb_row][\/et_pb_section][et_pb_section fb_built=&#8221;1&#8243; custom_padding_last_edited=&#8221;on|phone&#8221; _builder_version=&#8221;4.0.5&#8243; background_color=&#8221;#ffffff&#8221; custom_padding=&#8221;80px|0px|80px|0px|true|&#8221; custom_padding_tablet=&#8221;20px||20px||true|false&#8221; custom_padding_phone=&#8221;&#8221;][et_pb_row column_structure=&#8221;1_2,1_2&#8243; _builder_version=&#8221;4.0.5&#8243;][et_pb_column type=&#8221;1_2&#8243; _builder_version=&#8221;4.0.5&#8243;][et_pb_text _builder_version=&#8221;4.0.5&#8243; text_font=&#8221;|300|||||||&#8221; text_font_size=&#8221;18px&#8221; text_line_height=&#8221;1.8em&#8221; text_orientation=&#8221;center&#8221;]<\/p>\n<p style=\"text-align: left;\">\u0411\u043b\u0430\u0433\u043e\u0434\u0430\u0440\u044f \u0448\u0438\u0440\u043e\u043a\u043e\u043c\u0443 \u0441\u043f\u0435\u043a\u0442\u0440\u0443 \u0442\u0435\u0445\u043d\u043e\u043b\u043e\u0433\u0438\u0439 \u0438 \u043e\u043f\u044b\u0442\u0443, \u043d\u0430\u043a\u043e\u043f\u043b\u0435\u043d\u043d\u043e\u043c\u0443 \u0441 \u0442\u0435\u0447\u0435\u043d\u0438\u0435\u043c \u0432\u0440\u0435\u043c\u0435\u043d\u0438, \u043c\u044b \u043c\u043e\u0436\u0435\u043c \u0441\u043e\u0437\u0434\u0430\u0432\u0430\u0442\u044c \u043f\u0440\u043e\u0442\u043e\u0442\u0438\u043f\u044b, \u043f\u0440\u0435\u0434\u043b\u0430\u0433\u0430\u044f \u043d\u0430\u0448\u0438\u043c \u043a\u043b\u0438\u0435\u043d\u0442\u0430\u043c \u043a\u043e\u043d\u0441\u0443\u043b\u044c\u0442\u0430\u0446\u0438\u0438 \u043d\u0430 \u044d\u0442\u0430\u043f\u0435 \u043f\u0440\u043e\u0435\u043a\u0442\u0438\u0440\u043e\u0432\u0430\u043d\u0438\u044f, \u0442\u0435\u0445\u043d\u0438\u0447\u0435\u0441\u043a\u0438\u0435 \u0438 \u043f\u0440\u043e\u0438\u0437\u0432\u043e\u0434\u0441\u0442\u0432\u0435\u043d\u043d\u044b\u0435 \u0432\u043e\u0437\u043c\u043e\u0436\u043d\u043e\u0441\u0442\u0438, \u0441\u043a\u043e\u0440\u043e\u0441\u0442\u044c \u0432\u043d\u0435\u0434\u0440\u0435\u043d\u0438\u044f \u0438 \u043a\u043e\u043d\u0444\u0438\u0434\u0435\u043d\u0446\u0438\u0430\u043b\u044c\u043d\u043e\u0441\u0442\u044c.<\/p>\n<p>[\/et_pb_text][\/et_pb_column][et_pb_column type=&#8221;1_2&#8243; _builder_version=&#8221;4.0.5&#8243;][et_pb_text _builder_version=&#8221;4.0.5&#8243; text_font=&#8221;|300|||||||&#8221; text_font_size=&#8221;18px&#8221; text_line_height=&#8221;1.8em&#8221; text_orientation=&#8221;center&#8221;]<\/p>\n<p style=\"text-align: left;\">\u041c\u044b \u043f\u043e\u043c\u043e\u0433\u0430\u0435\u043c \u0432\u0430\u043c \u043d\u0430 \u0432\u0441\u0435\u0445 \u044d\u0442\u0430\u043f\u0430\u0445, \u043e\u0442 \u043f\u0440\u043e\u0435\u043a\u0442\u0438\u0440\u043e\u0432\u0430\u043d\u0438\u044f \u0434\u043e \u043f\u0440\u043e\u0442\u043e\u0442\u0438\u043f\u0438\u0440\u043e\u0432\u0430\u043d\u0438\u044f \u0438 \u043f\u0440\u043e\u0438\u0437\u0432\u043e\u0434\u0441\u0442\u0432\u0430 \u043f\u0440\u0435\u0441\u0441-\u0444\u043e\u0440\u043c, \u043c\u044b \u043c\u043e\u0436\u0435\u043c \u0440\u0430\u0437\u0440\u0430\u0431\u043e\u0442\u0430\u0442\u044c, \u0438\u0441\u043f\u043e\u043b\u044c\u0437\u0443\u044f \u043d\u043e\u0443-\u0445\u0430\u0443 \u0438 \u0441\u0435\u0440\u044c\u0435\u0437\u043d\u043e\u0441\u0442\u044c, \u043a\u043e\u0442\u043e\u0440\u044b\u0435 \u0432\u0441\u0435\u0433\u0434\u0430 \u043e\u0442\u043b\u0438\u0447\u0430\u043b\u0438 \u043d\u0430\u0441, \u043b\u0443\u0447\u0448\u0438\u0435 \u0440\u0435\u0448\u0435\u043d\u0438\u044f, \u043a\u043e\u0442\u043e\u0440\u044b\u0435 \u0431\u0443\u0434\u0443\u0442 \u0438\u0441\u043f\u043e\u043b\u044c\u0437\u043e\u0432\u0430\u0442\u044c\u0441\u044f \u0434\u043b\u044f \u043f\u0440\u043e\u0438\u0437\u0432\u043e\u0434\u0441\u0442\u0432\u0430 \u043f\u0440\u0435\u0441\u0441-\u0444\u043e\u0440\u043c \u0438\u043b\u0438 \u043c\u043e\u0434\u0435\u043b\u0435\u0439, \u043e\u0431\u0435\u0441\u043f\u0435\u0447\u0438\u0432\u0430\u044f \u043c\u0430\u043a\u0441\u0438\u043c\u0430\u043b\u044c\u043d\u0443\u044e \u044d\u0444\u0444\u0435\u043a\u0442\u0438\u0432\u043d\u043e\u0441\u0442\u044c \u0441 \u043e\u043f\u0442\u0438\u043c\u0438\u0437\u0430\u0446\u0438\u0435\u0439. \u0437\u0430\u0442\u0440\u0430\u0442\u044b \u0438 \u043e\u043f\u0440\u0435\u0434\u0435\u043b\u0435\u043d\u043d\u044b\u0435 \u0432\u044b\u0433\u043e\u0434\u044b.<\/p>\n<p>[\/et_pb_text][\/et_pb_column][\/et_pb_row][\/et_pb_section][et_pb_section fb_built=&#8221;1&#8243; custom_padding_last_edited=&#8221;on|tablet&#8221; _builder_version=&#8221;4.0.5&#8243; background_color=&#8221;#f2f2f2&#8243; background_enable_image=&#8221;off&#8221; parallax=&#8221;on&#8221; custom_padding=&#8221;80px|0px|80px|0px|false|&#8221; custom_padding_tablet=&#8221;40px||40px||true|false&#8221; custom_padding_phone=&#8221;&#8221;][et_pb_row _builder_version=&#8221;4.0.5&#8243; hover_enabled=&#8221;0&#8243; custom_padding=&#8221;||3px|||&#8221;][et_pb_column type=&#8221;4_4&#8243; _builder_version=&#8221;4.0.5&#8243;][et_pb_text _builder_version=&#8221;4.0.5&#8243; text_font=&#8221;|300|||||||&#8221; text_font_size=&#8221;18px&#8221; text_line_height=&#8221;1.8em&#8221; width=&#8221;100%&#8221; custom_margin=&#8221;|-93px|20px||false|false&#8221; hover_enabled=&#8221;0&#8243; border_width_bottom=&#8221;1px&#8221; border_color_bottom=&#8221;#064870&#8243; custom_padding=&#8221;||20px||false|false&#8221; border_style_all=&#8221;dashed&#8221;]<\/p>\n<h2 style=\"text-align: center;\"><strong>\u0414\u0418\u0417\u0410\u0419\u041d<\/strong><\/h2>\n<p>[\/et_pb_text][\/et_pb_column][\/et_pb_row][et_pb_row column_structure=&#8221;1_2,1_2&#8243; _builder_version=&#8221;4.0.5&#8243; hover_enabled=&#8221;0&#8243; custom_padding=&#8221;10px||||false|false&#8221;][et_pb_column type=&#8221;1_2&#8243; _builder_version=&#8221;4.0.5&#8243;][et_pb_text _builder_version=&#8221;4.0.5&#8243; text_font=&#8221;|300|||||||&#8221; text_font_size=&#8221;18px&#8221; text_line_height=&#8221;1.8em&#8221; width=&#8221;100%&#8221; custom_margin=&#8221;0px|-93px|||false|false&#8221; hover_enabled=&#8221;0&#8243;]<\/p>\n<p>\u0414\u0438\u0437\u0430\u0439\u043d &#8211; \u044d\u0442\u043e \u043e\u0442\u043f\u0440\u0430\u0432\u043d\u0430\u044f \u0442\u043e\u0447\u043a\u0430 \u0434\u043b\u044f \u0438\u0437\u0433\u043e\u0442\u043e\u0432\u043b\u0435\u043d\u0438\u044f \u043f\u0440\u0435\u0441\u0441-\u0444\u043e\u0440\u043c, \u0432\u043e \u0432\u0440\u0435\u043c\u044f \u043a\u043e\u0442\u043e\u0440\u043e\u0439 \u043e\u043f\u0440\u0435\u0434\u0435\u043b\u044f\u044e\u0442\u0441\u044f \u0432\u0441\u0435 \u043f\u0430\u0440\u0430\u043c\u0435\u0442\u0440\u044b \u043f\u0440\u043e\u0434\u0443\u043a\u0442\u0430 \u0438 \u043f\u0440\u043e\u0438\u0437\u0432\u043e\u0434\u0441\u0442\u0432\u0435\u043d\u043d\u043e\u0433\u043e \u043f\u0440\u043e\u0446\u0435\u0441\u0441\u0430.<\/p>\n<p>\u0411\u043b\u0430\u0433\u043e\u0434\u0430\u0440\u044f \u043f\u043e\u0441\u0442\u043e\u044f\u043d\u043d\u043e\u043c\u0443 \u0442\u0435\u0445\u043d\u043e\u043b\u043e\u0433\u0438\u0447\u0435\u0441\u043a\u043e\u043c\u0443 \u043e\u0431\u043d\u043e\u0432\u043b\u0435\u043d\u0438\u044e \u043c\u044b \u043c\u043e\u0436\u0435\u043c \u043f\u0440\u0435\u0434\u043b\u043e\u0436\u0438\u0442\u044c \u043d\u0430\u0448\u0438\u043c \u043a\u043b\u0438\u0435\u043d\u0442\u0430\u043c \u043f\u0440\u043e\u0444\u0435\u0441\u0441\u0438\u043e\u043d\u0430\u043b\u044c\u043d\u044b\u0435 \u0443\u0441\u043b\u0443\u0433\u0438 \u043f\u043e \u0441\u043e\u0432\u043c\u0435\u0441\u0442\u043d\u043e\u043c\u0443 \u043f\u0440\u043e\u0435\u043a\u0442\u0438\u0440\u043e\u0432\u0430\u043d\u0438\u044e \u0438 \u043f\u0440\u043e\u0435\u043a\u0442\u0438\u0440\u043e\u0432\u0430\u043d\u0438\u044e \u0442\u043e\u0432\u0430\u0440\u043e\u0432, \u043a\u043e\u0442\u043e\u0440\u044b\u0435 \u0431\u0443\u0434\u0443\u0442 \u043f\u0440\u043e\u0438\u0437\u0432\u043e\u0434\u0438\u0442\u044c\u0441\u044f, \u0432\u0441\u0435\u0433\u0434\u0430 \u043f\u0440\u0435\u0434\u043b\u0430\u0433\u0430\u044f \u0438\u0434\u0435\u0430\u043b\u044c\u043d\u044b\u0435 \u0442\u0435\u0445\u043d\u0438\u0447\u0435\u0441\u043a\u0438\u0435 \u0440\u0435\u0448\u0435\u043d\u0438\u044f \u0434\u043b\u044f \u043a\u0430\u0436\u0434\u043e\u0433\u043e \u0437\u0430\u043f\u0440\u043e\u0441\u0430.<\/p>\n<p>[\/et_pb_text][\/et_pb_column][et_pb_column type=&#8221;1_2&#8243; _builder_version=&#8221;4.0.5&#8243;][et_pb_text _builder_version=&#8221;4.0.5&#8243; text_font=&#8221;|300|||||||&#8221; text_font_size=&#8221;18px&#8221; text_line_height=&#8221;1.8em&#8221; width=&#8221;100%&#8221; custom_margin=&#8221;0px|-93px|||false|false&#8221; hover_enabled=&#8221;0&#8243;]<\/p>\n<p>\u041c\u044b \u0442\u0430\u043a\u0436\u0435 \u043c\u043e\u0436\u0435\u043c \u043f\u0440\u0435\u0434\u043b\u043e\u0436\u0438\u0442\u044c \u0443\u0441\u043b\u0443\u0433\u0443 \u00ab\u043e\u0431\u0440\u0430\u0442\u043d\u043e\u0433\u043e \u043f\u0440\u043e\u0435\u043a\u0442\u0438\u0440\u043e\u0432\u0430\u043d\u0438\u044f\u00bb, \u0447\u0442\u043e\u0431\u044b \u0441\u043e\u0437\u0434\u0430\u0442\u044c \u043f\u0440\u043e\u0435\u043a\u0442 \u0438\u043b\u0438 \u043c\u0430\u0442\u0435\u043c\u0430\u0442\u0438\u0447\u0435\u0441\u043a\u0438\u0439 \u0447\u0435\u0440\u0442\u0435\u0436, \u0438\u0441\u0445\u043e\u0434\u044f \u0438\u0437 \u043c\u043e\u0434\u0435\u043b\u0438 \u0438\u043b\u0438 \u0443\u0436\u0435 \u0441\u0443\u0449\u0435\u0441\u0442\u0432\u0443\u044e\u0449\u0435\u0433\u043e \u044d\u043b\u0435\u043c\u0435\u043d\u0442\u0430.<\/p>\n<p>&nbsp;<\/p>\n<p>[\/et_pb_text][\/et_pb_column][\/et_pb_row][et_pb_row _builder_version=&#8221;4.0.5&#8243;][et_pb_column type=&#8221;4_4&#8243; _builder_version=&#8221;4.0.5&#8243;][wdcl_image_carousel slide_count=&#8221;4&#8243; _builder_version=&#8221;4.0.5&#8243; background_enable_image=&#8221;off&#8221;][wdcl_image_carousel_child photo=&#8221;https:\/\/imilplast.it\/wp-content\/uploads\/2021\/11\/progettazione-carousel-05.jpg&#8221; _builder_version=&#8221;4.0.5&#8243; border_radii_item=&#8221;on|9px|9px|9px|9px&#8221;][\/wdcl_image_carousel_child][wdcl_image_carousel_child photo=&#8221;https:\/\/imilplast.it\/wp-content\/uploads\/2021\/11\/progettazione-carousel-04.jpg&#8221; _builder_version=&#8221;4.0.5&#8243; border_radii_item=&#8221;on|10px|10px|10px|10px&#8221;][\/wdcl_image_carousel_child][wdcl_image_carousel_child photo=&#8221;https:\/\/imilplast.it\/wp-content\/uploads\/2021\/11\/progettazione-carousel-03.jpg&#8221; _builder_version=&#8221;4.0.5&#8243; border_radii_item=&#8221;on|10px|10px|10px|10px&#8221;][\/wdcl_image_carousel_child][wdcl_image_carousel_child photo=&#8221;https:\/\/imilplast.it\/wp-content\/uploads\/2021\/11\/progettazione-carousel-02.jpg&#8221; _builder_version=&#8221;4.0.5&#8243; border_radii_item=&#8221;on|10px|10px|10px|10px&#8221;][\/wdcl_image_carousel_child][wdcl_image_carousel_child photo=&#8221;https:\/\/imilplast.it\/wp-content\/uploads\/2021\/11\/progettazione-carousel-01.jpg&#8221; _builder_version=&#8221;4.0.5&#8243; border_radii_item=&#8221;on|10px|10px|10px|10px&#8221;][\/wdcl_image_carousel_child][\/wdcl_image_carousel][\/et_pb_column][\/et_pb_row][\/et_pb_section][et_pb_section fb_built=&#8221;1&#8243; custom_padding_last_edited=&#8221;on|tablet&#8221; _builder_version=&#8221;4.0.5&#8243; background_color=&#8221;#ffffff&#8221; background_image=&#8221;https:\/\/imilplast.it\/wp-content\/uploads\/2021\/03\/bgd-1.jpg&#8221; background_size=&#8221;initial&#8221; background_position=&#8221;bottom_left&#8221; custom_padding=&#8221;80px|0px|80px|0px|false|&#8221; custom_padding_tablet=&#8221;40px||40px||true|false&#8221; custom_padding_phone=&#8221;&#8221;][et_pb_row _builder_version=&#8221;4.0.5&#8243; custom_padding=&#8221;||0px|||&#8221;][et_pb_column type=&#8221;4_4&#8243; _builder_version=&#8221;4.0.5&#8243;][et_pb_text _builder_version=&#8221;4.0.5&#8243; text_font=&#8221;|300|||||||&#8221; text_font_size=&#8221;18px&#8221; text_line_height=&#8221;1.8em&#8221; width=&#8221;100%&#8221; custom_margin=&#8221;|-93px|20px||false|false&#8221; hover_enabled=&#8221;0&#8243; border_width_bottom=&#8221;1px&#8221; border_color_bottom=&#8221;#064870&#8243; custom_padding=&#8221;||20px||false|false&#8221; border_style_all=&#8221;dashed&#8221;]<\/p>\n<h2 style=\"text-align: center;\"><strong>\u041f\u0420\u041e\u0422\u041e\u0422\u0418\u041f\u0418\u0420\u041e\u0412\u0410\u041d\u0418\u0415<\/strong><\/h2>\n<p>[\/et_pb_text][\/et_pb_column][\/et_pb_row][et_pb_row _builder_version=&#8221;4.0.5&#8243; column_structure=&#8221;1_3,2_3&#8243; custom_padding=&#8221;10px||||false|false&#8221; hover_enabled=&#8221;0&#8243;][et_pb_column _builder_version=&#8221;4.0.5&#8243; type=&#8221;1_3&#8243;][et_pb_image src=&#8221;https:\/\/imilplast.it\/wp-content\/uploads\/2020\/09\/progettazione_01-1.jpg&#8221; _builder_version=&#8221;4.0.5&#8243; border_radii=&#8221;on|10px|10px|10px|10px&#8221; hover_enabled=&#8221;0&#8243;][\/et_pb_image][\/et_pb_column][et_pb_column _builder_version=&#8221;4.0.5&#8243; type=&#8221;2_3&#8243;][et_pb_text _builder_version=&#8221;4.0.5&#8243; text_font=&#8221;|300|||||||&#8221; text_font_size=&#8221;18px&#8221; text_line_height=&#8221;1.8em&#8221; custom_margin=&#8221;||||false|false&#8221;]<\/p>\n<p>\u0411\u043b\u0430\u0433\u043e\u0434\u0430\u0440\u044f \u044d\u0444\u0444\u0435\u043a\u0442\u0438\u0432\u043d\u043e\u043c\u0443 \u043e\u0442\u0434\u0435\u043b\u0443 \u043c\u043e\u0434\u0435\u043b\u0438\u0440\u043e\u0432\u0430\u043d\u0438\u044f \u0438 \u043f\u0440\u043e\u0442\u043e\u0442\u0438\u043f\u0438\u0440\u043e\u0432\u0430\u043d\u0438\u044f \u043c\u044b \u043c\u043e\u0436\u0435\u043c \u043f\u0440\u0435\u0434\u043b\u043e\u0436\u0438\u0442\u044c \u043c\u043e\u0434\u0435\u043b\u0438 \u0438 \u0444\u043e\u0440\u043c\u044b \u0434\u043b\u044f \u043f\u0440\u043e\u0442\u043e\u0442\u0438\u043f\u043e\u0432 \u0438 \u043d\u0435\u0431\u043e\u043b\u044c\u0448\u0438\u0445 \u0441\u0435\u0440\u0438\u0439, \u043a\u043e\u0442\u043e\u0440\u044b\u0435 \u0431\u0443\u0434\u0443\u0442 \u043f\u0440\u043e\u0438\u0437\u0432\u043e\u0434\u0438\u0442\u044c\u0441\u044f \u0441 \u0438\u0441\u043f\u043e\u043b\u044c\u0437\u043e\u0432\u0430\u043d\u0438\u0435\u043c \u0440\u0430\u0437\u043b\u0438\u0447\u043d\u044b\u0445 \u0442\u0435\u0445\u043d\u043e\u043b\u043e\u0433\u0438\u0439, \u0442\u0430\u043a\u0438\u0445 \u043a\u0430\u043a \u0442\u0435\u0440\u043c\u043e\u0444\u043e\u0440\u043c\u043e\u0432\u0430\u043d\u0438\u0435 \u0438 \u0444\u043e\u0440\u043c\u044b \u0434\u043b\u044f \u043b\u0438\u0442\u044c\u044f \u043f\u043e\u0434 \u0434\u0430\u0432\u043b\u0435\u043d\u0438\u0435\u043c.<\/p>\n<p>\u0411\u043b\u0430\u0433\u043e\u0434\u0430\u0440\u044f \u0441\u043e\u0442\u0440\u0443\u0434\u043d\u0438\u0447\u0435\u0441\u0442\u0432\u0443 \u0441 \u043a\u043e\u043c\u043f\u0430\u043d\u0438\u044f\u043c\u0438-\u043f\u0430\u0440\u0442\u043d\u0435\u0440\u0430\u043c\u0438 \u043c\u044b \u043c\u043e\u0436\u0435\u043c \u043f\u0440\u0435\u0434\u043e\u0441\u0442\u0430\u0432\u0438\u0442\u044c \u0437\u0430\u043a\u0430\u0437\u0447\u0438\u043a\u0443 \u0444\u0443\u043d\u043a\u0446\u0438\u043e\u043d\u0430\u043b\u044c\u043d\u044b\u0435 \u043f\u0440\u043e\u0442\u043e\u0442\u0438\u043f\u044b, \u0438\u0437\u0433\u043e\u0442\u043e\u0432\u043b\u0435\u043d\u043d\u044b\u0435 \u0441 \u0438\u0441\u043f\u043e\u043b\u044c\u0437\u043e\u0432\u0430\u043d\u0438\u0435\u043c \u0442\u0435\u0445\u043d\u043e\u043b\u043e\u0433\u0438\u0438 3D-\u043f\u0440\u0438\u043d\u0442\u0435\u0440\u0430 \u0438\u043b\u0438 \u0441 \u043f\u043e\u043c\u043e\u0449\u044c\u044e \u0441\u0438\u043b\u0438\u043a\u043e\u043d\u043e\u0432\u044b\u0445 \u0444\u043e\u0440\u043c \u0434\u043b\u044f \u0431\u043e\u043b\u0435\u0435 \u043e\u0431\u0448\u0438\u0440\u043d\u043e\u0433\u043e \u043e\u0442\u0431\u043e\u0440\u0430 \u043e\u0431\u0440\u0430\u0437\u0446\u043e\u0432, \u0441 \u0432\u044b\u0431\u043e\u0440\u043e\u043c \u043c\u0430\u0442\u0435\u0440\u0438\u0430\u043b\u043e\u0432, \u043d\u0430\u0438\u0431\u043e\u043b\u0435\u0435 \u0431\u043b\u0438\u0437\u043a\u0438\u0445 \u043f\u043e \u0445\u0430\u0440\u0430\u043a\u0442\u0435\u0440\u0438\u0441\u0442\u0438\u043a\u0430\u043c \u043a \u0433\u043e\u0442\u043e\u0432\u043e\u043c\u0443 \u043f\u0440\u043e\u0434\u0443\u043a\u0442\u0443.<\/p>\n<p>\u041a\u043e\u043d\u0441\u0442\u0440\u0443\u0438\u0440\u043e\u0432\u0430\u043d\u0438\u0435 \u043f\u0440\u043e\u0442\u043e\u0442\u0438\u043f\u043e\u0432 \u043f\u0440\u0435\u0441\u0441-\u0444\u043e\u0440\u043c \u043f\u043e\u0437\u0432\u043e\u043b\u044f\u0435\u0442 \u0438\u0437\u0443\u0447\u0438\u0442\u044c \u043f\u0440\u043e\u0446\u0435\u0441\u0441\u044b \u0444\u043e\u0440\u043c\u043e\u0432\u0430\u043d\u0438\u044f \u0438\u043b\u0438 \u043e\u0446\u0435\u043d\u0438\u0442\u044c \u044d\u0444\u0444\u0435\u043a\u0442\u0438\u0432\u043d\u0443\u044e \u043f\u0440\u0438\u0433\u043e\u0434\u043d\u043e\u0441\u0442\u044c \u044d\u043b\u0435\u043c\u0435\u043d\u0442\u0430, \u0430 \u0437\u0430\u0442\u0435\u043c \u0441\u043e\u043e\u0431\u0449\u0438\u0442\u044c \u043e\u0431 \u043e\u043f\u044b\u0442\u0435, \u043f\u043e\u043b\u0443\u0447\u0435\u043d\u043d\u043e\u043c \u0432\u043e \u0432\u0440\u0435\u043c\u044f \u0438\u0441\u043f\u044b\u0442\u0430\u043d\u0438\u0439 \u0432 \u0441\u0435\u0440\u0438\u0439\u043d\u044b\u0445 \u043f\u0440\u0435\u0441\u0441-\u0444\u043e\u0440\u043c\u0430\u0445.<\/p>\n<p><strong>\u041a\u0430\u0447\u0435\u0441\u0442\u0432\u043e \u0438 \u0441\u043a\u043e\u0440\u043e\u0441\u0442\u044c \u0438\u0437\u0433\u043e\u0442\u043e\u0432\u043b\u0435\u043d\u0438\u044f \u043f\u0440\u043e\u0442\u043e\u0442\u0438\u043f\u043e\u0432 \u043f\u0440\u0435\u0441\u0441-\u0444\u043e\u0440\u043c \u043f\u043e\u0437\u0432\u043e\u043b\u044f\u0435\u0442 \u0432 \u043a\u043e\u0440\u043e\u0442\u043a\u0438\u0435 \u0441\u0440\u043e\u043a\u0438 \u0441\u043e\u0437\u0434\u0430\u0432\u0430\u0442\u044c \u0434\u0430\u0436\u0435 \u0441\u043b\u043e\u0436\u043d\u044b\u0435 \u043a\u043e\u043c\u043f\u043e\u043d\u0435\u043d\u0442\u044b \u0441 \u0432\u044b\u0441\u043e\u043a\u0438\u043c \u043a\u0430\u0447\u0435\u0441\u0442\u0432\u043e\u043c \u043e\u0442\u0434\u0435\u043b\u043a\u0438.<\/strong><\/p>\n<p>&nbsp;<\/p>\n<p>[\/et_pb_text][\/et_pb_column][\/et_pb_row][\/et_pb_section]<\/p>\n","protected":false},"excerpt":{"rendered":"<p>[et_pb_section fb_built=&#8221;1&#8243; custom_padding_last_edited=&#8221;on|phone&#8221; disabled_on=&#8221;off|off|off&#8221; admin_label=&#8221;Header Section&#8221; _builder_version=&#8221;4.0.5&#8243; background_image=&#8221;https:\/\/imilplast.it\/wp-content\/uploads\/2020\/02\/photo-blu-02..jpg&#8221; background_enable_video_mp4=&#8221;off&#8221; custom_margin=&#8221;|||&#8221; custom_padding=&#8221;28vh||2vh||false|false&#8221; custom_padding_tablet=&#8221;12vh||12vh||true|false&#8221; custom_padding_phone=&#8221;1vh||1vh||true|false&#8221; bottom_divider_color=&#8221;rgba(5,41,66,0.3)&#8221; bottom_divider_height=&#8221;20vw&#8221; animation_direction=&#8221;top&#8221; locked=&#8221;off&#8221; custom_css_main_element_last_edited=&#8221;on|tablet&#8221; custom_css_main_element_tablet=&#8221;&#8221; custom_css_main_element_phone=&#8221;&#8221;][et_pb_row disabled_on=&#8221;off|off|off&#8221; module_class=&#8221; et_pb_row_fullwidth&#8221; _builder_version=&#8221;3.25&#8243; max_width=&#8221;720px&#8221; max_width_tablet=&#8221;&#8221; max_width_phone=&#8221;&#8221; max_width_last_edited=&#8221;on|desktop&#8221; make_fullwidth=&#8221;on&#8221; locked=&#8221;off&#8221;][et_pb_column type=&#8221;4_4&#8243; _builder_version=&#8221;3.25&#8243; custom_padding=&#8221;|||&#8221; custom_padding__hover=&#8221;|||&#8221;][et_pb_text disabled_on=&#8221;off|off|off&#8221; _builder_version=&#8221;4.0.5&#8243; text_font=&#8221;|300|||||||&#8221; text_text_color=&#8221;#ffffff&#8221; text_font_size=&#8221;18px&#8221; header_2_text_color=&#8221;#ffffff&#8221; header_2_font_size=&#8221;45px&#8221; text_font_size_tablet=&#8221;15px&#8221; text_font_size_phone=&#8221;14px&#8221; text_font_size_last_edited=&#8221;on|desktop&#8221; header_2_font_size_tablet=&#8221;30px&#8221; header_2_font_size_phone=&#8221;25px&#8221; header_2_font_size_last_edited=&#8221;on|phone&#8221;] \u041c\u042b \u041e\u041f\u0422\u0418\u041c\u0418\u0417\u0418\u0420\u0423\u0415\u041c \u041f\u0420\u041e\u0418\u0417\u0412\u041e\u0414\u0421\u0422\u0412\u0415\u041d\u041d\u042b\u0415 \u041f\u0420\u041e\u0426\u0415\u0421\u0421\u042b \u0422\u0435\u0445\u043d\u0438\u043a\u043e-\u044d\u043a\u043e\u043d\u043e\u043c\u0438\u0447\u0435\u0441\u043a\u043e\u0435 \u043e\u0431\u043e\u0441\u043d\u043e\u0432\u0430\u043d\u0438\u0435, \u043f\u0440\u043e\u0442\u043e\u0442\u0438\u043f \u0438 [&hellip;]<\/p>\n","protected":false},"author":1,"featured_media":0,"parent":0,"menu_order":0,"comment_status":"closed","ping_status":"closed","template":"","meta":{"_et_pb_use_builder":"on","_et_pb_old_content":"<!-- wp:paragraph -->\n<p>Questa \u00e8 una pagina di esempio. Differisce da un articolo di un blog perch\u00e9 rimane sempre allo stesso posto e (in molti temi) appare nel menu di navigazione. Molte persone iniziano con una pagina di Informazioni che li presentano ai visitatori del sito. Potrebbe apparire una presentazione del tipo:<\/p>\n<!-- \/wp:paragraph -->\n\n<!-- wp:quote -->\n<blockquote class=\"wp-block-quote\"><p>Ciao! Sono un fattorino ciclista di giorno, aspirante attore di notte e questo \u00e8 il mio sito web. Vivo a Los Angeles, ho un grande cane di nome Jack e mi piace la pi\u00f1a colada. (E prendere la pioggia)<\/p><\/blockquote>\n<!-- \/wp:quote -->\n\n<!-- wp:paragraph -->\n<p>...o qualcosa di simile:<\/p>\n<!-- \/wp:paragraph -->\n\n<!-- wp:quote -->\n<blockquote class=\"wp-block-quote\"><p>La Societ\u00e0 XYZ Aggeggi \u00e8 stata fondata nel 1971 e da allora fornisce al pubblico aggeggi di ottima qualit\u00e0. Situata a Fantasilandia, XYZ impiega oltre 2.000 persone e realizza ogni sorta di aggeggio fantastico per la comunit\u00e0 di Fantasilandia.<\/p><\/blockquote>\n<!-- \/wp:quote -->\n\n<!-- wp:paragraph -->\n<p>Come nuovo utente di WordPress, dovresti andare nella tua <a href=\"https:\/\/imilplast.it\/wp-admin\/\">Bacheca<\/a> per eliminare questa pagina, e crearne delle nuove per i tuoi contenuti. Divertiti!<\/p>\n<!-- \/wp:paragraph -->"},"_links":{"self":[{"href":"https:\/\/imilplast.it\/wp-json\/wp\/v2\/pages\/133"}],"collection":[{"href":"https:\/\/imilplast.it\/wp-json\/wp\/v2\/pages"}],"about":[{"href":"https:\/\/imilplast.it\/wp-json\/wp\/v2\/types\/page"}],"author":[{"embeddable":true,"href":"https:\/\/imilplast.it\/wp-json\/wp\/v2\/users\/1"}],"replies":[{"embeddable":true,"href":"https:\/\/imilplast.it\/wp-json\/wp\/v2\/comments?post=133"}],"version-history":[{"count":55,"href":"https:\/\/imilplast.it\/wp-json\/wp\/v2\/pages\/133\/revisions"}],"predecessor-version":[{"id":1233,"href":"https:\/\/imilplast.it\/wp-json\/wp\/v2\/pages\/133\/revisions\/1233"}],"wp:attachment":[{"href":"https:\/\/imilplast.it\/wp-json\/wp\/v2\/media?parent=133"}],"curies":[{"name":"wp","href":"https:\/\/api.w.org\/{rel}","templated":true}]}}