{"id":3,"date":"2020-02-03T16:44:42","date_gmt":"2020-02-03T15:44:42","guid":{"rendered":"https:\/\/imilplast.it\/?page_id=3"},"modified":"2020-07-16T15:36:45","modified_gmt":"2020-07-16T13:36:45","slug":"privacy-policy","status":"publish","type":"page","link":"https:\/\/imilplast.it\/privacy-policy\/","title":{"rendered":"Politique de confidentialit\u00e9  "},"content":{"rendered":"<p>[et_pb_section fb_built=&#8221;1&#8243; _builder_version=&#8221;4.0.5&#8243;][et_pb_row _builder_version=&#8221;4.0.5&#8243;][et_pb_column type=&#8221;4_4&#8243; _builder_version=&#8221;4.0.5&#8243;][et_pb_text _builder_version=&#8221;4.0.5&#8243; hover_enabled=&#8221;0&#8243;]<\/p>\n<h1>POLITIQUE DE CONFIDENTIALIT\u00c9<\/h1>\n<p>Cher utilisateur, conform\u00e9ment au R\u00e8glement g\u00e9n\u00e9ral sur la protection des donn\u00e9es \u00e0 caract\u00e8re personnel (RGPD), nous vous informons que l&#8217;envoi facultatif, explicite et volontaire de courrier \u00e9lectronique aux adresses indiqu\u00e9es sur ce site Web entra\u00eene l&#8217;acquisition ult\u00e9rieure de l&#8217;adresse de l&#8217;exp\u00e9diteur ainsi que de toute autre donn\u00e9e \u00e0 caract\u00e8re personnel incluse dans le message, dont le traitement aura pour but exclusif de r\u00e9pondre aux demandes et\/ou de fournir le service souhait\u00e9 ainsi que d&#8217;effectuer les activit\u00e9s ordinaires de gestion et de maintenance du site Web et l&#8217;ex\u00e9cution des obligations pr\u00e9vues par la loi, le r\u00e8glement ou la l\u00e9gislation. I.MI.L. Plast Srl, en sa qualit\u00e9 de contr\u00f4leur des donn\u00e9es, garantit que leur traitement est effectu\u00e9 dans le respect des droits et libert\u00e9s fondamentaux ainsi que de la dignit\u00e9 de la personne concern\u00e9e.<\/p>\n<p>En dehors de ce qui est sp\u00e9cifi\u00e9 pour les donn\u00e9es de navigation dans la Politique de notre site web www.imilplast.it et dans la Politique sp\u00e9cifique des cookies, que nous vous invitons \u00e0 lire, l&#8217;attribution des donn\u00e9es personnelles en question est facultative mais indispensable pour permettre \u00e0 notre soci\u00e9t\u00e9 de r\u00e9aliser les activit\u00e9s envisag\u00e9es en r\u00e9ponse au service ou \u00e0 la prestation demand\u00e9e par vous (inscription sur le site web, nouvelles et informations, candidatures, rapports et plaintes, etc&#8230;).<\/p>\n<p>Si le traitement par I.MI.L. Plast Srl devait impliquer des donn\u00e9es de nature particuli\u00e8re au sens de l&#8217;art. 9 GDPR (donn\u00e9es \u201csensibles&#8221;) (par exemple pour l&#8217;envoi de votre Curriculum Vitae ou de votre candidature spontan\u00e9e, en remplissant le formulaire disponible sur la page \u201cTravaillez avec nous&#8221;), votre consentement explicite vous sera demand\u00e9.<\/p>\n<p>Le Responsable du traitement sera donc l\u00e9gitim\u00e9 \u00e0 traiter vos donn\u00e9es personnelles pour mettre en \u0153uvre et r\u00e9pondre \u00e0 un service que vous avez demand\u00e9, par votre consentement explicite ainsi que par la poursuite d&#8217;un int\u00e9r\u00eat l\u00e9gitime, tel que, par exemple, la pr\u00e9vention ou la d\u00e9tection d&#8217;activit\u00e9s frauduleuses ou d&#8217;abus nuisibles au site ou l&#8217;exercice de vos droits en justice.<\/p>\n<p>Le traitement de vos donn\u00e9es personnelles chez I.MI.L. Plast Srl, effectu\u00e9 avec ou sans l&#8217;aide d&#8217;instruments \u00e9lectroniques, aura lieu, \u00e0 des fins fonctionnelles uniquement, par des sujets au sein de I.MI.L. Plast Srl, ad\u00e9quatement instruits et formellement autoris\u00e9s \u00e0 la m\u00eame (secteurs informatiques, s\u00e9lection du personnel, etc&#8230;); de Responsables externes, fournisseurs de services de comp\u00e9tence et fiabilit\u00e9 prouv\u00e9es, qui op\u00e9reront selon les instructions du Propri\u00e9taire et sous son contr\u00f4le (entretien du hardware et du software, fournisseur du site web, etc&#8230;) ainsi que d&#8217;\u00e9ventuels sujets externes, op\u00e9rant comme propri\u00e9taires autonomes de traitement, qui effectuent, pour le compte de I.MI.L. Plast Srl, des t\u00e2ches de nature technique, organisationnelle ou op\u00e9rationnelle.<\/p>\n<p>Les donn\u00e9es fournies seront utilis\u00e9es uniquement par I.MI.L. Plast Srl, ne seront pas c\u00e9d\u00e9es \u00e0 des tiers, ne feront pas l&#8217;objet d&#8217;une diffusion et ne seront pas transf\u00e9r\u00e9es vers des pays tiers. La gestion et le stockage des donn\u00e9es personnelles s&#8217;effectuent sur des serveurs situ\u00e9s dans l&#8217;Union europ\u00e9enne. Toutefois, si cela s&#8217;av\u00e8re n\u00e9cessaire, le contr\u00f4leur des donn\u00e9es a le droit de d\u00e9placer l&#8217;emplacement des serveurs en Italie et\/ou dans l&#8217;Union europ\u00e9enne et\/ou dans des pays non membres de l&#8217;UE. Dans ce dernier cas, afin d&#8217;assurer un niveau de protection ad\u00e9quat de ces derniers, le transfert se fera dans le respect des dispositions l\u00e9gales applicables en concluant, si n\u00e9cessaire, des accords garantissant un niveau de protection ad\u00e9quat et\/ou en adoptant les clauses contractuelles types pr\u00e9vues par la Commission europ\u00e9enne.<\/p>\n<p>Vos Donn\u00e9es peuvent \u00eatre communiqu\u00e9es, aux fins susmentionn\u00e9es, aux organes de contr\u00f4le, aux forces de l&#8217;ordre, aux autorit\u00e9s judiciaires ou au pouvoir judiciaire, \u00e0 leur demande expresse ou conform\u00e9ment \u00e0 la loi, dans le cadre d&#8217;enqu\u00eates et de contr\u00f4les. Elles peuvent \u00e9galement \u00eatre communiqu\u00e9es \u00e0 des tiers (par exemple, des freelances, des partenaires commerciaux, etc.), en leur qualit\u00e9 de responsables ind\u00e9pendants du traitement des donn\u00e9es ou de sous-traitants, pour l&#8217;ex\u00e9cution d&#8217;activit\u00e9s utiles aux fins susmentionn\u00e9es.<\/p>\n<p>Les donn\u00e9es \u00e0 caract\u00e8re personnel contenues dans les messages seront conserv\u00e9es pendant la dur\u00e9e n\u00e9cessaire \u00e0 l&#8217;ex\u00e9cution de la demande (informations, plaintes, etc.) ou du service.<\/p>\n<p>Si le but de la communication est de soumettre sa candidature \u00e0 d&#8217;\u00e9ventuelles activit\u00e9s de s\u00e9lection du personnel, le curriculum vitae fourni ou les donn\u00e9es saisies dans le formulaire\u201dTravaillez avec nous&#8221; seront conserv\u00e9s pendant 48 mois \u00e0 compter de leur r\u00e9ception.<\/p>\n<p>Le responsable du traitement des donn\u00e9es est I.MI.L. Plast Srl, dont le si\u00e8ge social et la direction se trouvent \u00e0 Zona Industriale &#8211; C.da Lavandaia 3, 86022 Limosano (CB).<\/p>\n<p>E-mail: <a href=\"mailto:info@imilplast.it\">info@imilplast.it<\/a><\/p>\n<p>&nbsp;<\/p>\n<p>L&#8217;utilisateur du site www.imilplast.it a le droit, \u00e0 tout moment, de: r\u00e9voquer son consentement au traitement sans pr\u00e9judice de la lic\u00e9it\u00e9 du traitement fond\u00e9 sur le consentement acquis avant la r\u00e9vocation (art. 7, \u00a7 3 GDPR); demander l&#8217;acc\u00e8s \u00e0 ses donn\u00e9es (art. 15 GDPR), leur rectification sans d\u00e9lai indu (art. 16 GDPR) ou leur effacement (art. 17 GDPR); demander la limitation du traitement (art. 18 GDPR) ou la possibilit\u00e9 de s&#8217;opposer au traitement (art. 21 GDPR) ainsi que le droit de demander la portabilit\u00e9 des donn\u00e9es (art. 20 GDPR).<\/p>\n<p>La personne concern\u00e9e a le droit d&#8217;introduire une plainte aupr\u00e8s de l&#8217;autorit\u00e9 de contr\u00f4le qui, en Italie, est le Garante per la Protezione dei Dati Personali. Il peut faire valoir ces droits et les autres droits pr\u00e9vus par le r\u00e8glement (UE) 2016\/679, par simple communication au responsable du traitement des donn\u00e9es, adress\u00e9e \u00e0 <a href=\"mailto:info@imilplast.ita\">info@imilplast.ita<\/a>.<\/p>\n<p>[\/et_pb_text][\/et_pb_column][\/et_pb_row][\/et_pb_section]<\/p>\n","protected":false},"excerpt":{"rendered":"<p>[et_pb_section fb_built=&#8221;1&#8243; _builder_version=&#8221;4.0.5&#8243;][et_pb_row _builder_version=&#8221;4.0.5&#8243;][et_pb_column type=&#8221;4_4&#8243; _builder_version=&#8221;4.0.5&#8243;][et_pb_text _builder_version=&#8221;4.0.5&#8243; hover_enabled=&#8221;0&#8243;] POLITIQUE DE CONFIDENTIALIT\u00c9 Cher utilisateur, conform\u00e9ment au R\u00e8glement g\u00e9n\u00e9ral sur la protection des donn\u00e9es \u00e0 caract\u00e8re personnel (RGPD), nous vous informons que l&#8217;envoi facultatif, explicite et volontaire de courrier \u00e9lectronique aux adresses indiqu\u00e9es sur ce site Web entra\u00eene l&#8217;acquisition ult\u00e9rieure de l&#8217;adresse de l&#8217;exp\u00e9diteur ainsi que de [&hellip;]<\/p>\n","protected":false},"author":1,"featured_media":0,"parent":0,"menu_order":0,"comment_status":"closed","ping_status":"closed","template":"","meta":{"_et_pb_use_builder":"on","_et_pb_old_content":"[et_pb_section fb_built=\"1\" _builder_version=\"4.0.5\"][et_pb_row _builder_version=\"4.0.5\"][et_pb_column type=\"4_4\" _builder_version=\"4.0.5\"][et_pb_text _builder_version=\"4.0.5\" hover_enabled=\"0\"]\n<p align=\"LEFT\">Gentile utente, ai sensi del Regolamento Generale sulla Protezione dei Dati Personali (GDPR), La informiamo che l\u2019invio facoltativo, esplicito e volontario di posta elettronica agli indirizzi indicati su questo sito comporta la successiva acquisizione dell\u2019indirizzo del mittente nonch\u00e9 degli eventuali altri dati personali inseriti nella missiva, il cui trattamento sar\u00e0 finalizzato esclusivamente a rispondere alle richieste e\/o erogare il servizio desiderato oltre che allo svolgimento delle ordinarie attivit\u00e0 di gestione e manutenzione del sito web e all\u2019adempimento di eventuali obblighi previsti dalla legge, da un regolamento o dalla normativa comunitaria. La<strong> I.MI.L. Plast Srl<\/strong>, in qualit\u00e0 di Titolare, garantisce che il loro trattamento si svolge nel rispetto dei diritti e delle libert\u00e0 fondamentali, nonch\u00e9 della dignit\u00e0 dell\u2019interessato.<\/p>\nA parte quanto specificato per i dati di navigazione nella Policy del nostro sito web<span>&nbsp;<\/span><u>www.imilplast.it<\/u><span>&nbsp;<\/span>e nella specifica Informativa sui Cookie, delle quali La invitiamo a prendere visione, il conferimento dei dati personali in oggetto ha natura facoltativa ma \u00e8 indispensabile per permettere alla nostra azienda di adempiere alle attivit\u00e0 previste in risposta al servizio o alla prestazione da Lei richiestaci (registrazione al sito web, notizie ed informazioni, candidature, segnalazioni e reclami, etc\u2026).\n\nQualora il trattamento da parte della<b><span> I.MI.L. Plast Srl<\/span><\/b><span>&nbsp;<\/span>dovesse riguardare dati di natura particolare di cui all\u2019art. 9 GDPR (dati \u201csensibili\u201d) (ad es. per inoltro di un suo Curriculum Vitae o di una sua candidatura spontanea, attraverso la compilazione dell\u2019apposito form disponibile alla pagina \u201cLavora con noi\u201d), Le verr\u00e0 richiesto un esplicito consenso.\n\nIl Titolare sar\u00e0, dunque, legittimato al trattamento dei Suoi dati personali per dare esecuzione e risposta ad un servizio da Lei richiesto, da Suo esplicito consenso nonch\u00e9 dal perseguimento di un legittimo interesse, quale, ad es., la prevenzione o la scoperta di attivit\u00e0 fraudolente o di abusi dannosi per il sito o l\u2019esercizio dei suoi diritti in sede giudiziaria.\n\nIl trattamento dei Suoi dati personali presso la<strong> I.MI.L. Plast Srl<\/strong>, effettuato con o senza l\u2019ausilio di strumenti elettronici, avverr\u00e0, per i soli fini funzionali, ad opera di soggetti interni alla<span> <strong>I.MI.L. Plast Srl<\/strong><\/span>, adeguatamente istruiti e formalmente autorizzati allo stesso (aree Information Technology, Selezione del Personale, etc...); di Responsabili esterni, fornitori di servizi di comprovata competenza ed affidabilit\u00e0, che opereranno secondo le istruzioni del Titolare e sotto il suo controllo (manutenzione hardware e software, provider sito web, etc...) nonch\u00e9 di eventuali soggetti esterni, operanti quali autonomi titolari di trattamento, che svolgono, per conto della<span> <strong>I.MI.L. Plast Srl<\/strong><\/span>, compiti di natura tecnica, organizzativa od operativa.\n\nI dati forniti verranno utilizzati solo dalla<span> <strong>I.MI.L. Plast Srl<\/strong><\/span>, non saranno ceduti a terzi, non saranno soggetti a diffusione n\u00e9 saranno trasferiti in paesi extra UE. La gestione e la conservazione dei dati personali avverr\u00e0 su server ubicati all\u2019interno dell\u2019Unione Europea. Tuttavia, ove si rendesse necessario, il Titolare avr\u00e0 facolt\u00e0 di spostare l\u2019ubicazione dei server in Italia e\/o nell\u2019Unione Europea e\/o in Paesi extra-UE. In quest\u2019ultimo caso, per assicurare un adeguato livello di protezione degli stessi, il trasferimento avverr\u00e0 in conformit\u00e0 alle disposizioni di legge applicabili stipulando, se necessario, accordi che garantiscano un livello di protezione adeguato e\/o adottando le clausole contrattuali standard previste dalla Commissione Europea.\n\nI Suoi Dati potranno essere comunicati, per le finalit\u00e0 di cui sopra, a organi di controllo, forze dell\u2019ordine, autorit\u00e0 giudiziarie o magistratura, su loro espressa richiesta o in forza di legge, nel corso di indagini e controlli. Essi potranno essere, altres\u00ec, comunicati a soggetti terzi (ad esempio, liberi professionisti, partners commerciali, etc.), in qualit\u00e0 di autonomi titolari o responsabili del trattamento, per lo svolgimento di attivit\u00e0 strumentali alle finalit\u00e0 di cui sopra.\n\nI dati personali contenuti nelle missive saranno conservati per il tempo necessario al soddisfacimento della richiesta (informazioni, reclami, etc.) o del servizio.\n<p align=\"LEFT\">Qualora la comunicazione sia finalizzata all\u2019inoltro della propria candidatura per eventuali attivit\u00e0 di selezione di personale, il Curriculum Vitae fornito o i dati inseriti nell\u2019apposito form \u201cLavora con noi\u201d, saranno conservati per 48 mesi dal ricevimento.<\/p>\n<strong>Titolare<\/strong><span>&nbsp;<\/span>del trattamento in oggetto \u00e8 la<strong><span> I.MI.L. Plast Srl<\/span><\/strong>, con sede legale e operativa in Zona Industriale - C.da Lavandaia 3, 86022 Limosano (CB)\n<p align=\"LEFT\">E-mail:<span>&nbsp;<\/span><a href=\"mailto:info@altergon.it\"><u><span color=\"#0066cc\" style=\"color: #0066cc;\">info@imilplast.it<\/span><\/u><\/a><\/p>\nL\u2019utente del sito web<span>&nbsp;<\/span><u>www.imilplast.it<\/u><span>&nbsp;<\/span>ha il diritto, in qualunque momento, di: revocare il consenso al trattamento senza pregiudizio per la liceit\u00e0 del trattamento basata sul consenso acquisito prima della revoca (art. 7, \u00a7 3 GDPR); chiedere l\u2019accesso ai propri dati (art. 15 GDPR), la rettifica degli stessi senza ingiustificato ritardo (art. 16 GDPR) o la loro cancellazione (art. 17 GDPR); chiedere la limitazione del trattamento (art. 18 GDPR) o la possibilit\u00e0 di opporsi al trattamento (art. 21 GDPR) nonch\u00e9 il diritto di richiedere la portabilit\u00e0 dei dati (art. 20 GDPR).\nAll\u2019interessato viene riconosciuto il diritto di proporre reclamo dinanzi all'Autorit\u00e0 di Controllo che, in Italia, \u00e8 il Garante per la Protezione dei Dati Personali. Egli potr\u00e0 far valere questi e gli altri diritti previsti dal Regolamento (UE) 2016\/679, tramite semplice comunicazione al Titolare, rivolta all\u2019indirizzo<span>&nbsp;<\/span><a href=\"mailto:info@altergon.it\"><u><span color=\"#0066cc\" style=\"color: #0066cc;\">info@altergon.it<\/span><\/u><\/a>\n\n[\/et_pb_text][\/et_pb_column][\/et_pb_row][\/et_pb_section]"},"_links":{"self":[{"href":"https:\/\/imilplast.it\/wp-json\/wp\/v2\/pages\/3"}],"collection":[{"href":"https:\/\/imilplast.it\/wp-json\/wp\/v2\/pages"}],"about":[{"href":"https:\/\/imilplast.it\/wp-json\/wp\/v2\/types\/page"}],"author":[{"embeddable":true,"href":"https:\/\/imilplast.it\/wp-json\/wp\/v2\/users\/1"}],"replies":[{"embeddable":true,"href":"https:\/\/imilplast.it\/wp-json\/wp\/v2\/comments?post=3"}],"version-history":[{"count":8,"href":"https:\/\/imilplast.it\/wp-json\/wp\/v2\/pages\/3\/revisions"}],"predecessor-version":[{"id":766,"href":"https:\/\/imilplast.it\/wp-json\/wp\/v2\/pages\/3\/revisions\/766"}],"wp:attachment":[{"href":"https:\/\/imilplast.it\/wp-json\/wp\/v2\/media?parent=3"}],"curies":[{"name":"wp","href":"https:\/\/api.w.org\/{rel}","templated":true}]}}