{"id":196,"date":"2020-02-11T12:45:55","date_gmt":"2020-02-11T11:45:55","guid":{"rendered":"https:\/\/imilplast.it\/?page_id=196"},"modified":"2020-07-16T17:14:52","modified_gmt":"2020-07-16T15:14:52","slug":"cookie-policy","status":"publish","type":"page","link":"https:\/\/imilplast.it\/cookie-policy\/","title":{"rendered":"Politique en mati\u00e8re de cookies"},"content":{"rendered":"<p>[et_pb_section fb_built=&#8221;1&#8243; _builder_version=&#8221;4.0.5&#8243;][et_pb_row _builder_version=&#8221;4.0.5&#8243;][et_pb_column type=&#8221;4_4&#8243; _builder_version=&#8221;4.0.5&#8243;][et_pb_text _builder_version=&#8221;4.0.5&#8243;]<\/p>\n<h1>POLITIQUE EN MATI\u00c8RE DE COOKIES<\/h1>\n<p>&nbsp;<\/p>\n<p>Cette information est fournie conform\u00e9ment \u00e0 l&#8217;art. 13 du r\u00e8glement (UE) 679\/2016 (&#8220;GDPR&#8221;), \u00e0 ceux qui acc\u00e8dent et naviguent sur le site www.imilplast.it afin d&#8217;informer l&#8217;utilisateur des types de cookies utilis\u00e9s par le site ainsi que de la mani\u00e8re de les supprimer et de les d\u00e9sactiver.<\/p>\n<p>Le responsable du traitement des donn\u00e9es est I.MI.L. Plast Srl, dont le si\u00e8ge social et op\u00e9rationnel se trouve \u00e0 Zona Industriale &#8211; C.da Lavandaia 3, 86022 Limosano (CB) et dont le num\u00e9ro de TVA est 01367690433.<\/p>\n<p>Un\u201d cookie\u201d est un fichier texte qui peut \u00eatre stock\u00e9 dans un espace d\u00e9di\u00e9 sur le disque dur du dispositif utilis\u00e9 par l&#8217;utilisateur (par exemple, ordinateur, tablette, smartphone, etc.) au moment o\u00f9 l&#8217;utilisateur visite le site par le biais du navigateur choisi et peut \u00eatre soumis au consentement de l&#8217;utilisateur, sauf s&#8217;il s&#8217;agit de cookies techniques. Le cookie permet d&#8217;identifier le dispositif o\u00f9 le cookie est stock\u00e9 pendant toute la dur\u00e9e de validit\u00e9 ou d&#8217;enregistrement du cookie.<\/p>\n<p>Les cookies peuvent \u00eatre utilis\u00e9s pour faciliter l&#8217;utilisation du site et mieux l&#8217;adapter \u00e0 vos int\u00e9r\u00eats et \u00e0 vos besoins. Les cookies peuvent \u00e9galement \u00eatre utilis\u00e9s pour acc\u00e9l\u00e9rer vos exp\u00e9riences et activit\u00e9s futures sur notre site afin de vous fournir un acc\u00e8s riche et personnalis\u00e9 aux services essentiels, ainsi que d&#8217;autres services susceptibles d&#8217;am\u00e9liorer votre visite. Nous utilisons \u00e9galement des cookies pour compiler des statistiques globales anonymes afin de nous aider \u00e0 comprendre comment les gens utilisent notre site et d&#8217;am\u00e9liorer la conception et le contenu de notre site. Nous esp\u00e9rons que cela vous permettra d&#8217;avoir une confiance maximale dans nos services.<\/p>\n<p>Toutefois, vous pouvez modifier vos param\u00e8tres de cookies \u00e0 tout moment. Vous trouverez ci-dessous de plus amples informations sur les cookies et sur la mani\u00e8re de g\u00e9rer vos param\u00e8tres de cookies.<\/p>\n<h2>QUELS TYPES DE COOKIES UTILISONS-NOUS?<\/h2>\n<p>&nbsp;<\/p>\n<p>COOKIES TECHNIQUES<\/p>\n<p>Ces cookies sont essentiels au bon fonctionnement du site et permettent aux personnes de naviguer sur notre site web et de profiter de ses fonctionnalit\u00e9s. Par exemple, le stockage des actions pr\u00e9c\u00e9dentes (textes saisis) lorsque vous revenez sur une page au cours de la m\u00eame session. Ces cookies ne permettent pas de vous identifier en tant qu&#8217;individu. Si vous n&#8217;acceptez pas ces cookies, les performances du site web, ou de certaines de ses sections, peuvent \u00eatre affect\u00e9es. Pour les cookies techniques, conform\u00e9ment \u00e0 la Disposition du Garant du 8 mai 2014, aucun consentement n&#8217;est requis de la part de la personne concern\u00e9e.<\/p>\n<h2>LES COOKIES ANALYTIQUES<\/h2>\n<p>Les cookies de cette cat\u00e9gorie sont utilis\u00e9s pour enregistrer des informations sur l&#8217;utilisation du site. Nous utilisons ces informations dans le cadre d&#8217;une analyse statistique globale afin d&#8217;am\u00e9liorer l&#8217;utilisation du site et de rendre son contenu plus int\u00e9ressant et plus adapt\u00e9 aux souhaits des utilisateurs. Ce type de cookie recueille des donn\u00e9es sous une forme anonyme sur l&#8217;activit\u00e9 des utilisateurs et la mani\u00e8re dont ils sont arriv\u00e9s sur le site. Les cookies analytiques sont envoy\u00e9s par le site lui-m\u00eame ou par des domaines tiers.<\/p>\n<p>&nbsp;<\/p>\n<p>Le site utilise Google Analytics \u00e0 des fins statistiques uniquement. Il s&#8217;agit d&#8217;un service d&#8217;analyse du Web fourni par Google Inc. (&#8220;Google&#8221;) qui utilise des cookies, lesquels sont stock\u00e9s sur l&#8217;ordinateur de l&#8217;utilisateur pour permettre une analyse statistique sous forme agr\u00e9g\u00e9e concernant l&#8217;utilisation du site Web visit\u00e9; il convient \u00e9galement de noter qu&#8217;en plus des cookies, Google utilise \u00e9galement un pixel tag http:\/\/www.google.it\/intl\/it\/policies\/privacy\/key-terms\/. Les donn\u00e9es g\u00e9n\u00e9r\u00e9es par Google Analytics sont stock\u00e9es par Google pour la dur\u00e9e et de la mani\u00e8re indiqu\u00e9es dans les informations disponibles ici https:\/\/developers.google.com\/analytics\/devguides\/collection\/analyticsjs\/cookie-usage. Pour consulter la politique de confidentialit\u00e9 de la soci\u00e9t\u00e9 Google Inc, le propri\u00e9taire ind\u00e9pendant du traitement des donn\u00e9es pour le service Google Analytics, veuillez vous r\u00e9f\u00e9rer au site http:\/\/www.google.com\/intl\/en\/analytics\/privacyoverview.html. Le service Google Analytics, utilis\u00e9 par ce site \u00e0 des fins purement statistiques, est activ\u00e9 d\u00e8s l&#8217;atterrissage et aucun consentement n&#8217;est requis de la part de l&#8217;utilisateur pour la lib\u00e9ration des cookies correspondants: toutefois, le module compl\u00e9mentaire de navigateur permettant de d\u00e9sactiver Google Analytics peut \u00eatre trouv\u00e9 au lien suivant https:\/\/tools.google.com\/dlpage\/gaoptout?hl=it.<\/p>\n<h2>M\u00c9THODES DE TRAITEMENT<\/h2>\n<p>Le traitement est effectu\u00e9 \u00e0 l&#8217;aide d&#8217;outils automatis\u00e9s par le Propri\u00e9taire, par ses D\u00e9l\u00e9gu\u00e9s \u00e0 la Confidentialit\u00e9 et ses Administrateurs internes, ad\u00e9quatement form\u00e9s et formellement d\u00e9sign\u00e9s, ainsi que par des gestionnaires externes, des prestataires de services \u00e9valu\u00e9s et choisis par I.MI.L. Plast Srl pour leur fiabilit\u00e9 et leur comp\u00e9tence prouv\u00e9es. Aucune diffusion ou communication n&#8217;est faite.<\/p>\n<h2>ATTRIBUTION DES DONN\u00c9ES<\/h2>\n<p>A l&#8217;exception des cookies techniques strictement n\u00e9cessaires \u00e0 une navigation normale, l&#8217;attribution des donn\u00e9es est laiss\u00e9e \u00e0 la volont\u00e9 de l&#8217;int\u00e9ress\u00e9 qui d\u00e9cide de naviguer sur le Site apr\u00e8s avoir pris connaissance de la pr\u00e9sente notice d&#8217;information. La partie int\u00e9ress\u00e9e peut donc \u00e9viter l&#8217;installation de cookies analytiques en suivant les instructions ci-dessous.<\/p>\n<h2>COMMENT PUIS-JE CONTR\u00d4LER OU SUPPRIMER LES COOKIES?<\/h2>\n<p>Vous pouvez refuser tout type de cookie et vous pourrez toujours naviguer sur notre site. Vous devez savoir que la poursuite de la navigation en acc\u00e9dant \u00e0 une autre zone du site ou en s\u00e9lectionnant un \u00e9l\u00e9ment du site (par exemple une image ou un lien) implique l&#8217;acceptation de l&#8217;utilisation des cookies.<\/p>\n<p>&nbsp;<\/p>\n<p>La plupart des navigateurs internet sont initialement configur\u00e9s pour accepter automatiquement les cookies. Vous pouvez modifier ces param\u00e8tres afin de bloquer les cookies ou d&#8217;\u00eatre inform\u00e9 que des cookies sont envoy\u00e9s \u00e0 votre appareil. Il existe plusieurs fa\u00e7ons de g\u00e9rer les cookies. Veuillez consulter le manuel d&#8217;utilisation ou l&#8217;\u00e9cran d&#8217;aide de votre navigateur pour savoir comment ajuster ou modifier les param\u00e8tres de votre navigateur. Si vous d\u00e9sactivez les cookies que nous utilisons, cela peut affecter votre exp\u00e9rience sur notre Site: par exemple, vous ne pourrez peut-\u00eatre pas visiter certaines sections ou vous ne recevrez pas d&#8217;informations personnalis\u00e9es lorsque vous visiterez le Site. Si vous utilisez diff\u00e9rents appareils pour consulter et acc\u00e9der aux Sites Internet (par exemple, ordinateurs, smartphones, tablettes, etc.), vous devez vous assurer que chaque navigateur, sur chaque appareil, est ajust\u00e9 pour refl\u00e9ter vos pr\u00e9f\u00e9rences en mati\u00e8re de cookies.<\/p>\n<h2>CHOIX DISPONIBLES VIA LE NAVIGATEUR<\/h2>\n<p>Vous pouvez configurer votre navigateur pour autoriser le stockage des cookies sur votre appareil, pour les rejeter automatiquement ou pour rejeter certains cookies. Vous pouvez \u00e9galement configurer votre navigateur pour qu&#8217;il affiche une demande d&#8217;acceptation ou de rejet des cookies avant que le cookie ne soit install\u00e9. Pour plus d&#8217;informations, voir la section c)\u201dComment exercer des choix dans votre navigateur&#8221;.<\/p>\n<h2>(A) L&#8217;ACCEPTATION DES COOKIES<\/h2>\n<p>L&#8217;utilisateur peut d\u00e9cider d&#8217;accepter ou non l&#8217;installation de cookies sur son appareil. L&#8217;utilisateur est libre de faire son choix et de le modifier \u00e0 tout moment par le biais des param\u00e8tres du navigateur utilis\u00e9 sur l&#8217;appareil. Si le navigateur est configur\u00e9 pour accepter l&#8217;installation de cookies sur le dispositif de l&#8217;utilisateur, les cookies utilis\u00e9s par les pages web visit\u00e9es seront temporairement stock\u00e9s dans un espace d\u00e9di\u00e9 sur le dispositif de l&#8217;utilisateur. Ils ne seront lisibles que par la personne qui installe le cookie.<\/p>\n<h2>(B) REFUS DES COOKIES<\/h2>\n<p>Dans le cas o\u00f9 l&#8217;utilisateur choisit de refuser l&#8217;installation de cookies sur son appareil, ou en cas de suppression des cookies d\u00e9j\u00e0 stock\u00e9s, il ne sera pas possible d&#8217;utiliser les fonctionnalit\u00e9s n\u00e9cessaires pour naviguer dans certaines sections du Site. C&#8217;est le cas, par exemple, de certains contenus ou services qui n\u00e9cessitent de se connecter pour y acc\u00e9der. En outre, en ce qui concerne la compatibilit\u00e9 technique, il peut ne pas \u00eatre possible de reconna\u00eetre le type de navigateur utilis\u00e9 par l&#8217;utilisateur sur son appareil, la langue par d\u00e9faut ou le pays \u00e0 partir duquel le terminal est connect\u00e9. Si votre navigateur est configur\u00e9 pour refuser l&#8217;installation de cookies sur votre appareil, nous n&#8217;acceptons aucune responsabilit\u00e9 pour la fonctionnalit\u00e9 r\u00e9duite des services r\u00e9sultant de votre incapacit\u00e9 \u00e0 autoriser le stockage et l&#8217;affichage des informations n\u00e9cessaires au fonctionnement complet du Site et des services.<\/p>\n<h2>(C) COMMENT EXERCER DES CHOIX DANS LE NAVIGATEUR<\/h2>\n<p>Chaque navigateur offre diff\u00e9rentes mani\u00e8res de g\u00e9rer les cookies et leurs param\u00e8tres. La configuration du navigateur est d\u00e9crite dans le menu\u201dAide&#8221; de la barre d&#8217;outils situ\u00e9e dans la plupart des navigateurs, o\u00f9 des informations sont fournies sur la mani\u00e8re de modifier les param\u00e8tres des cookies.<\/p>\n<p align=\"LEFT\">Pour Internet Explorer\u2122: <a href=\"http:\/\/windows.microsoft.com\/it-IT\/windows-vista\/Block-or-allow-cookies\">http:\/\/windows.microsoft.com\/it-IT\/windows-vista\/Block-or-allow-cookies<\/a>,<br \/>\nPour Safari\u2122: <a href=\"http:\/\/docs.info.apple.com\/article.html?path=Safari\/3.0\/it\/9277.html\">http:\/\/docs.info.apple.com\/article.html?path=Safari\/3.0\/it\/9277.html<\/a>,<br \/>\nPour Chrome\u2122: <a href=\"http:\/\/support.google.com\/chrome\/bin\/answer.py?hl=it&amp;hlrm=en&amp;answer=95647\">http:\/\/support.google.com\/chrome\/bin\/answer.py?hl=it&amp;hlrm=en&amp;answer=95647<\/a>,<br \/>\nPour Firefox\u2122: <a href=\"https:\/\/support.mozilla.org\/it\/kb\/Attivare%20e%20disattivare%20i%20cookie\">https:\/\/support.mozilla.org\/it\/kb\/Attivare%20e%20disattivare%20i%20cookie<\/a>,<br \/>\nPour Opera\u2122: <a href=\"http:\/\/help.opera.com\/Windows\/10.20\/it\/cookies.html\">http:\/\/help.opera.com\/Windows\/10.20\/it\/cookies.html<\/a><\/p>\n<h2>DROITS DE LA PERSONNE CONCERN\u00c9E<\/h2>\n<p>Le r\u00e8glement (UE) 2016\/679 accorde \u00e0 la personne concern\u00e9e le droit, \u00e0 tout moment, de: r\u00e9voquer le consentement au traitement (art. 7, 3 GDPR); demander l&#8217;acc\u00e8s \u00e0 ses donn\u00e9es (art. 15 GDPR), la rectification de celles-ci sans retard excessif (art. 16 GDPR) ou leur effacement (art. 17 GDPR); demander la limitation du traitement (art. 18 GDPR) ou la possibilit\u00e9 de s&#8217;opposer au traitement (art. 21 GDPR) ainsi que de demander la portabilit\u00e9 des donn\u00e9es (art. 20 GDPR). L&#8217;int\u00e9ress\u00e9 peut faire valoir ces droits et les autres droits pr\u00e9vus par le r\u00e8glement (UE) 679\/2016, par simple communication au Titulaire, I.MI.L. Plast Srl, dont le si\u00e8ge social et op\u00e9rationnel se trouve \u00e0 Zona Industriale &#8211; C.da Lavandaia 3, 86022 Limosano (CB) &#8211; E-mail: info@imilplast.it.<\/p>\n<p>[\/et_pb_text][\/et_pb_column][\/et_pb_row][\/et_pb_section]<\/p>\n","protected":false},"excerpt":{"rendered":"<p>[et_pb_section fb_built=&#8221;1&#8243; _builder_version=&#8221;4.0.5&#8243;][et_pb_row _builder_version=&#8221;4.0.5&#8243;][et_pb_column type=&#8221;4_4&#8243; _builder_version=&#8221;4.0.5&#8243;][et_pb_text _builder_version=&#8221;4.0.5&#8243;] POLITIQUE EN MATI\u00c8RE DE COOKIES &nbsp; Cette information est fournie conform\u00e9ment \u00e0 l&#8217;art. 13 du r\u00e8glement (UE) 679\/2016 (&#8220;GDPR&#8221;), \u00e0 ceux qui acc\u00e8dent et naviguent sur le site www.imilplast.it afin d&#8217;informer l&#8217;utilisateur des types de cookies utilis\u00e9s par le site ainsi que de la mani\u00e8re de les supprimer [&hellip;]<\/p>\n","protected":false},"author":1,"featured_media":0,"parent":0,"menu_order":0,"comment_status":"closed","ping_status":"closed","template":"","meta":{"_et_pb_use_builder":"on","_et_pb_old_content":"<!-- wp:heading -->\n<h2>Chi siamo<\/h2>\n<!-- \/wp:heading -->\n\n<!-- wp:paragraph -->\n<p>L'indirizzo del nostro sito web \u00e8: https:\/\/imilplast.it.<\/p>\n<!-- \/wp:paragraph -->\n\n<!-- wp:heading -->\n<h2>Quali dati personali raccogliamo e perch\u00e9 li raccogliamo<\/h2>\n<!-- \/wp:heading -->\n\n<!-- wp:heading {\"level\":3} -->\n<h3>Commenti<\/h3>\n<!-- \/wp:heading -->\n\n<!-- wp:paragraph -->\n<p>Quando i visitatori lasciano commenti sul sito, raccogliamo i dati mostrati nel modulo dei commenti oltre all'indirizzo IP del visitatore e la stringa dello user agent del browser per facilitare il rilevamento dello spam.<\/p>\n<!-- \/wp:paragraph -->\n\n<!-- wp:paragraph -->\n<p>Una stringa anonimizzata creata a partire dal tuo indirizzo email (altrimenti detta hash) pu\u00f2 essere fornita al servizio Gravatar per vedere se lo stai usando. La privacy policy del servizio Gravatar \u00e8 disponibile qui: https:\/\/automattic.com\/privacy\/. Dopo l'approvazione del tuo commento, la tua immagine del profilo \u00e8 visibile al pubblico nel contesto del tuo commento.<\/p>\n<!-- \/wp:paragraph -->\n\n<!-- wp:heading {\"level\":3} -->\n<h3>Media<\/h3>\n<!-- \/wp:heading -->\n\n<!-- wp:paragraph -->\n<p>Se carichi immagini sul sito web, dovresti evitare di caricare immagini che includono i dati di posizione incorporati (EXIF GPS). I visitatori del sito web possono scaricare ed estrarre qualsiasi dato sulla posizione dalle immagini sul sito web.<\/p>\n<!-- \/wp:paragraph -->\n\n<!-- wp:heading {\"level\":3} -->\n<h3>Modulo di contatto<\/h3>\n<!-- \/wp:heading -->\n\n<!-- wp:heading {\"level\":3} -->\n<h3>Cookie<\/h3>\n<!-- \/wp:heading -->\n\n<!-- wp:paragraph -->\n<p>Se lasci un commento sul nostro sito, puoi scegliere di salvare il tuo nome, indirizzo email e sito web nei cookie. Sono usati per la tua comodit\u00e0 in modo che tu non debba inserire nuovamente i tuoi dati quando lasci un altro commento. Questi cookie dureranno per un anno.<\/p>\n<!-- \/wp:paragraph -->\n\n<!-- wp:paragraph -->\n<p>Se visiti la pagina di login, verr\u00e0 impostato un cookie temporaneo per determinare se il tuo browser accetta i cookie. Questo cookie non contiene dati personali e viene eliminato quando chiudi il browser.<\/p>\n<!-- \/wp:paragraph -->\n\n<!-- wp:paragraph -->\n<p>Quando effettui l'accesso, verranno impostati diversi cookie per salvare le tue informazioni di accesso e le tue opzioni di visualizzazione dello schermo. I cookie di accesso durano due giorni mentre i cookie per le opzioni dello schermo durano un anno. Se selezioni \"Ricordami\", il tuo accesso persister\u00e0 per due settimane. Se esci dal tuo account, i cookie di accesso verranno rimossi.<\/p>\n<!-- \/wp:paragraph -->\n\n<!-- wp:paragraph -->\n<p>Se modifichi o pubblichi un articolo, un cookie aggiuntivo verr\u00e0 salvato nel tuo browser. Questo cookie non include dati personali, ma indica semplicemente l'ID dell'articolo appena modificato. Scade dopo 1 giorno.<\/p>\n<!-- \/wp:paragraph -->\n\n<!-- wp:heading {\"level\":3} -->\n<h3>Contenuto incorporato da altri siti web<\/h3>\n<!-- \/wp:heading -->\n\n<!-- wp:paragraph -->\n<p>Gli articoli su questo sito possono includere contenuti incorporati (ad esempio video, immagini, articoli, ecc.). I contenuti incorporati da altri siti web si comportano esattamente allo stesso modo come se il visitatore avesse visitato l'altro sito web.<\/p>\n<!-- \/wp:paragraph -->\n\n<!-- wp:paragraph -->\n<p>Questi siti web possono raccogliere dati su di te, usare cookie, integrare ulteriori tracciamenti di terze parti e monitorare l'interazione con essi, incluso il tracciamento della tua interazione con il contenuto incorporato se hai un account e sei connesso a quei siti web.<\/p>\n<!-- \/wp:paragraph -->\n\n<!-- wp:heading {\"level\":3} -->\n<h3>Analytics<\/h3>\n<!-- \/wp:heading -->\n\n<!-- wp:heading -->\n<h2>Con chi condividiamo i tuoi dati<\/h2>\n<!-- \/wp:heading -->\n\n<!-- wp:heading -->\n<h2>Per quanto tempo conserviamo i tuoi dati<\/h2>\n<!-- \/wp:heading -->\n\n<!-- wp:paragraph -->\n<p>Se lasci un commento, il commento e i relativi metadati vengono conservati a tempo indeterminato. \u00c8 cos\u00ec che possiamo riconoscere e approvare automaticamente eventuali commenti successivi invece di tenerli in una coda di moderazione.<\/p>\n<!-- \/wp:paragraph -->\n\n<!-- wp:paragraph -->\n<p>Per gli utenti che si registrano sul nostro sito web (se presenti), memorizziamo anche le informazioni personali che forniscono nel loro profilo utente. Tutti gli utenti possono vedere, modificare o cancellare le loro informazioni personali in qualsiasi momento (eccetto il loro nome utente che non possono cambiare). Gli amministratori del sito web possono anche vedere e modificare queste informazioni.<\/p>\n<!-- \/wp:paragraph -->\n\n<!-- wp:heading -->\n<h2>Quali diritti hai sui tuoi dati<\/h2>\n<!-- \/wp:heading -->\n\n<!-- wp:paragraph -->\n<p>Se hai un account su questo sito, o hai lasciato commenti, puoi richiedere di ricevere un file esportato dal sito con i dati personali che abbiamo su di te, compresi i dati che ci hai fornito. Puoi anche richiedere che cancelliamo tutti i dati personali che ti riguardano. Questo non include i dati che siamo obbligati a conservare per scopi amministrativi, legali o di sicurezza.<\/p>\n<!-- \/wp:paragraph -->\n\n<!-- wp:heading -->\n<h2>Dove spediamo i tuoi dati<\/h2>\n<!-- \/wp:heading -->\n\n<!-- wp:paragraph -->\n<p>I commenti dei visitatori possono essere controllati attraverso un servizio di rilevamento automatico dello spam.<\/p>\n<!-- \/wp:paragraph -->\n\n<!-- wp:heading -->\n<h2>Le tue informazioni di contatto<\/h2>\n<!-- \/wp:heading -->\n\n<!-- wp:heading -->\n<h2>Informazioni aggiuntive<\/h2>\n<!-- \/wp:heading -->\n\n<!-- wp:heading {\"level\":3} -->\n<h3>Come proteggiamo i tuoi dati<\/h3>\n<!-- \/wp:heading -->\n\n<!-- wp:heading {\"level\":3} -->\n<h3>Quali procedure abbiamo predisposto per prevenire la violazione dei dati<\/h3>\n<!-- \/wp:heading -->\n\n<!-- wp:heading {\"level\":3} -->\n<h3>Da quali terze parti riceviamo dati<\/h3>\n<!-- \/wp:heading -->\n\n<!-- wp:heading {\"level\":3} -->\n<h3>Quale processo decisionale automatizzato e\/o profilazione facciamo con i dati dell'utente<\/h3>\n<!-- \/wp:heading -->\n\n<!-- wp:heading {\"level\":3} -->\n<h3>Requisiti di informativa normativa del settore<\/h3>\n<!-- \/wp:heading -->"},"_links":{"self":[{"href":"https:\/\/imilplast.it\/wp-json\/wp\/v2\/pages\/196"}],"collection":[{"href":"https:\/\/imilplast.it\/wp-json\/wp\/v2\/pages"}],"about":[{"href":"https:\/\/imilplast.it\/wp-json\/wp\/v2\/types\/page"}],"author":[{"embeddable":true,"href":"https:\/\/imilplast.it\/wp-json\/wp\/v2\/users\/1"}],"replies":[{"embeddable":true,"href":"https:\/\/imilplast.it\/wp-json\/wp\/v2\/comments?post=196"}],"version-history":[{"count":5,"href":"https:\/\/imilplast.it\/wp-json\/wp\/v2\/pages\/196\/revisions"}],"predecessor-version":[{"id":769,"href":"https:\/\/imilplast.it\/wp-json\/wp\/v2\/pages\/196\/revisions\/769"}],"wp:attachment":[{"href":"https:\/\/imilplast.it\/wp-json\/wp\/v2\/media?parent=196"}],"curies":[{"name":"wp","href":"https:\/\/api.w.org\/{rel}","templated":true}]}}