{"id":133,"date":"2020-02-07T15:48:42","date_gmt":"2020-02-07T14:48:42","guid":{"rendered":"https:\/\/imilplast.it\/?page_id=133"},"modified":"2021-11-29T14:43:13","modified_gmt":"2021-11-29T13:43:13","slug":"progettazione-e-prototipazione","status":"publish","type":"page","link":"https:\/\/imilplast.it\/progettazione-e-prototipazione\/","title":{"rendered":"Conception Et Prototypage"},"content":{"rendered":"<p>[et_pb_section fb_built=&#8221;1&#8243; custom_padding_last_edited=&#8221;on|phone&#8221; disabled_on=&#8221;off|off|off&#8221; admin_label=&#8221;Header Section&#8221; _builder_version=&#8221;4.0.5&#8243; background_image=&#8221;https:\/\/imilplast.it\/wp-content\/uploads\/2020\/02\/photo-blu-02..jpg&#8221; background_enable_video_mp4=&#8221;off&#8221; custom_margin=&#8221;|||&#8221; custom_padding=&#8221;28vh||2vh||false|false&#8221; custom_padding_tablet=&#8221;12vh||12vh||true|false&#8221; custom_padding_phone=&#8221;1vh||1vh||true|false&#8221; bottom_divider_color=&#8221;rgba(5,41,66,0.3)&#8221; bottom_divider_height=&#8221;20vw&#8221; animation_direction=&#8221;top&#8221; locked=&#8221;off&#8221; custom_css_main_element_last_edited=&#8221;on|tablet&#8221; custom_css_main_element_tablet=&#8221;&#8221; custom_css_main_element_phone=&#8221;&#8221;][et_pb_row disabled_on=&#8221;off|off|off&#8221; module_class=&#8221; et_pb_row_fullwidth&#8221; _builder_version=&#8221;3.25&#8243; max_width=&#8221;720px&#8221; max_width_tablet=&#8221;&#8221; max_width_phone=&#8221;&#8221; max_width_last_edited=&#8221;on|desktop&#8221; make_fullwidth=&#8221;on&#8221; locked=&#8221;off&#8221;][et_pb_column type=&#8221;4_4&#8243; _builder_version=&#8221;3.25&#8243; custom_padding=&#8221;|||&#8221; custom_padding__hover=&#8221;|||&#8221;][et_pb_text disabled_on=&#8221;off|off|off&#8221; _builder_version=&#8221;4.0.5&#8243; text_font=&#8221;|300|||||||&#8221; text_text_color=&#8221;#ffffff&#8221; text_font_size=&#8221;18px&#8221; header_2_text_color=&#8221;#ffffff&#8221; header_2_font_size=&#8221;45px&#8221; text_font_size_tablet=&#8221;15px&#8221; text_font_size_phone=&#8221;14px&#8221; text_font_size_last_edited=&#8221;on|desktop&#8221; header_2_font_size_tablet=&#8221;30px&#8221; header_2_font_size_phone=&#8221;25px&#8221; header_2_font_size_last_edited=&#8221;on|phone&#8221;]<\/p>\n<h2 style=\"text-align: center;\">NOUS OPTIMISONS LES PROCESSUS DE PRODUCTION<\/h2>\n<p style=\"text-align: center;\"><span style=\"font-family: Roboto, Helvetica, Arial, Lucida, sans-serif; font-size: 22px; font-weight: 300;\">\u00c9tude de faisabilit\u00e9, prototype et analyse pr\u00e9ventive des co\u00fbts, pour un projet pr\u00e9cis et ponctuel.<\/span><\/p>\n<p>[\/et_pb_text][\/et_pb_column][\/et_pb_row][\/et_pb_section][et_pb_section fb_built=&#8221;1&#8243; custom_padding_last_edited=&#8221;on|phone&#8221; _builder_version=&#8221;4.0.5&#8243; background_color=&#8221;#ffffff&#8221; custom_padding=&#8221;80px|0px|80px|0px|true|&#8221; custom_padding_tablet=&#8221;20px||20px||true|false&#8221; custom_padding_phone=&#8221;&#8221;][et_pb_row column_structure=&#8221;1_2,1_2&#8243; _builder_version=&#8221;4.0.5&#8243;][et_pb_column type=&#8221;1_2&#8243; _builder_version=&#8221;4.0.5&#8243;][et_pb_text _builder_version=&#8221;4.0.5&#8243; text_font=&#8221;|300|||||||&#8221; text_font_size=&#8221;18px&#8221; text_line_height=&#8221;1.8em&#8221; text_orientation=&#8221;center&#8221;]<\/p>\n<p style=\"text-align: left;\">Gr\u00e2ce \u00e0 notre large \u00e9ventail de technologies et \u00e0 l&#8217;exp\u00e9rience que nous avons acquise au fil du temps, nous sommes en mesure de r\u00e9aliser des prototypes, en offrant \u00e0 nos clients des conseils au stade de la conception, des capacit\u00e9s techniques et de production, une rapidit\u00e9 de mise en \u0153uvre et la confidentialit\u00e9..<\/p>\n<p>[\/et_pb_text][\/et_pb_column][et_pb_column type=&#8221;1_2&#8243; _builder_version=&#8221;4.0.5&#8243;][et_pb_text _builder_version=&#8221;4.0.5&#8243; text_font=&#8221;|300|||||||&#8221; text_font_size=&#8221;18px&#8221; text_line_height=&#8221;1.8em&#8221; text_orientation=&#8221;center&#8221;]<\/p>\n<p style=\"text-align: left;\"><strong>Nous vous assistons de la conception au prototypage jusqu&#8217;\u00e0 la production du moule,<\/strong> nous sommes en mesure de d\u00e9velopper, avec le savoir-faire et le s\u00e9rieux qui nous ont toujours distingu\u00e9s, les meilleures solutions \u00e0 utiliser pour la r\u00e9alisation de moules ou de mod\u00e8les, <strong>en garantissant une efficacit\u00e9 maximale avec des co\u00fbts optimis\u00e9s et des b\u00e9n\u00e9fices certains.<\/strong><\/p>\n<p>[\/et_pb_text][\/et_pb_column][\/et_pb_row][\/et_pb_section][et_pb_section fb_built=&#8221;1&#8243; custom_padding_last_edited=&#8221;on|tablet&#8221; _builder_version=&#8221;4.0.5&#8243; background_color=&#8221;#f2f2f2&#8243; background_enable_image=&#8221;off&#8221; parallax=&#8221;on&#8221; custom_padding=&#8221;80px|0px|80px|0px|false|&#8221; custom_padding_tablet=&#8221;40px||40px||true|false&#8221; custom_padding_phone=&#8221;&#8221;][et_pb_row _builder_version=&#8221;4.0.5&#8243; hover_enabled=&#8221;0&#8243; custom_padding=&#8221;||3px|||&#8221;][et_pb_column type=&#8221;4_4&#8243; _builder_version=&#8221;4.0.5&#8243;][et_pb_text _builder_version=&#8221;4.0.5&#8243; text_font=&#8221;|300|||||||&#8221; text_font_size=&#8221;18px&#8221; text_line_height=&#8221;1.8em&#8221; width=&#8221;100%&#8221; custom_margin=&#8221;|-93px|20px||false|false&#8221; hover_enabled=&#8221;0&#8243; border_width_bottom=&#8221;1px&#8221; border_color_bottom=&#8221;#064870&#8243; custom_padding=&#8221;||20px||false|false&#8221; border_style_all=&#8221;dashed&#8221;]<\/p>\n<h2 style=\"text-align: center;\"><strong>CONCEPTION<\/strong><\/h2>\n<p>[\/et_pb_text][\/et_pb_column][\/et_pb_row][et_pb_row column_structure=&#8221;1_2,1_2&#8243; _builder_version=&#8221;4.0.5&#8243; hover_enabled=&#8221;0&#8243; custom_padding=&#8221;10px||||false|false&#8221;][et_pb_column type=&#8221;1_2&#8243; _builder_version=&#8221;4.0.5&#8243;][et_pb_text _builder_version=&#8221;4.0.5&#8243; text_font=&#8221;|300|||||||&#8221; text_font_size=&#8221;18px&#8221; text_line_height=&#8221;1.8em&#8221; width=&#8221;100%&#8221; custom_margin=&#8221;0px|-93px|||false|false&#8221; hover_enabled=&#8221;0&#8243;]<strong>La conception est le point de d\u00e9part de la r\u00e9alisation des moules<\/strong>, au cours de laquelle tous les param\u00e8tres du produit et du processus de production sont d\u00e9finis.<\/p>\n<p>Gr\u00e2ce \u00e0 une mise \u00e0 jour technologique continue, <strong>nous sommes en mesure d&#8217;offrir \u00e0 nos clients un service professionnel de co-conception et d&#8217;ing\u00e9nierie des produits \u00e0 fabriquer<\/strong>, en proposant toujours la solution technique id\u00e9ale pour chaque demande.<br \/>\n[\/et_pb_text][\/et_pb_column][et_pb_column type=&#8221;1_2&#8243; _builder_version=&#8221;4.0.5&#8243;][et_pb_text _builder_version=&#8221;4.0.5&#8243; text_font=&#8221;|300|||||||&#8221; text_font_size=&#8221;18px&#8221; text_line_height=&#8221;1.8em&#8221; width=&#8221;100%&#8221; custom_margin=&#8221;0px|-93px|||false|false&#8221; hover_enabled=&#8221;0&#8243;]<\/p>\n<p><span style=\"font-size: 18px;\">Nous sommes \u00e9galement en mesure d&#8217;offrir un service de r\u00e9tro-ing\u00e9nierie, pour cr\u00e9er un projet ou un dessin math\u00e9matique \u00e0 partir d&#8217;un mod\u00e8le ou d&#8217;un \u00e9l\u00e9ment existant.<\/p>\n<p><span style=\"font-size: 18px;\"><\/span><\/p>\n<p>[\/et_pb_text][\/et_pb_column][\/et_pb_row][et_pb_row _builder_version=&#8221;4.0.5&#8243;][et_pb_column type=&#8221;4_4&#8243; _builder_version=&#8221;4.0.5&#8243;][wdcl_image_carousel slide_count=&#8221;4&#8243; _builder_version=&#8221;4.0.5&#8243; background_enable_image=&#8221;off&#8221;][wdcl_image_carousel_child photo=&#8221;https:\/\/imilplast.it\/wp-content\/uploads\/2021\/11\/progettazione-carousel-05.jpg&#8221; _builder_version=&#8221;4.0.5&#8243; border_radii_item=&#8221;on|9px|9px|9px|9px&#8221;][\/wdcl_image_carousel_child][wdcl_image_carousel_child photo=&#8221;https:\/\/imilplast.it\/wp-content\/uploads\/2021\/11\/progettazione-carousel-04.jpg&#8221; _builder_version=&#8221;4.0.5&#8243; border_radii_item=&#8221;on|10px|10px|10px|10px&#8221;][\/wdcl_image_carousel_child][wdcl_image_carousel_child photo=&#8221;https:\/\/imilplast.it\/wp-content\/uploads\/2021\/11\/progettazione-carousel-03.jpg&#8221; _builder_version=&#8221;4.0.5&#8243; border_radii_item=&#8221;on|10px|10px|10px|10px&#8221;][\/wdcl_image_carousel_child][wdcl_image_carousel_child photo=&#8221;https:\/\/imilplast.it\/wp-content\/uploads\/2021\/11\/progettazione-carousel-02.jpg&#8221; _builder_version=&#8221;4.0.5&#8243; border_radii_item=&#8221;on|10px|10px|10px|10px&#8221;][\/wdcl_image_carousel_child][wdcl_image_carousel_child photo=&#8221;https:\/\/imilplast.it\/wp-content\/uploads\/2021\/11\/progettazione-carousel-01.jpg&#8221; _builder_version=&#8221;4.0.5&#8243; border_radii_item=&#8221;on|10px|10px|10px|10px&#8221;][\/wdcl_image_carousel_child][\/wdcl_image_carousel][\/et_pb_column][\/et_pb_row][\/et_pb_section][et_pb_section fb_built=&#8221;1&#8243; custom_padding_last_edited=&#8221;on|tablet&#8221; _builder_version=&#8221;4.0.5&#8243; background_color=&#8221;#ffffff&#8221; background_image=&#8221;https:\/\/imilplast.it\/wp-content\/uploads\/2021\/03\/bgd-1.jpg&#8221; background_size=&#8221;initial&#8221; background_position=&#8221;bottom_left&#8221; custom_padding=&#8221;80px|0px|80px|0px|false|&#8221; custom_padding_tablet=&#8221;40px||40px||true|false&#8221; custom_padding_phone=&#8221;&#8221;][et_pb_row _builder_version=&#8221;4.0.5&#8243; custom_padding=&#8221;||0px|||&#8221;][et_pb_column type=&#8221;4_4&#8243; _builder_version=&#8221;4.0.5&#8243;][et_pb_text _builder_version=&#8221;4.0.5&#8243; text_font=&#8221;|300|||||||&#8221; text_font_size=&#8221;18px&#8221; text_line_height=&#8221;1.8em&#8221; width=&#8221;100%&#8221; custom_margin=&#8221;|-93px|20px||false|false&#8221; hover_enabled=&#8221;0&#8243; border_width_bottom=&#8221;1px&#8221; border_color_bottom=&#8221;#064870&#8243; custom_padding=&#8221;||20px||false|false&#8221; border_style_all=&#8221;dashed&#8221;]<\/p>\n<h2 style=\"text-align: center;\"><strong>PROTOTYPING<\/strong><\/h2>\n<p>[\/et_pb_text][\/et_pb_column][\/et_pb_row][et_pb_row _builder_version=&#8221;4.0.5&#8243; column_structure=&#8221;1_3,2_3&#8243; custom_padding=&#8221;10px||||false|false&#8221; hover_enabled=&#8221;0&#8243;][et_pb_column _builder_version=&#8221;4.0.5&#8243; type=&#8221;1_3&#8243;][et_pb_image src=&#8221;https:\/\/imilplast.it\/wp-content\/uploads\/2020\/09\/progettazione_01-1.jpg&#8221; _builder_version=&#8221;4.0.5&#8243; border_radii=&#8221;on|10px|10px|10px|10px&#8221; hover_enabled=&#8221;0&#8243;][\/et_pb_image][\/et_pb_column][et_pb_column _builder_version=&#8221;4.0.5&#8243; type=&#8221;2_3&#8243;][et_pb_text _builder_version=&#8221;4.0.5&#8243; text_font=&#8221;|300|||||||&#8221; text_font_size=&#8221;18px&#8221; text_line_height=&#8221;1.8em&#8221; custom_margin=&#8221;||||false|false&#8221;]Gr\u00e2ce \u00e0 un d\u00e9partement de mod\u00e9lisation et de prototypage efficace, nous sommes en mesure de proposer des mod\u00e8les et des moules pour les prototypes et les petites s\u00e9ries \u00e0 produire dans diff\u00e9rentes technologies telles que le thermoformage et le moulage par injection.<\/p>\n<p>Gr\u00e2ce \u00e0 la collaboration avec des entreprises partenaires, nous sommes en mesure de fournir au client des prototypes fonctionnels, r\u00e9alis\u00e9s \u00e0 l&#8217;aide de la technologie des imprimantes 3D ou par le biais de moules en silicone pour les \u00e9chantillons plus importants, avec un choix de mat\u00e9riaux qui se rapproche le plus des caract\u00e9ristiques du produit fini.  <\/p>\n<p>La construction de moules prototypes permet d&#8217;\u00e9tudier les processus de moulage ou d&#8217;\u00e9valuer la validit\u00e9 r\u00e9elle d&#8217;un \u00e9l\u00e9ment, puis de transf\u00e9rer l&#8217;exp\u00e9rience acquise lors des essais dans les moules de s\u00e9rie.<\/p>\n<p><strong>La qualit\u00e9 et la rapidit\u00e9 d&#8217;ex\u00e9cution des moules prototypes permettent de produire en peu de temps des composants m\u00eame complexes avec des finitions \u00e9lev\u00e9es.<\/strong><br \/>\n[\/et_pb_text][\/et_pb_column][\/et_pb_row][\/et_pb_section]<\/p>\n","protected":false},"excerpt":{"rendered":"<p>[et_pb_section fb_built=&#8221;1&#8243; custom_padding_last_edited=&#8221;on|phone&#8221; disabled_on=&#8221;off|off|off&#8221; admin_label=&#8221;Header Section&#8221; _builder_version=&#8221;4.0.5&#8243; background_image=&#8221;https:\/\/imilplast.it\/wp-content\/uploads\/2020\/02\/photo-blu-02..jpg&#8221; background_enable_video_mp4=&#8221;off&#8221; custom_margin=&#8221;|||&#8221; custom_padding=&#8221;28vh||2vh||false|false&#8221; custom_padding_tablet=&#8221;12vh||12vh||true|false&#8221; custom_padding_phone=&#8221;1vh||1vh||true|false&#8221; bottom_divider_color=&#8221;rgba(5,41,66,0.3)&#8221; bottom_divider_height=&#8221;20vw&#8221; animation_direction=&#8221;top&#8221; locked=&#8221;off&#8221; custom_css_main_element_last_edited=&#8221;on|tablet&#8221; custom_css_main_element_tablet=&#8221;&#8221; custom_css_main_element_phone=&#8221;&#8221;][et_pb_row disabled_on=&#8221;off|off|off&#8221; module_class=&#8221; et_pb_row_fullwidth&#8221; _builder_version=&#8221;3.25&#8243; max_width=&#8221;720px&#8221; max_width_tablet=&#8221;&#8221; max_width_phone=&#8221;&#8221; max_width_last_edited=&#8221;on|desktop&#8221; make_fullwidth=&#8221;on&#8221; locked=&#8221;off&#8221;][et_pb_column type=&#8221;4_4&#8243; _builder_version=&#8221;3.25&#8243; custom_padding=&#8221;|||&#8221; custom_padding__hover=&#8221;|||&#8221;][et_pb_text disabled_on=&#8221;off|off|off&#8221; _builder_version=&#8221;4.0.5&#8243; text_font=&#8221;|300|||||||&#8221; text_text_color=&#8221;#ffffff&#8221; text_font_size=&#8221;18px&#8221; header_2_text_color=&#8221;#ffffff&#8221; header_2_font_size=&#8221;45px&#8221; text_font_size_tablet=&#8221;15px&#8221; text_font_size_phone=&#8221;14px&#8221; text_font_size_last_edited=&#8221;on|desktop&#8221; header_2_font_size_tablet=&#8221;30px&#8221; header_2_font_size_phone=&#8221;25px&#8221; header_2_font_size_last_edited=&#8221;on|phone&#8221;] NOUS OPTIMISONS LES PROCESSUS DE PRODUCTION \u00c9tude de [&hellip;]<\/p>\n","protected":false},"author":1,"featured_media":0,"parent":0,"menu_order":0,"comment_status":"closed","ping_status":"closed","template":"","meta":{"_et_pb_use_builder":"on","_et_pb_old_content":"<!-- wp:paragraph -->\n<p>Questa \u00e8 una pagina di esempio. Differisce da un articolo di un blog perch\u00e9 rimane sempre allo stesso posto e (in molti temi) appare nel menu di navigazione. Molte persone iniziano con una pagina di Informazioni che li presentano ai visitatori del sito. Potrebbe apparire una presentazione del tipo:<\/p>\n<!-- \/wp:paragraph -->\n\n<!-- wp:quote -->\n<blockquote class=\"wp-block-quote\"><p>Ciao! Sono un fattorino ciclista di giorno, aspirante attore di notte e questo \u00e8 il mio sito web. Vivo a Los Angeles, ho un grande cane di nome Jack e mi piace la pi\u00f1a colada. (E prendere la pioggia)<\/p><\/blockquote>\n<!-- \/wp:quote -->\n\n<!-- wp:paragraph -->\n<p>...o qualcosa di simile:<\/p>\n<!-- \/wp:paragraph -->\n\n<!-- wp:quote -->\n<blockquote class=\"wp-block-quote\"><p>La Societ\u00e0 XYZ Aggeggi \u00e8 stata fondata nel 1971 e da allora fornisce al pubblico aggeggi di ottima qualit\u00e0. Situata a Fantasilandia, XYZ impiega oltre 2.000 persone e realizza ogni sorta di aggeggio fantastico per la comunit\u00e0 di Fantasilandia.<\/p><\/blockquote>\n<!-- \/wp:quote -->\n\n<!-- wp:paragraph -->\n<p>Come nuovo utente di WordPress, dovresti andare nella tua <a href=\"https:\/\/imilplast.it\/wp-admin\/\">Bacheca<\/a> per eliminare questa pagina, e crearne delle nuove per i tuoi contenuti. Divertiti!<\/p>\n<!-- \/wp:paragraph -->"},"_links":{"self":[{"href":"https:\/\/imilplast.it\/wp-json\/wp\/v2\/pages\/133"}],"collection":[{"href":"https:\/\/imilplast.it\/wp-json\/wp\/v2\/pages"}],"about":[{"href":"https:\/\/imilplast.it\/wp-json\/wp\/v2\/types\/page"}],"author":[{"embeddable":true,"href":"https:\/\/imilplast.it\/wp-json\/wp\/v2\/users\/1"}],"replies":[{"embeddable":true,"href":"https:\/\/imilplast.it\/wp-json\/wp\/v2\/comments?post=133"}],"version-history":[{"count":55,"href":"https:\/\/imilplast.it\/wp-json\/wp\/v2\/pages\/133\/revisions"}],"predecessor-version":[{"id":1233,"href":"https:\/\/imilplast.it\/wp-json\/wp\/v2\/pages\/133\/revisions\/1233"}],"wp:attachment":[{"href":"https:\/\/imilplast.it\/wp-json\/wp\/v2\/media?parent=133"}],"curies":[{"name":"wp","href":"https:\/\/api.w.org\/{rel}","templated":true}]}}