{"id":1314,"date":"2021-12-17T17:35:14","date_gmt":"2021-12-17T16:35:14","guid":{"rendered":"https:\/\/imilplast.it\/?page_id=1314"},"modified":"2025-04-14T11:51:03","modified_gmt":"2025-04-14T09:51:03","slug":"informativa-legge","status":"publish","type":"page","link":"https:\/\/imilplast.it\/informativa-legge\/","title":{"rendered":"INFORMATIVA DI CUI ALLA LEGGE 4 AGOSTO 2017 N\u00b0 124, ARTICOLO 1, COMMA 125.\u00ec"},"content":{"rendered":"<p>[et_pb_section fb_built=&#8221;1&#8243; _builder_version=&#8221;4.0.5&#8243;][et_pb_row _builder_version=&#8221;4.0.5&#8243;][et_pb_column type=&#8221;4_4&#8243; _builder_version=&#8221;4.0.5&#8243;][et_pb_text _builder_version=&#8221;4.0.5&#8243; custom_padding=&#8221;1px|||||&#8221;]<\/p>\n<h1 align=\"LEFT\">INFORMATIVA DI CUI ALLA LEGGE 4 AGOSTO 2017 N\u00b0 124, ARTICOLO 1, COMMA 125.<\/h1>\n<p align=\"LEFT\">Nel corso dell\u2019esercizio 2023, la societ\u00e0 ha ricevuto sovvenzioni, contributi e comunque vantaggi economici cos\u00ec come risultanti dalla tabella che segue.<\/p>\n<p>\u00a0<span style=\"font-size: 14px;\">\u00a0<\/span><\/p>\n<table width=\"100%\" cellspacing=\"0\" cellpadding=\"10\">\n<tbody>\n<tr valign=\"top\">\n<td width=\"21%\">\n<p class=\"western\" align=\"center\"><span style=\"font-family: Arial, serif;\"><span style=\"font-size: small;\">Soggetto Erogante<\/span><\/span><\/p>\n<\/td>\n<td width=\"24%\">\n<p class=\"western\" align=\"center\"><span style=\"font-family: Arial, serif;\"><span style=\"font-size: small;\">Contributo ricevuto<\/span><\/span><\/p>\n<\/td>\n<td width=\"26%\">\n<p class=\"western\" align=\"center\"><span style=\"font-family: Arial, serif;\"><span style=\"font-size: small;\">Data incasso<\/span><\/span><\/p>\n<\/td>\n<td width=\"29%\">\n<p class=\"western\" align=\"center\"><span style=\"font-family: Arial, serif;\"><span style=\"font-size: small;\">Descrizione<\/span><\/span><\/p>\n<\/td>\n<\/tr>\n<tr valign=\"top\">\n<td width=\"21%\">\n<p class=\"western\" align=\"center\"><span style=\"font-family: Arial, serif;\"><span style=\"font-size: small;\">Stato<\/span><\/span><\/p>\n<\/td>\n<td width=\"24%\">\n<p class=\"western\" align=\"center\"><span style=\"font-family: Arial, serif;\"><span style=\"font-size: small;\">4.519,00<\/span><\/span><\/p>\n<\/td>\n<td width=\"26%\">\n<p class=\"western\" align=\"center\"><span style=\"font-family: Arial, serif;\"><span style=\"font-size: small;\">2023<\/span><\/span><\/p>\n<\/td>\n<td width=\"29%\">\n<p class=\"western\" align=\"center\">Credito d&amp;#39 imposta imprese non<br \/>energivore<\/p>\n<\/td>\n<\/tr>\n<tr valign=\"top\">\n<td width=\"21%\" height=\"67\">\n<p class=\"western\" align=\"center\"><span style=\"font-family: Arial, serif;\"><span style=\"font-size: small;\">Comune di Limosano (CB)<\/span><\/span><\/p>\n<\/td>\n<td width=\"24%\">\n<p class=\"western\" align=\"center\"><span style=\"font-family: Arial, serif;\"><span style=\"font-size: small;\">520,52<\/span><\/span><\/p>\n<\/td>\n<td width=\"26%\">\n<p class=\"western\" align=\"center\"><span style=\"font-family: Arial, serif;\"><span style=\"font-size: small;\">2023<\/span><\/span><\/p>\n<\/td>\n<td width=\"29%\">\n<p class=\"western\" align=\"center\">Contributo a fondo perduto<\/p>\n<\/td>\n<\/tr>\n<tr valign=\"top\">\n<td width=\"21%\">\n<p class=\"western\" align=\"center\"><span style=\"font-family: Arial, serif;\"><span style=\"font-size: small;\">Stato<\/span><\/span><\/p>\n<\/td>\n<td width=\"24%\">\n<p class=\"western\" align=\"center\"><span style=\"font-family: Arial, serif;\"><span style=\"font-size: small;\">28.350,00<\/span><\/span><\/p>\n<\/td>\n<td width=\"26%\">\n<p class=\"western\" align=\"center\"><span style=\"font-family: Arial, serif;\"><span style=\"font-size: small;\">2023<\/span><\/span><\/p>\n<\/td>\n<td width=\"29%\">\n<p class=\"western\" align=\"center\">Contributo a fondo perduto<\/p>\n<\/td>\n<\/tr>\n<tr valign=\"top\">\n<td width=\"21%\">\n<p class=\"western\" align=\"center\"><span>Totali<\/span><\/p>\n<p class=\"western\" align=\"center\">\n<\/td>\n<td width=\"24%\" style=\"text-align: center;\">33.389,52<\/td>\n<td width=\"26%\"><\/td>\n<td width=\"29%\"><\/td>\n<\/tr>\n<\/tbody>\n<\/table>\n<p align=\"justify\"><a name=\"_GoBack\"><\/a>Per i restanti aiuti di stato si fa rinvio a quanto contenuto nel Registro Nazionale degli Aiuti.<\/p>\n<hr style=\"margin-bottom: 20px; border: 0; border-bottom: solid 1px #ccc;\" \/>\n<p class=\"western\" style=\"font-size: 1.4em; font-weight: bold;\">I.MI.L.PLAST Srl<\/p>\n<p>Contrada Lavandaia, 3 \u2013 Zona industriale<br \/> 86020 Limosano (CB)<br \/> p.iva e c.f. 00808700702<br \/> Registro Imprese del Molise REA n\u00b0 cb \u2013 81207<br \/> Capitale sociale euro 41.316,00<\/p>\n<p class=\"western\">Pec: <span style=\"color: #0563c1;\"><u><a href=\"mailto:imil.plast@pecsicura.it\">imil.plast@pecsicura.it<\/a><\/u><\/span><\/p>\n<p>[\/et_pb_text][\/et_pb_column][\/et_pb_row][\/et_pb_section]<\/p>\n","protected":false},"excerpt":{"rendered":"<p>[et_pb_section fb_built=&#8221;1&#8243; _builder_version=&#8221;4.0.5&#8243;][et_pb_row _builder_version=&#8221;4.0.5&#8243;][et_pb_column type=&#8221;4_4&#8243; _builder_version=&#8221;4.0.5&#8243;][et_pb_text _builder_version=&#8221;4.0.5&#8243; custom_padding=&#8221;1px|||||&#8221;] INFORMATIVA DI CUI ALLA LEGGE 4 AGOSTO 2017 N\u00b0 124, ARTICOLO 1, COMMA 125. Nel corso dell\u2019esercizio 2023, la societ\u00e0 ha ricevuto sovvenzioni, contributi e comunque vantaggi economici cos\u00ec come risultanti dalla tabella che segue. \u00a0\u00a0 Soggetto Erogante Contributo ricevuto Data incasso Descrizione Stato 4.519,00 2023 Credito [&hellip;]<\/p>\n","protected":false},"author":1,"featured_media":0,"parent":0,"menu_order":0,"comment_status":"closed","ping_status":"closed","template":"","meta":{"_et_pb_use_builder":"on","_et_pb_old_content":"[et_pb_section fb_built=\"1\" _builder_version=\"4.0.5\"][et_pb_row _builder_version=\"4.0.5\"][et_pb_column type=\"4_4\" _builder_version=\"4.0.5\"][et_pb_text _builder_version=\"4.0.5\" hover_enabled=\"0\"]\n<p align=\"LEFT\">Gentile utente, ai sensi del Regolamento Generale sulla Protezione dei Dati Personali (GDPR), La informiamo che l\u2019invio facoltativo, esplicito e volontario di posta elettronica agli indirizzi indicati su questo sito comporta la successiva acquisizione dell\u2019indirizzo del mittente nonch\u00e9 degli eventuali altri dati personali inseriti nella missiva, il cui trattamento sar\u00e0 finalizzato esclusivamente a rispondere alle richieste e\/o erogare il servizio desiderato oltre che allo svolgimento delle ordinarie attivit\u00e0 di gestione e manutenzione del sito web e all\u2019adempimento di eventuali obblighi previsti dalla legge, da un regolamento o dalla normativa comunitaria. La<strong> I.MI.L. Plast Srl<\/strong>, in qualit\u00e0 di Titolare, garantisce che il loro trattamento si svolge nel rispetto dei diritti e delle libert\u00e0 fondamentali, nonch\u00e9 della dignit\u00e0 dell\u2019interessato.<\/p>\nA parte quanto specificato per i dati di navigazione nella Policy del nostro sito web<span>&nbsp;<\/span><u>www.imilplast.it<\/u><span>&nbsp;<\/span>e nella specifica Informativa sui Cookie, delle quali La invitiamo a prendere visione, il conferimento dei dati personali in oggetto ha natura facoltativa ma \u00e8 indispensabile per permettere alla nostra azienda di adempiere alle attivit\u00e0 previste in risposta al servizio o alla prestazione da Lei richiestaci (registrazione al sito web, notizie ed informazioni, candidature, segnalazioni e reclami, etc\u2026).\n\nQualora il trattamento da parte della<b><span> I.MI.L. Plast Srl<\/span><\/b><span>&nbsp;<\/span>dovesse riguardare dati di natura particolare di cui all\u2019art. 9 GDPR (dati \u201csensibili\u201d) (ad es. per inoltro di un suo Curriculum Vitae o di una sua candidatura spontanea, attraverso la compilazione dell\u2019apposito form disponibile alla pagina \u201cLavora con noi\u201d), Le verr\u00e0 richiesto un esplicito consenso.\n\nIl Titolare sar\u00e0, dunque, legittimato al trattamento dei Suoi dati personali per dare esecuzione e risposta ad un servizio da Lei richiesto, da Suo esplicito consenso nonch\u00e9 dal perseguimento di un legittimo interesse, quale, ad es., la prevenzione o la scoperta di attivit\u00e0 fraudolente o di abusi dannosi per il sito o l\u2019esercizio dei suoi diritti in sede giudiziaria.\n\nIl trattamento dei Suoi dati personali presso la<strong> I.MI.L. Plast Srl<\/strong>, effettuato con o senza l\u2019ausilio di strumenti elettronici, avverr\u00e0, per i soli fini funzionali, ad opera di soggetti interni alla<span> <strong>I.MI.L. Plast Srl<\/strong><\/span>, adeguatamente istruiti e formalmente autorizzati allo stesso (aree Information Technology, Selezione del Personale, etc...); di Responsabili esterni, fornitori di servizi di comprovata competenza ed affidabilit\u00e0, che opereranno secondo le istruzioni del Titolare e sotto il suo controllo (manutenzione hardware e software, provider sito web, etc...) nonch\u00e9 di eventuali soggetti esterni, operanti quali autonomi titolari di trattamento, che svolgono, per conto della<span> <strong>I.MI.L. Plast Srl<\/strong><\/span>, compiti di natura tecnica, organizzativa od operativa.\n\nI dati forniti verranno utilizzati solo dalla<span> <strong>I.MI.L. Plast Srl<\/strong><\/span>, non saranno ceduti a terzi, non saranno soggetti a diffusione n\u00e9 saranno trasferiti in paesi extra UE. La gestione e la conservazione dei dati personali avverr\u00e0 su server ubicati all\u2019interno dell\u2019Unione Europea. Tuttavia, ove si rendesse necessario, il Titolare avr\u00e0 facolt\u00e0 di spostare l\u2019ubicazione dei server in Italia e\/o nell\u2019Unione Europea e\/o in Paesi extra-UE. In quest\u2019ultimo caso, per assicurare un adeguato livello di protezione degli stessi, il trasferimento avverr\u00e0 in conformit\u00e0 alle disposizioni di legge applicabili stipulando, se necessario, accordi che garantiscano un livello di protezione adeguato e\/o adottando le clausole contrattuali standard previste dalla Commissione Europea.\n\nI Suoi Dati potranno essere comunicati, per le finalit\u00e0 di cui sopra, a organi di controllo, forze dell\u2019ordine, autorit\u00e0 giudiziarie o magistratura, su loro espressa richiesta o in forza di legge, nel corso di indagini e controlli. Essi potranno essere, altres\u00ec, comunicati a soggetti terzi (ad esempio, liberi professionisti, partners commerciali, etc.), in qualit\u00e0 di autonomi titolari o responsabili del trattamento, per lo svolgimento di attivit\u00e0 strumentali alle finalit\u00e0 di cui sopra.\n\nI dati personali contenuti nelle missive saranno conservati per il tempo necessario al soddisfacimento della richiesta (informazioni, reclami, etc.) o del servizio.\n<p align=\"LEFT\">Qualora la comunicazione sia finalizzata all\u2019inoltro della propria candidatura per eventuali attivit\u00e0 di selezione di personale, il Curriculum Vitae fornito o i dati inseriti nell\u2019apposito form \u201cLavora con noi\u201d, saranno conservati per 48 mesi dal ricevimento.<\/p>\n<strong>Titolare<\/strong><span>&nbsp;<\/span>del trattamento in oggetto \u00e8 la<strong><span> I.MI.L. Plast Srl<\/span><\/strong>, con sede legale e operativa in Zona Industriale - C.da Lavandaia 3, 86022 Limosano (CB)\n<p align=\"LEFT\">E-mail:<span>&nbsp;<\/span><a href=\"mailto:info@altergon.it\"><u><span color=\"#0066cc\" style=\"color: #0066cc;\">info@imilplast.it<\/span><\/u><\/a><\/p>\nL\u2019utente del sito web<span>&nbsp;<\/span><u>www.imilplast.it<\/u><span>&nbsp;<\/span>ha il diritto, in qualunque momento, di: revocare il consenso al trattamento senza pregiudizio per la liceit\u00e0 del trattamento basata sul consenso acquisito prima della revoca (art. 7, \u00a7 3 GDPR); chiedere l\u2019accesso ai propri dati (art. 15 GDPR), la rettifica degli stessi senza ingiustificato ritardo (art. 16 GDPR) o la loro cancellazione (art. 17 GDPR); chiedere la limitazione del trattamento (art. 18 GDPR) o la possibilit\u00e0 di opporsi al trattamento (art. 21 GDPR) nonch\u00e9 il diritto di richiedere la portabilit\u00e0 dei dati (art. 20 GDPR).\nAll\u2019interessato viene riconosciuto il diritto di proporre reclamo dinanzi all'Autorit\u00e0 di Controllo che, in Italia, \u00e8 il Garante per la Protezione dei Dati Personali. Egli potr\u00e0 far valere questi e gli altri diritti previsti dal Regolamento (UE) 2016\/679, tramite semplice comunicazione al Titolare, rivolta all\u2019indirizzo<span>&nbsp;<\/span><a href=\"mailto:info@altergon.it\"><u><span color=\"#0066cc\" style=\"color: #0066cc;\">info@altergon.it<\/span><\/u><\/a>\n\n[\/et_pb_text][\/et_pb_column][\/et_pb_row][\/et_pb_section]"},"_links":{"self":[{"href":"https:\/\/imilplast.it\/wp-json\/wp\/v2\/pages\/1314"}],"collection":[{"href":"https:\/\/imilplast.it\/wp-json\/wp\/v2\/pages"}],"about":[{"href":"https:\/\/imilplast.it\/wp-json\/wp\/v2\/types\/page"}],"author":[{"embeddable":true,"href":"https:\/\/imilplast.it\/wp-json\/wp\/v2\/users\/1"}],"replies":[{"embeddable":true,"href":"https:\/\/imilplast.it\/wp-json\/wp\/v2\/comments?post=1314"}],"version-history":[{"count":7,"href":"https:\/\/imilplast.it\/wp-json\/wp\/v2\/pages\/1314\/revisions"}],"predecessor-version":[{"id":1369,"href":"https:\/\/imilplast.it\/wp-json\/wp\/v2\/pages\/1314\/revisions\/1369"}],"wp:attachment":[{"href":"https:\/\/imilplast.it\/wp-json\/wp\/v2\/media?parent=1314"}],"curies":[{"name":"wp","href":"https:\/\/api.w.org\/{rel}","templated":true}]}}