{"id":3,"date":"2020-02-03T16:44:42","date_gmt":"2020-02-03T15:44:42","guid":{"rendered":"https:\/\/imilplast.it\/?page_id=3"},"modified":"2020-07-16T15:36:45","modified_gmt":"2020-07-16T13:36:45","slug":"privacy-policy","status":"publish","type":"page","link":"https:\/\/imilplast.it\/privacy-policy\/","title":{"rendered":"Privacy Policy"},"content":{"rendered":"<p>[et_pb_section fb_built=&#8221;1&#8243; _builder_version=&#8221;4.0.5&#8243;][et_pb_row _builder_version=&#8221;4.0.5&#8243;][et_pb_column type=&#8221;4_4&#8243; _builder_version=&#8221;4.0.5&#8243;][et_pb_text _builder_version=&#8221;4.0.5&#8243; hover_enabled=&#8221;0&#8243;]<\/p>\n<h1 align=\"LEFT\">Privacy Policy<\/h1>\n<p>Dear user, in accordance with the General Regulation on the Protection of Personal Data (GDPR), we inform you that the optional, explicit and voluntary sending of electronic mail to the addresses indicated on this site involves the subsequent acquisition of the sender&#8217;s address and any other personal data included in the message, the processing of which will be aimed exclusively at responding to requests and \/ or provide the desired service as well as to the conduct of ordinary management and maintenance of the website and the fulfillment of any obligations imposed by law, regulation or legislation. The I.MI.L. Plast Srl, in quality of Holder, guarantees that their treatment is carried out in the respect of the rights and the fundamental liberties, as well as of the dignity of the interested one.<\/p>\n<p>Apart from that specified for navigation data in the Policy of our website www.imilplast.it and in the specific Cookie Policy, which we invite you to read, the provision of personal data in question is optional but essential to allow our company to perform the activities provided in response to the service or provision requested by you (registration on the website, news and information, applications, reports, and complaints, etc. &#8230;).<\/p>\n<p>If the processing by I.MI.L. Plast Srl should concern data of a particular nature referred to in art. 9 GDPR (&#8220;sensitive&#8221; data) (e.g., for the forwarding of your Curriculum Vitae or your spontaneous candidature, through the compilation of the appropriate form available on the page &#8220;Work with us&#8221;), you will be asked for your explicit consent.<\/p>\n<p>The Data Controller will, therefore, be legitimated to process your personal data to execute and respond to a service you have requested, by your explicit consent as well as by the pursuit of a legitimate interest, such as, for example, the prevention or detection of fraudulent activities or abuse harmful to the site or the exercise of your rights in court.<\/p>\n<p>The treatment of your personal data at I.MI.L. Plast Srl, carried out with or without the aid of electronic instruments, will take place, for functional purposes only, by subjects inside I.MI.L. Plast Srl, adequately instructed and formally authorized to the same (areas Information Technology, Selection of the Staff, etc&#8230;); of external Responsibles, suppliers of services of proved competence and reliability, that will operate according to the instructions of the Holder and under his control (maintenance hardware and software, web site provider, etc&#8230;) as well as possible external subjects, operating as autonomous holders of treatment, that develop, on behalf of I.MI.L. Plast Srl, tasks of technical, organizational or operative nature.<\/p>\n<p>The data provided will only be used by I.MI.L. Plast Srl, will not be transferred to third parties, will not be subject to diffusion and will not be transferred to non-EU countries. The management and storage of personal data will take place on servers located within the European Union. However, if necessary, the Owner will have the right to move the location of the servers in Italy and\/or in the European Union and\/or in non-EU countries. In the latter case, to ensure an adequate level of protection of the same, the transfer will take place in accordance with the provisions of applicable law by entering, if necessary, agreements that guarantee an adequate level of protection and \/ or adopting the standard contractual clauses provided by the European Commission.<\/p>\n<p>Your data may be communicated, for the purposes mentioned above, to control bodies, law enforcement agencies, judicial authorities, or judiciary, at their express request or by law, during investigations and controls. They may also be communicated to third parties (for example, professionals, business partners, etc..), as independent owners or managers of the treatment, to carry out activities instrumental to the purposes mentioned above.<\/p>\n<p>The personal data contained in the messages will be kept for the time necessary to satisfy the request (information, complaints, etc..) or service.<\/p>\n<p>If the purpose of the communication is to submit a candidacy for possible personnel selection activities, the resume provided, or the data entered in the &#8220;Work with us&#8221; form will be kept for 48 months from receipt.<\/p>\n<p>The data controller is I.MI.L. Plast Srl, with registered office and headquarters in Zona Industriale &#8211; C.da Lavandaia 3, 86022 Limosano (CB)<\/p>\n<p>E-mail:\u00a0<a href=\"mailto:info@altergon.it\"><u><span style=\"color: #0066cc;\">info@imilplast.it<\/span><\/u><\/a><\/p>\n<p>The user of the website www.imilplast.it has the right, at any time, to: revoke the consent to the processing without prejudice to the lawfulness of the processing based on the consent acquired before the revocation (art. 7, \u00a7 3 GDPR); request access to their data (art. 15 GDPR), rectification of the same without undue delay (Art. 16 GDPR) or their deletion (Art. 17 GDPR); request restriction of processing (Art. 18 GDPR) or the possibility to object to processing (Art. 21 GDPR) as well as the right to request data portability (Art. 20 GDPR).<\/p>\n<p>The data subject is granted the right to lodge a complaint before the Control Authority which, in Italy, is the Guarantor for the Protection of Personal Data. He may assert these, and the other rights provided for by Regulation (EU) 2016\/679, by simple communication to the Data Controller, addressed to the address \u00a0<a href=\"mailto:info@altergon.it\"><u><span style=\"color: #0066cc;\">info@imilplast.it<\/span><\/u><\/a><\/p>\n<p>[\/et_pb_text][\/et_pb_column][\/et_pb_row][\/et_pb_section]<\/p>\n","protected":false},"excerpt":{"rendered":"<p>[et_pb_section fb_built=&#8221;1&#8243; _builder_version=&#8221;4.0.5&#8243;][et_pb_row _builder_version=&#8221;4.0.5&#8243;][et_pb_column type=&#8221;4_4&#8243; _builder_version=&#8221;4.0.5&#8243;][et_pb_text _builder_version=&#8221;4.0.5&#8243; hover_enabled=&#8221;0&#8243;] Privacy Policy Dear user, in accordance with the General Regulation on the Protection of Personal Data (GDPR), we inform you that the optional, explicit and voluntary sending of electronic mail to the addresses indicated on this site involves the subsequent acquisition of the sender&#8217;s address and any [&hellip;]<\/p>\n","protected":false},"author":1,"featured_media":0,"parent":0,"menu_order":0,"comment_status":"closed","ping_status":"closed","template":"","meta":{"_et_pb_use_builder":"on","_et_pb_old_content":"[et_pb_section fb_built=\"1\" _builder_version=\"4.0.5\"][et_pb_row _builder_version=\"4.0.5\"][et_pb_column type=\"4_4\" _builder_version=\"4.0.5\"][et_pb_text _builder_version=\"4.0.5\" hover_enabled=\"0\"]\n<p align=\"LEFT\">Gentile utente, ai sensi del Regolamento Generale sulla Protezione dei Dati Personali (GDPR), La informiamo che l\u2019invio facoltativo, esplicito e volontario di posta elettronica agli indirizzi indicati su questo sito comporta la successiva acquisizione dell\u2019indirizzo del mittente nonch\u00e9 degli eventuali altri dati personali inseriti nella missiva, il cui trattamento sar\u00e0 finalizzato esclusivamente a rispondere alle richieste e\/o erogare il servizio desiderato oltre che allo svolgimento delle ordinarie attivit\u00e0 di gestione e manutenzione del sito web e all\u2019adempimento di eventuali obblighi previsti dalla legge, da un regolamento o dalla normativa comunitaria. La<strong> I.MI.L. Plast Srl<\/strong>, in qualit\u00e0 di Titolare, garantisce che il loro trattamento si svolge nel rispetto dei diritti e delle libert\u00e0 fondamentali, nonch\u00e9 della dignit\u00e0 dell\u2019interessato.<\/p>\nA parte quanto specificato per i dati di navigazione nella Policy del nostro sito web<span>&nbsp;<\/span><u>www.imilplast.it<\/u><span>&nbsp;<\/span>e nella specifica Informativa sui Cookie, delle quali La invitiamo a prendere visione, il conferimento dei dati personali in oggetto ha natura facoltativa ma \u00e8 indispensabile per permettere alla nostra azienda di adempiere alle attivit\u00e0 previste in risposta al servizio o alla prestazione da Lei richiestaci (registrazione al sito web, notizie ed informazioni, candidature, segnalazioni e reclami, etc\u2026).\n\nQualora il trattamento da parte della<b><span> I.MI.L. Plast Srl<\/span><\/b><span>&nbsp;<\/span>dovesse riguardare dati di natura particolare di cui all\u2019art. 9 GDPR (dati \u201csensibili\u201d) (ad es. per inoltro di un suo Curriculum Vitae o di una sua candidatura spontanea, attraverso la compilazione dell\u2019apposito form disponibile alla pagina \u201cLavora con noi\u201d), Le verr\u00e0 richiesto un esplicito consenso.\n\nIl Titolare sar\u00e0, dunque, legittimato al trattamento dei Suoi dati personali per dare esecuzione e risposta ad un servizio da Lei richiesto, da Suo esplicito consenso nonch\u00e9 dal perseguimento di un legittimo interesse, quale, ad es., la prevenzione o la scoperta di attivit\u00e0 fraudolente o di abusi dannosi per il sito o l\u2019esercizio dei suoi diritti in sede giudiziaria.\n\nIl trattamento dei Suoi dati personali presso la<strong> I.MI.L. Plast Srl<\/strong>, effettuato con o senza l\u2019ausilio di strumenti elettronici, avverr\u00e0, per i soli fini funzionali, ad opera di soggetti interni alla<span> <strong>I.MI.L. Plast Srl<\/strong><\/span>, adeguatamente istruiti e formalmente autorizzati allo stesso (aree Information Technology, Selezione del Personale, etc...); di Responsabili esterni, fornitori di servizi di comprovata competenza ed affidabilit\u00e0, che opereranno secondo le istruzioni del Titolare e sotto il suo controllo (manutenzione hardware e software, provider sito web, etc...) nonch\u00e9 di eventuali soggetti esterni, operanti quali autonomi titolari di trattamento, che svolgono, per conto della<span> <strong>I.MI.L. Plast Srl<\/strong><\/span>, compiti di natura tecnica, organizzativa od operativa.\n\nI dati forniti verranno utilizzati solo dalla<span> <strong>I.MI.L. Plast Srl<\/strong><\/span>, non saranno ceduti a terzi, non saranno soggetti a diffusione n\u00e9 saranno trasferiti in paesi extra UE. La gestione e la conservazione dei dati personali avverr\u00e0 su server ubicati all\u2019interno dell\u2019Unione Europea. Tuttavia, ove si rendesse necessario, il Titolare avr\u00e0 facolt\u00e0 di spostare l\u2019ubicazione dei server in Italia e\/o nell\u2019Unione Europea e\/o in Paesi extra-UE. In quest\u2019ultimo caso, per assicurare un adeguato livello di protezione degli stessi, il trasferimento avverr\u00e0 in conformit\u00e0 alle disposizioni di legge applicabili stipulando, se necessario, accordi che garantiscano un livello di protezione adeguato e\/o adottando le clausole contrattuali standard previste dalla Commissione Europea.\n\nI Suoi Dati potranno essere comunicati, per le finalit\u00e0 di cui sopra, a organi di controllo, forze dell\u2019ordine, autorit\u00e0 giudiziarie o magistratura, su loro espressa richiesta o in forza di legge, nel corso di indagini e controlli. Essi potranno essere, altres\u00ec, comunicati a soggetti terzi (ad esempio, liberi professionisti, partners commerciali, etc.), in qualit\u00e0 di autonomi titolari o responsabili del trattamento, per lo svolgimento di attivit\u00e0 strumentali alle finalit\u00e0 di cui sopra.\n\nI dati personali contenuti nelle missive saranno conservati per il tempo necessario al soddisfacimento della richiesta (informazioni, reclami, etc.) o del servizio.\n<p align=\"LEFT\">Qualora la comunicazione sia finalizzata all\u2019inoltro della propria candidatura per eventuali attivit\u00e0 di selezione di personale, il Curriculum Vitae fornito o i dati inseriti nell\u2019apposito form \u201cLavora con noi\u201d, saranno conservati per 48 mesi dal ricevimento.<\/p>\n<strong>Titolare<\/strong><span>&nbsp;<\/span>del trattamento in oggetto \u00e8 la<strong><span> I.MI.L. Plast Srl<\/span><\/strong>, con sede legale e operativa in Zona Industriale - C.da Lavandaia 3, 86022 Limosano (CB)\n<p align=\"LEFT\">E-mail:<span>&nbsp;<\/span><a href=\"mailto:info@altergon.it\"><u><span color=\"#0066cc\" style=\"color: #0066cc;\">info@imilplast.it<\/span><\/u><\/a><\/p>\nL\u2019utente del sito web<span>&nbsp;<\/span><u>www.imilplast.it<\/u><span>&nbsp;<\/span>ha il diritto, in qualunque momento, di: revocare il consenso al trattamento senza pregiudizio per la liceit\u00e0 del trattamento basata sul consenso acquisito prima della revoca (art. 7, \u00a7 3 GDPR); chiedere l\u2019accesso ai propri dati (art. 15 GDPR), la rettifica degli stessi senza ingiustificato ritardo (art. 16 GDPR) o la loro cancellazione (art. 17 GDPR); chiedere la limitazione del trattamento (art. 18 GDPR) o la possibilit\u00e0 di opporsi al trattamento (art. 21 GDPR) nonch\u00e9 il diritto di richiedere la portabilit\u00e0 dei dati (art. 20 GDPR).\nAll\u2019interessato viene riconosciuto il diritto di proporre reclamo dinanzi all'Autorit\u00e0 di Controllo che, in Italia, \u00e8 il Garante per la Protezione dei Dati Personali. Egli potr\u00e0 far valere questi e gli altri diritti previsti dal Regolamento (UE) 2016\/679, tramite semplice comunicazione al Titolare, rivolta all\u2019indirizzo<span>&nbsp;<\/span><a href=\"mailto:info@altergon.it\"><u><span color=\"#0066cc\" style=\"color: #0066cc;\">info@altergon.it<\/span><\/u><\/a>\n\n[\/et_pb_text][\/et_pb_column][\/et_pb_row][\/et_pb_section]"},"_links":{"self":[{"href":"https:\/\/imilplast.it\/wp-json\/wp\/v2\/pages\/3"}],"collection":[{"href":"https:\/\/imilplast.it\/wp-json\/wp\/v2\/pages"}],"about":[{"href":"https:\/\/imilplast.it\/wp-json\/wp\/v2\/types\/page"}],"author":[{"embeddable":true,"href":"https:\/\/imilplast.it\/wp-json\/wp\/v2\/users\/1"}],"replies":[{"embeddable":true,"href":"https:\/\/imilplast.it\/wp-json\/wp\/v2\/comments?post=3"}],"version-history":[{"count":8,"href":"https:\/\/imilplast.it\/wp-json\/wp\/v2\/pages\/3\/revisions"}],"predecessor-version":[{"id":766,"href":"https:\/\/imilplast.it\/wp-json\/wp\/v2\/pages\/3\/revisions\/766"}],"wp:attachment":[{"href":"https:\/\/imilplast.it\/wp-json\/wp\/v2\/media?parent=3"}],"curies":[{"name":"wp","href":"https:\/\/api.w.org\/{rel}","templated":true}]}}