{"id":3,"date":"2020-02-03T16:44:42","date_gmt":"2020-02-03T15:44:42","guid":{"rendered":"https:\/\/imilplast.it\/?page_id=3"},"modified":"2020-07-16T15:36:45","modified_gmt":"2020-07-16T13:36:45","slug":"privacy-policy","status":"publish","type":"page","link":"https:\/\/imilplast.it\/privacy-policy\/","title":{"rendered":"Privacy Policy"},"content":{"rendered":"<p>[et_pb_section fb_built=&#8221;1&#8243; _builder_version=&#8221;4.0.5&#8243;][et_pb_row _builder_version=&#8221;4.0.5&#8243;][et_pb_column type=&#8221;4_4&#8243; _builder_version=&#8221;4.0.5&#8243;][et_pb_text _builder_version=&#8221;4.0.5&#8243; hover_enabled=&#8221;0&#8243;]<\/p>\n<h1 align=\"LEFT\">Privacy Policy<\/h1>\n<p>Sehr geehrter Nutzer, in \u00dcbereinstimmung mit der allgemeinen Verordnung \u00fcber den Schutz personenbezogener Daten (GDPR) informieren wir Sie dar\u00fcber, dass die fakultative, ausdr\u00fcckliche und freiwillige Zusendung von elektronischer Post an die auf dieser Website angegebenen Adressen die anschlie\u00dfende Erfassung der Adresse des Absenders sowie anderer in der Nachricht enthaltener personenbezogener Daten zur Folge hat, deren Verarbeitung ausschlie\u00dflich der Beantwortung von Anfragen und\/oder der Erbringung der gew\u00fcnschten Dienstleistung sowie der Durchf\u00fchrung der gew\u00f6hnlichen Verwaltungs- und Wartungst\u00e4tigkeiten der Website und der Erf\u00fcllung etwaiger durch Gesetze, Verordnungen oder gemeinschaftliche Rechtsvorschriften festgelegter Verpflichtungen dient. Der I.MI.L.  last Srl garantiert in seiner Eigenschaft als Verantwortlicher f\u00fcr die Datenverarbeitung, dass die Verarbeitung der personenbezogenen Daten unter Beachtung der Grundrechte und Grundfreiheiten sowie der W\u00fcrde des Betroffenen erfolgt.<\/p>\n<p>Abgesehen von dem, was f\u00fcr die Navigationsdaten in der Politik unserer Website www.imilplast.it und in der spezifischen Cookie-Politik, die wir Sie bitten, zu lesen, die \u00dcbertragung von pers\u00f6nlichen Daten in Frage ist fakultativ, aber unerl\u00e4sslich, damit unser Unternehmen zur Durchf\u00fchrung der geplanten Aktivit\u00e4ten als Reaktion auf die Dienstleistung oder Bereitstellung von Ihnen angefordert (Registrierung auf der Website, Nachrichten und Informationen, Anwendungen, Berichte und Beschwerden, usw. &#8230;).<\/p>\n<p>Sollte die Verarbeitung durch I.MI.L.  Plast Srl Daten besonderer Art gem\u00e4\u00df Art. 9 GDPR (sensible&#8221; Daten) betreffen (z.B. f\u00fcr die \u00dcbermittlung Ihres Lebenslaufs oder Ihrer Spontanbewerbung, durch Ausf\u00fcllen des spezifischen Formulars auf der Seite Mit uns arbeiten&#8221;), werden Sie um Ihre ausdr\u00fcckliche Zustimmung gebeten.<\/p>\n<p>Der f\u00fcr die Verarbeitung Verantwortliche ist daher berechtigt, Ihre personenbezogenen Daten zu verarbeiten, um eine von Ihnen angeforderte Dienstleistung auszuf\u00fchren und zu erbringen, durch Ihre ausdr\u00fcckliche Zustimmung sowie durch die Verfolgung eines berechtigten Interesses, wie z. B. die Verhinderung oder Aufdeckung von betr\u00fcgerischen Handlungen oder Missbrauch zum Nachteil der Website oder die Wahrnehmung Ihrer Rechte vor Gericht.<\/p>\n<p>Die Verarbeitung Ihrer pers\u00f6nlichen Daten bei I.MI.L..  Plast Srl, die mit oder ohne elektronische Hilfsmittel durchgef\u00fchrt werden, werden zu rein funktionalen Zwecken von Personen innerhalb des I.MI.L. durchgef\u00fchrt. Plast Srl durchgef\u00fchrt, die entsprechend instruiert und formell autorisiert sind (Bereiche der Informationstechnologie, Personalauswahl, etc&#8230;); von externen Managern, Dienstleistern mit nachgewiesener Kompetenz und Zuverl\u00e4ssigkeit, die nach den Anweisungen des Eigent\u00fcmers und unter seiner Kontrolle arbeiten (Hardware- und Software-Wartung, Website-Provider, etc&#8230;) sowie von m\u00f6glichen externen Subjekten, die als autonome Eigent\u00fcmer der Behandlung agieren, die im Namen von I.MI.L. Plast Srl Aufgaben technischer, organisatorischer oder operativer Art ausf\u00fchren.<\/p>\n<p>Die \u00fcbermittelten Daten werden ausschlie\u00dflich von I.MI.L. Plast Srl verwendet, nicht an Dritte weitergegeben, nicht verbreitet und nicht in L\u00e4nder au\u00dferhalb der EU \u00fcbermittelt. Die personenbezogenen Daten werden auf Servern in der Europ\u00e4ischen Union verwaltet und gespeichert. Der f\u00fcr die Datenverarbeitung Verantwortliche hat jedoch das Recht, den Standort der Server nach Italien und\/oder in die Europ\u00e4ische Union und\/oder in Nicht-EU-L\u00e4nder zu verlegen, wenn dies erforderlich ist. Im letztgenannten Fall erfolgt die \u00dcbermittlung im Einklang mit den geltenden Rechtsvorschriften, indem gegebenenfalls Vereinbarungen geschlossen werden, die ein angemessenes Schutzniveau gew\u00e4hrleisten, und\/oder indem die von der Europ\u00e4ischen Kommission vorgesehenen Standardvertragsklauseln \u00fcbernommen werden, um ein angemessenes Schutzniveau zu gew\u00e4hrleisten.<\/p>\n<p>Ihre Daten k\u00f6nnen zu den oben genannten Zwecken an Aufsichtsbeh\u00f6rden, Strafverfolgungsbeh\u00f6rden, Justizbeh\u00f6rden oder die Justiz auf deren ausdr\u00fccklichen Wunsch oder aufgrund gesetzlicher Bestimmungen im Rahmen von Ermittlungen und Kontrollen weitergegeben werden. Sie k\u00f6nnen auch an Dritte (z. B. Fachleute, Gesch\u00e4ftspartner usw.) in ihrer Eigenschaft als unabh\u00e4ngige Inhaber der Datenverarbeitung oder als Datenverarbeiter f\u00fcr die Durchf\u00fchrung von T\u00e4tigkeiten \u00fcbermittelt werden, die den oben genannten Zwecken dienen.<\/p>\n<p>Die in den Schreiben enthaltenen personenbezogenen Daten werden so lange aufbewahrt, wie es f\u00fcr die Erledigung der Anfrage (Informationen, Beschwerden usw.) oder der Dienstleistung erforderlich ist.<\/p>\n<p>Wenn der Zweck der Mitteilung darin besteht, Ihre Bewerbung f\u00fcr eventuelle Personalauswahlma\u00dfnahmen zu \u00fcbermitteln, werden der \u00fcbermittelte Lebenslauf oder die in das Formular &#8220;Arbeiten Sie mit uns&#8221; eingegebenen Daten 48 Monate lang nach Erhalt aufbewahrt.<\/p>\n<p>Der Inhaber der Datenverarbeitung ist die Firma I.MI.L. Plast Srl, mit Sitz und Gesch\u00e4ftsleitung in Zona Industriale &#8211; C.da Lavandaia 3, 86022 Limosano (CB).<\/p>\n<p>E-mail: info@imilplast.it<\/p>\n<p>Der Nutzer der Website www.imilplast.it hat das Recht, jederzeit: die Einwilligung zur Verarbeitung zu widerrufen, ohne dass die Rechtm\u00e4\u00dfigkeit der Verarbeitung aufgrund der vor dem Widerruf eingeholten Einwilligung ber\u00fchrt wird (Art. 7, \u00a7 3 GDPR); Auskunft \u00fcber seine Daten zu verlangen (Art. 15 DSGVO), ihre unverz\u00fcgliche Berichtigung (Art. 16 DSGVO) oder ihre L\u00f6schung (Art. 17 DSGVO), die Einschr\u00e4nkung der Verarbeitung (Art. 18 DSGVO) oder die M\u00f6glichkeit, der Verarbeitung zu widersprechen (Art. 21 DSGVO) sowie das Recht auf Daten\u00fcbertragbarkeit (Art. 20 DSGVO) zu verlangen.<br \/>\nDie betroffene Person hat das Recht, eine Beschwerde bei der Aufsichtsbeh\u00f6rde einzureichen, die in Italien Datenschutzbeh\u00f6rde ist. Er kann diese und andere in der Verordnung (EU) 2016\/679 vorgesehene Rechte geltend machen, indem er den f\u00fcr die Verarbeitung Verantwortlichen einfach unter info@imilplast.ita benachrichtigt.<\/p>\n<p>[\/et_pb_text][\/et_pb_column][\/et_pb_row][\/et_pb_section]<\/p>\n","protected":false},"excerpt":{"rendered":"<p>[et_pb_section fb_built=&#8221;1&#8243; _builder_version=&#8221;4.0.5&#8243;][et_pb_row _builder_version=&#8221;4.0.5&#8243;][et_pb_column type=&#8221;4_4&#8243; _builder_version=&#8221;4.0.5&#8243;][et_pb_text _builder_version=&#8221;4.0.5&#8243; hover_enabled=&#8221;0&#8243;] Privacy Policy Sehr geehrter Nutzer, in \u00dcbereinstimmung mit der allgemeinen Verordnung \u00fcber den Schutz personenbezogener Daten (GDPR) informieren wir Sie dar\u00fcber, dass die fakultative, ausdr\u00fcckliche und freiwillige Zusendung von elektronischer Post an die auf dieser Website angegebenen Adressen die anschlie\u00dfende Erfassung der Adresse des Absenders sowie anderer [&hellip;]<\/p>\n","protected":false},"author":1,"featured_media":0,"parent":0,"menu_order":0,"comment_status":"closed","ping_status":"closed","template":"","meta":{"_et_pb_use_builder":"on","_et_pb_old_content":"[et_pb_section fb_built=\"1\" _builder_version=\"4.0.5\"][et_pb_row _builder_version=\"4.0.5\"][et_pb_column type=\"4_4\" _builder_version=\"4.0.5\"][et_pb_text _builder_version=\"4.0.5\" hover_enabled=\"0\"]\n<p align=\"LEFT\">Gentile utente, ai sensi del Regolamento Generale sulla Protezione dei Dati Personali (GDPR), La informiamo che l\u2019invio facoltativo, esplicito e volontario di posta elettronica agli indirizzi indicati su questo sito comporta la successiva acquisizione dell\u2019indirizzo del mittente nonch\u00e9 degli eventuali altri dati personali inseriti nella missiva, il cui trattamento sar\u00e0 finalizzato esclusivamente a rispondere alle richieste e\/o erogare il servizio desiderato oltre che allo svolgimento delle ordinarie attivit\u00e0 di gestione e manutenzione del sito web e all\u2019adempimento di eventuali obblighi previsti dalla legge, da un regolamento o dalla normativa comunitaria. La<strong> I.MI.L. Plast Srl<\/strong>, in qualit\u00e0 di Titolare, garantisce che il loro trattamento si svolge nel rispetto dei diritti e delle libert\u00e0 fondamentali, nonch\u00e9 della dignit\u00e0 dell\u2019interessato.<\/p>\nA parte quanto specificato per i dati di navigazione nella Policy del nostro sito web<span>&nbsp;<\/span><u>www.imilplast.it<\/u><span>&nbsp;<\/span>e nella specifica Informativa sui Cookie, delle quali La invitiamo a prendere visione, il conferimento dei dati personali in oggetto ha natura facoltativa ma \u00e8 indispensabile per permettere alla nostra azienda di adempiere alle attivit\u00e0 previste in risposta al servizio o alla prestazione da Lei richiestaci (registrazione al sito web, notizie ed informazioni, candidature, segnalazioni e reclami, etc\u2026).\n\nQualora il trattamento da parte della<b><span> I.MI.L. Plast Srl<\/span><\/b><span>&nbsp;<\/span>dovesse riguardare dati di natura particolare di cui all\u2019art. 9 GDPR (dati \u201csensibili\u201d) (ad es. per inoltro di un suo Curriculum Vitae o di una sua candidatura spontanea, attraverso la compilazione dell\u2019apposito form disponibile alla pagina \u201cLavora con noi\u201d), Le verr\u00e0 richiesto un esplicito consenso.\n\nIl Titolare sar\u00e0, dunque, legittimato al trattamento dei Suoi dati personali per dare esecuzione e risposta ad un servizio da Lei richiesto, da Suo esplicito consenso nonch\u00e9 dal perseguimento di un legittimo interesse, quale, ad es., la prevenzione o la scoperta di attivit\u00e0 fraudolente o di abusi dannosi per il sito o l\u2019esercizio dei suoi diritti in sede giudiziaria.\n\nIl trattamento dei Suoi dati personali presso la<strong> I.MI.L. Plast Srl<\/strong>, effettuato con o senza l\u2019ausilio di strumenti elettronici, avverr\u00e0, per i soli fini funzionali, ad opera di soggetti interni alla<span> <strong>I.MI.L. Plast Srl<\/strong><\/span>, adeguatamente istruiti e formalmente autorizzati allo stesso (aree Information Technology, Selezione del Personale, etc...); di Responsabili esterni, fornitori di servizi di comprovata competenza ed affidabilit\u00e0, che opereranno secondo le istruzioni del Titolare e sotto il suo controllo (manutenzione hardware e software, provider sito web, etc...) nonch\u00e9 di eventuali soggetti esterni, operanti quali autonomi titolari di trattamento, che svolgono, per conto della<span> <strong>I.MI.L. Plast Srl<\/strong><\/span>, compiti di natura tecnica, organizzativa od operativa.\n\nI dati forniti verranno utilizzati solo dalla<span> <strong>I.MI.L. Plast Srl<\/strong><\/span>, non saranno ceduti a terzi, non saranno soggetti a diffusione n\u00e9 saranno trasferiti in paesi extra UE. La gestione e la conservazione dei dati personali avverr\u00e0 su server ubicati all\u2019interno dell\u2019Unione Europea. Tuttavia, ove si rendesse necessario, il Titolare avr\u00e0 facolt\u00e0 di spostare l\u2019ubicazione dei server in Italia e\/o nell\u2019Unione Europea e\/o in Paesi extra-UE. In quest\u2019ultimo caso, per assicurare un adeguato livello di protezione degli stessi, il trasferimento avverr\u00e0 in conformit\u00e0 alle disposizioni di legge applicabili stipulando, se necessario, accordi che garantiscano un livello di protezione adeguato e\/o adottando le clausole contrattuali standard previste dalla Commissione Europea.\n\nI Suoi Dati potranno essere comunicati, per le finalit\u00e0 di cui sopra, a organi di controllo, forze dell\u2019ordine, autorit\u00e0 giudiziarie o magistratura, su loro espressa richiesta o in forza di legge, nel corso di indagini e controlli. Essi potranno essere, altres\u00ec, comunicati a soggetti terzi (ad esempio, liberi professionisti, partners commerciali, etc.), in qualit\u00e0 di autonomi titolari o responsabili del trattamento, per lo svolgimento di attivit\u00e0 strumentali alle finalit\u00e0 di cui sopra.\n\nI dati personali contenuti nelle missive saranno conservati per il tempo necessario al soddisfacimento della richiesta (informazioni, reclami, etc.) o del servizio.\n<p align=\"LEFT\">Qualora la comunicazione sia finalizzata all\u2019inoltro della propria candidatura per eventuali attivit\u00e0 di selezione di personale, il Curriculum Vitae fornito o i dati inseriti nell\u2019apposito form \u201cLavora con noi\u201d, saranno conservati per 48 mesi dal ricevimento.<\/p>\n<strong>Titolare<\/strong><span>&nbsp;<\/span>del trattamento in oggetto \u00e8 la<strong><span> I.MI.L. Plast Srl<\/span><\/strong>, con sede legale e operativa in Zona Industriale - C.da Lavandaia 3, 86022 Limosano (CB)\n<p align=\"LEFT\">E-mail:<span>&nbsp;<\/span><a href=\"mailto:info@altergon.it\"><u><span color=\"#0066cc\" style=\"color: #0066cc;\">info@imilplast.it<\/span><\/u><\/a><\/p>\nL\u2019utente del sito web<span>&nbsp;<\/span><u>www.imilplast.it<\/u><span>&nbsp;<\/span>ha il diritto, in qualunque momento, di: revocare il consenso al trattamento senza pregiudizio per la liceit\u00e0 del trattamento basata sul consenso acquisito prima della revoca (art. 7, \u00a7 3 GDPR); chiedere l\u2019accesso ai propri dati (art. 15 GDPR), la rettifica degli stessi senza ingiustificato ritardo (art. 16 GDPR) o la loro cancellazione (art. 17 GDPR); chiedere la limitazione del trattamento (art. 18 GDPR) o la possibilit\u00e0 di opporsi al trattamento (art. 21 GDPR) nonch\u00e9 il diritto di richiedere la portabilit\u00e0 dei dati (art. 20 GDPR).\nAll\u2019interessato viene riconosciuto il diritto di proporre reclamo dinanzi all'Autorit\u00e0 di Controllo che, in Italia, \u00e8 il Garante per la Protezione dei Dati Personali. Egli potr\u00e0 far valere questi e gli altri diritti previsti dal Regolamento (UE) 2016\/679, tramite semplice comunicazione al Titolare, rivolta all\u2019indirizzo<span>&nbsp;<\/span><a href=\"mailto:info@altergon.it\"><u><span color=\"#0066cc\" style=\"color: #0066cc;\">info@altergon.it<\/span><\/u><\/a>\n\n[\/et_pb_text][\/et_pb_column][\/et_pb_row][\/et_pb_section]"},"_links":{"self":[{"href":"https:\/\/imilplast.it\/wp-json\/wp\/v2\/pages\/3"}],"collection":[{"href":"https:\/\/imilplast.it\/wp-json\/wp\/v2\/pages"}],"about":[{"href":"https:\/\/imilplast.it\/wp-json\/wp\/v2\/types\/page"}],"author":[{"embeddable":true,"href":"https:\/\/imilplast.it\/wp-json\/wp\/v2\/users\/1"}],"replies":[{"embeddable":true,"href":"https:\/\/imilplast.it\/wp-json\/wp\/v2\/comments?post=3"}],"version-history":[{"count":8,"href":"https:\/\/imilplast.it\/wp-json\/wp\/v2\/pages\/3\/revisions"}],"predecessor-version":[{"id":766,"href":"https:\/\/imilplast.it\/wp-json\/wp\/v2\/pages\/3\/revisions\/766"}],"wp:attachment":[{"href":"https:\/\/imilplast.it\/wp-json\/wp\/v2\/media?parent=3"}],"curies":[{"name":"wp","href":"https:\/\/api.w.org\/{rel}","templated":true}]}}