{"id":196,"date":"2020-02-11T12:45:55","date_gmt":"2020-02-11T11:45:55","guid":{"rendered":"https:\/\/imilplast.it\/?page_id=196"},"modified":"2020-07-16T17:14:52","modified_gmt":"2020-07-16T15:14:52","slug":"cookie-policy","status":"publish","type":"page","link":"https:\/\/imilplast.it\/cookie-policy\/","title":{"rendered":"Cookie Policy"},"content":{"rendered":"<p>[et_pb_section fb_built=&#8221;1&#8243; _builder_version=&#8221;4.0.5&#8243;][et_pb_row _builder_version=&#8221;4.0.5&#8243;][et_pb_column type=&#8221;4_4&#8243; _builder_version=&#8221;4.0.5&#8243;][et_pb_text _builder_version=&#8221;4.0.5&#8243;]<\/p>\n<h1>COOKIE POLICY<\/h1>\n<p>&nbsp;<\/p>\n<p>Diese Informationen werden gem\u00e4\u00df Artikel 13 der Verordnung (EU) 679\/2016 (&#8220;GDPR&#8221;) denjenigen zur Verf\u00fcgung gestellt, die auf die Website www.imilplast.it zugreifen und darin navigieren, um die Nutzer \u00fcber die Arten von Cookies zu informieren, die von der Website verwendet werden, sowie dar\u00fcber, wie sie entfernt und deaktiviert werden k\u00f6nnen.<\/p>\n<p>Der f\u00fcr die Datenverarbeitung Verantwortliche ist I.MI.L. Plast Srl, mit rechtlichem und operativem Sitz in Industriegebiet &#8211; C.da Lavandaia 3, 86022 Limosano (CB) mit der Umsatzsteueridentifikationsnummer 01367690433.<\/p>\n<p>Ein &#8220;Cookie&#8221; ist eine Textdatei, die an einem bestimmten Ort auf der Festplatte des vom Nutzer verwendeten Ger\u00e4ts (z. B. Computer, Tablet, Smartphone usw.) gespeichert werden kann, wenn der Nutzer die Website \u00fcber den gew\u00e4hlten Browser besucht, und die der Zustimmung des Nutzers unterliegen kann, sofern es sich nicht um technische Cookies handelt. Das Cookie erm\u00f6glicht die Identifizierung des Ger\u00e4ts, auf dem das Cookie gespeichert ist, solange das Cookie g\u00fcltig oder registriert ist.<\/p>\n<p>Cookies k\u00f6nnen verwendet werden, um die Nutzung der Website zu erleichtern und sie besser auf Ihre Interessen und Bed\u00fcrfnisse abzustimmen. Cookies k\u00f6nnen auch verwendet werden, um Ihre zuk\u00fcnftigen Erfahrungen und Aktivit\u00e4ten auf unserer Website zu beschleunigen, um Ihnen einen umfassenden, personalisierten Zugang zu wichtigen Diensten zu erm\u00f6glichen und um andere Dienste anzubieten, die Ihren Besuch verbessern k\u00f6nnen. Wir verwenden Cookies auch, um anonyme Gesamtstatistiken zu erstellen, die uns dabei helfen, die Nutzung unserer Website zu verstehen und die Gestaltung und den Inhalt unserer Website zu verbessern. Wir sind zuversichtlich, dass dies das Vertrauen der Nutzer in unsere Dienste maximieren wird.<\/p>\n<p>Sie k\u00f6nnen Ihre Cookie-Einstellungen jedoch jederzeit \u00e4ndern. Nachstehend finden Sie weitere Informationen \u00fcber Cookies und wie Sie deren Einstellungen verwalten k\u00f6nnen.<\/p>\n<h2>\nWELCHE ARTEN VON COOKIES VERWENDEN WIR?<\/h2>\n<p>TECHNISCHE COOKIES<\/p>\n<p>Diese Cookies sind f\u00fcr das ordnungsgem\u00e4\u00dfe Funktionieren der Website unerl\u00e4sslich und erm\u00f6glichen es den Nutzern, auf unserer Website zu navigieren und ihre Funktionen zu nutzen. Zum Beispiel die Speicherung fr\u00fcherer Aktionen (eingegebene Texte) bei der R\u00fcckkehr zu einer Seite w\u00e4hrend derselben Sitzung. Diese Cookies identifizieren Sie nicht als Person. Wenn Sie diese Cookies nicht akzeptieren, kann die Leistung der Website oder von Teilen der Website beeintr\u00e4chtigt werden. Im Falle von technischen Cookies ist gem\u00e4\u00df der Bestimmung des Garanten vom 8. Mai 2014 keine Zustimmung der betroffenen Person erforderlich.<\/p>\n<h2>\nCOOKIE ANALYTICS<\/h2>\n<p>Cookies dieser Kategorie werden verwendet, um Informationen \u00fcber die Nutzung der Website aufzuzeichnen. Wir verwenden diese Informationen im Rahmen einer aggregierten statistischen Analyse, um die Nutzung der Website zu verbessern und ihre Inhalte interessanter und relevanter f\u00fcr die W\u00fcnsche der Nutzer zu gestalten. Diese Art von Cookies sammelt in anonymer Form Daten \u00fcber die Aktivit\u00e4ten der Nutzer und dar\u00fcber, wie sie auf die Website gelangt sind. Analytische Cookies werden von der Website selbst oder von Dom\u00e4nen Dritter gesendet.<\/p>\n<p>Cookies dieser Kategorie werden verwendet, um Informationen \u00fcber die Nutzung der Website aufzuzeichnen. Wir verwenden diese Informationen im Rahmen einer aggregierten statistischen Analyse, um die Nutzung der Website zu verbessern und ihre Inhalte interessanter und relevanter f\u00fcr die W\u00fcnsche der Nutzer zu gestalten. Diese Art von Cookies sammelt in anonymer Form Daten \u00fcber die Aktivit\u00e4ten der Nutzer und dar\u00fcber, wie sie auf die Website gelangt sind. Analytische Cookies werden von der Website selbst oder von Dom\u00e4nen Dritter gesendet.<\/p>\n<p>Die Website verwendet Google Analytics ausschlie\u00dflich zu statistischen Zwecken. Dies ist ein Webanalysedienst, der von Google Inc. (&#8220;Google&#8221;), die Cookies verwenden, die auf dem Computer des Nutzers gespeichert werden, um eine statistische Analyse in aggregierter Form \u00fcber die Nutzung der besuchten Website zu erm\u00f6glichen; es wird darauf hingewiesen, dass Google neben Cookies auch ein Z\u00e4hlpixel verwendet http:\/\/www.google.it\/intl\/it\/policies\/privacy\/key-terms\/. Die von Google Analytics erzeugten Daten werden von Google f\u00fcr die Dauer und in der Art und Weise gespeichert, wie sie in den hier verf\u00fcgbaren Informationen angegeben sind https:\/\/developers.google.com\/analytics\/devguides\/collection\/analyticsjs\/cookie-usage. Um die Datenschutzbestimmungen der Firma Google Inc, den unabh\u00e4ngigen Inhaber der Datenverarbeitung f\u00fcr den Dienst Google Analytics, verweisen wir auf die Website http:\/\/www.google.com\/intl\/en\/analytics\/privacyoverview.html. Der Dienst Google Analytics, der von dieser Website zu rein statistischen Zwecken verwendet wird, ist bei der Landung aktiviert, und es ist keine Zustimmung des Nutzers f\u00fcr die Freigabe der entsprechenden Cookies erforderlich: Das Browser-Add-on zur Deaktivierung von Google Analytics finden Sie jedoch unter dem folgenden Link https:\/\/tools.google.com\/dlpage\/gaoptout?hl=it.<\/p>\n<h2>\nBEHANDLUNGSMETHODEN<\/h2>\n<p>Die Verarbeitung erfolgt mit automatisierten Instrumenten durch den Inhaber der Datenverarbeitung, seine internen Datenschutzbeauftragten und Beauftragten, die entsprechend geschult und offiziell benannt sind, sowie durch externe Manager und Dienstleister, die von der I.MI.L. bewertet und ausgew\u00e4hlt wurden. Plast Srl f\u00fcr ihre bew\u00e4hrte Zuverl\u00e4ssigkeit und Kompetenz. Es findet keine Verbreitung oder Mitteilung statt.<\/p>\n<h2>\nDATENBEREITSTELLUNG<\/h2>\n<p>Mit Ausnahme der technischen Cookies, die f\u00fcr das normale Surfen unbedingt erforderlich sind, bleibt die Bereitstellung von Daten dem Willen des Interessenten \u00fcberlassen, der sich nach der Lekt\u00fcre dieses Informationsschreibens f\u00fcr das Surfen auf der Website entscheidet. Der Interessent kann daher die Installation von analytischen Cookies vermeiden, indem er die nachstehenden Anweisungen befolgt.<\/p>\n<h2>\nWIE KANN ICH COOKIES \u00dcBERPR\u00dcFEN ODER L\u00d6SCHEN?<\/h2>\n<p>Sie k\u00f6nnen alle Arten von Cookies ablehnen und trotzdem auf unserer Website surfen. Sie sollten sich dar\u00fcber im Klaren sein, dass Sie die Verwendung von Cookies akzeptieren, wenn Sie weiter navigieren, indem Sie auf einen anderen Bereich der Website zugreifen oder ein Element der Website ausw\u00e4hlen (z. B. ein Bild oder einen Link).<br \/>\nDie meisten Internet-Browser sind zun\u00e4chst so eingestellt, dass sie Cookies automatisch akzeptieren. Sie k\u00f6nnen diese Einstellungen \u00e4ndern, um Cookies zu blockieren oder um benachrichtigt zu werden, wenn Cookies an Ihr Ger\u00e4t gesendet werden. Es gibt mehrere M\u00f6glichkeiten, Cookies zu verwalten. Wie Sie die Einstellungen Ihres Browsers anpassen oder \u00e4ndern k\u00f6nnen, entnehmen Sie bitte der Bedienungsanleitung oder dem Hilfebildschirm Ihres Browsers. Wenn Sie die von uns verwendeten Cookies deaktivieren, kann sich dies auf Ihren Besuch auf unserer Website auswirken: Sie k\u00f6nnen beispielsweise bestimmte Bereiche nicht besuchen oder erhalten keine personalisierten Informationen, wenn Sie die Website besuchen. Wenn Sie verschiedene Ger\u00e4te verwenden, um die Internetseiten anzusehen und darauf zuzugreifen (z. B. Computer, Smartphones, Tablets usw.), m\u00fcssen Sie sicherstellen, dass jeder Browser auf jedem Ger\u00e4t so eingestellt ist, dass er Ihren Cookie-Einstellungen entspricht.<\/p>\n<h2>\n\u00dcBER DEN BROWSER VERF\u00dcGBARE AUSWAHLM\u00d6GLICHKEITEN<\/h2>\n<p>Sie k\u00f6nnen Ihren Browser so konfigurieren, dass er die Speicherung von Cookies auf Ihrem Ger\u00e4t zul\u00e4sst, sie automatisch ablehnt oder einige von ihnen zur\u00fcckweist. Sie k\u00f6nnen Ihren Browser auch so konfigurieren, dass eine Aufforderung zur Annahme oder Ablehnung von Cookies angezeigt wird, bevor das Cookie installiert wird. Weitere Informationen finden Sie in Abschnitt c) &#8220;Wie Sie Ihre Wahlm\u00f6glichkeiten im Browser nutzen k\u00f6nnen&#8221;.<\/p>\n<h2>\n(A) ANNAHME VON COOKIES<\/h2>\n<p>Die Nutzer k\u00f6nnen entscheiden, ob sie die Installation von Cookies auf ihrem Ger\u00e4t akzeptieren oder nicht. Es steht dem Nutzer frei, seine Wahl zu treffen und sie jederzeit \u00fcber die Einstellungen des auf dem Ger\u00e4t verwendeten Browsers zu \u00e4ndern. Wenn der Browser so eingestellt ist, dass er die Installation von Cookies auf dem Ger\u00e4t des Nutzers akzeptiert, werden die von den besuchten Webseiten verwendeten Cookies vor\u00fcbergehend in einem speziellen Bereich auf dem Ger\u00e4t des Nutzers gespeichert. Sie k\u00f6nnen nur von der Person gelesen werden, die das Cookie installiert hat.<\/p>\n<h2>\n(B) ABLEHNUNG VON COOKIES<\/h2>\n<p>Sollte der Nutzer die Installation von Cookies auf seinem Ger\u00e4t ablehnen oder bereits gespeicherte Cookies l\u00f6schen, k\u00f6nnen die f\u00fcr die Navigation in bestimmten Bereichen der Website erforderlichen Funktionen nicht genutzt werden. Dies ist z. B. bei bestimmten Inhalten oder Diensten der Fall, die eine Anmeldung f\u00fcr den Zugang erfordern. Au\u00dferdem ist es im Zusammenhang mit der technischen Kompatibilit\u00e4t m\u00f6glicherweise nicht m\u00f6glich, den vom Nutzer auf seinem Ger\u00e4t verwendeten Browsertyp, die Standardsprache oder das Land, von dem aus dem Endger\u00e4t angeschlossen ist, zu erkennen. Wenn Ihr Browser so eingestellt ist, dass er die Installation von Cookies auf Ihrem Ger\u00e4t verweigert, \u00fcbernehmen wir keine Verantwortung f\u00fcr die eingeschr\u00e4nkte Funktionalit\u00e4t der Dienste, die daraus resultiert, dass Sie uns nicht erlauben, Informationen zu speichern und anzuzeigen, die f\u00fcr den vollst\u00e4ndigen Betrieb der Website und der Dienste erforderlich sind.<\/p>\n<h2>\n(C) WIE DIE WAHLM\u00d6GLICHKEITEN DES BROWSERS GENUTZT WERDEN K\u00d6NNEN<\/h2>\n<p>Jeder Browser bietet unterschiedliche M\u00f6glichkeiten zur Verwaltung von Cookies und deren Einstellungen. Die Konfiguration des Browsers wird im Men\u00fc &#8220;Hilfe&#8221; der Symbolleiste beschrieben, die sich in den meisten Browsern befindet; dort finden Sie Informationen dar\u00fcber, wie Sie die Cookie-Einstellungen \u00e4ndern k\u00f6nnen.<\/p>\n<p>F\u00fcr Internet Explorer\u2122: <a href=\"http:\/\/windows.microsoft.com\/it-IT\/windows-vista\/Block-or-allow-cookies\">http:\/\/windows.microsoft.com\/it-IT\/windows-vista\/Block-or-allow-cookies<\/a>,<br \/>\nF\u00fcr Safari\u2122: <a href=\"http:\/\/docs.info.apple.com\/article.html?path=Safari\/3.0\/it\/9277.html\">http:\/\/docs.info.apple.com\/article.html?path=Safari\/3.0\/it\/9277.html<\/a>,<br \/>\nF\u00fcr Chrome\u2122: <a href=\"http:\/\/support.google.com\/chrome\/bin\/answer.py?hl=it&amp;hlrm=en&amp;answer=95647\">http:\/\/support.google.com\/chrome\/bin\/answer.py?hl=it&amp;hlrm=en&amp;answer=95647<\/a>,<br \/>\nF\u00fcr Firefox\u2122: <a href=\"https:\/\/support.mozilla.org\/it\/kb\/Attivare%20e%20disattivare%20i%20cookie\">https:\/\/support.mozilla.org\/it\/kb\/Attivare%20e%20disattivare%20i%20cookie<\/a>,<br \/>\nF\u00fcr Opera\u2122: <a href=\"http:\/\/help.opera.com\/Windows\/10.20\/it\/cookies.html\">http:\/\/help.opera.com\/Windows\/10.20\/it\/cookies.html<\/a><\/p>\n<h2>\nRECHTE DER BETROFFENEN PERSON<\/h2>\n<p>Die Verordnung (EU) 2016\/679 r\u00e4umt der betroffenen Person das Recht ein, jederzeit die Einwilligung zur Verarbeitung zu widerrufen (Art. 7, \u00a7 3 DSGVO), Auskunft \u00fcber ihre Daten (Art. 15 DSGVO), deren unverz\u00fcgliche Berichtigung (Art. 16 DSGVO) oder L\u00f6schung (Art. 17 DSGVO) zu verlangen, die Einschr\u00e4nkung der Verarbeitung (Art. 18 DSGVO) oder die M\u00f6glichkeit, der Verarbeitung zu widersprechen (Art. 21 DSGVO) sowie die Daten\u00fcbertragbarkeit (Art. 20 DSGVO) zu beantragen. Die betroffene Person kann diese und die anderen in der Verordnung (EU) Nr. 679\/2016 vorgesehenen Rechte geltend machen, indem sie den f\u00fcr die Verarbeitung Verantwortlichen, die I.MI.L., einfach benachrichtigt. Plast Srl, mit rechtlichem und operativem Sitz in Zona Industriale &#8211; C.da Lavandaia 3, 86022 Limosano (CB) &#8211; E-mail: info@imilplast.it<br \/>\n[\/et_pb_text][\/et_pb_column][\/et_pb_row][\/et_pb_section]<\/p>\n","protected":false},"excerpt":{"rendered":"<p>[et_pb_section fb_built=&#8221;1&#8243; _builder_version=&#8221;4.0.5&#8243;][et_pb_row _builder_version=&#8221;4.0.5&#8243;][et_pb_column type=&#8221;4_4&#8243; _builder_version=&#8221;4.0.5&#8243;][et_pb_text _builder_version=&#8221;4.0.5&#8243;] COOKIE POLICY &nbsp; Diese Informationen werden gem\u00e4\u00df Artikel 13 der Verordnung (EU) 679\/2016 (&#8220;GDPR&#8221;) denjenigen zur Verf\u00fcgung gestellt, die auf die Website www.imilplast.it zugreifen und darin navigieren, um die Nutzer \u00fcber die Arten von Cookies zu informieren, die von der Website verwendet werden, sowie dar\u00fcber, wie sie entfernt [&hellip;]<\/p>\n","protected":false},"author":1,"featured_media":0,"parent":0,"menu_order":0,"comment_status":"closed","ping_status":"closed","template":"","meta":{"_et_pb_use_builder":"on","_et_pb_old_content":"<!-- wp:heading -->\n<h2>Chi siamo<\/h2>\n<!-- \/wp:heading -->\n\n<!-- wp:paragraph -->\n<p>L'indirizzo del nostro sito web \u00e8: https:\/\/imilplast.it.<\/p>\n<!-- \/wp:paragraph -->\n\n<!-- wp:heading -->\n<h2>Quali dati personali raccogliamo e perch\u00e9 li raccogliamo<\/h2>\n<!-- \/wp:heading -->\n\n<!-- wp:heading {\"level\":3} -->\n<h3>Commenti<\/h3>\n<!-- \/wp:heading -->\n\n<!-- wp:paragraph -->\n<p>Quando i visitatori lasciano commenti sul sito, raccogliamo i dati mostrati nel modulo dei commenti oltre all'indirizzo IP del visitatore e la stringa dello user agent del browser per facilitare il rilevamento dello spam.<\/p>\n<!-- \/wp:paragraph -->\n\n<!-- wp:paragraph -->\n<p>Una stringa anonimizzata creata a partire dal tuo indirizzo email (altrimenti detta hash) pu\u00f2 essere fornita al servizio Gravatar per vedere se lo stai usando. La privacy policy del servizio Gravatar \u00e8 disponibile qui: https:\/\/automattic.com\/privacy\/. Dopo l'approvazione del tuo commento, la tua immagine del profilo \u00e8 visibile al pubblico nel contesto del tuo commento.<\/p>\n<!-- \/wp:paragraph -->\n\n<!-- wp:heading {\"level\":3} -->\n<h3>Media<\/h3>\n<!-- \/wp:heading -->\n\n<!-- wp:paragraph -->\n<p>Se carichi immagini sul sito web, dovresti evitare di caricare immagini che includono i dati di posizione incorporati (EXIF GPS). I visitatori del sito web possono scaricare ed estrarre qualsiasi dato sulla posizione dalle immagini sul sito web.<\/p>\n<!-- \/wp:paragraph -->\n\n<!-- wp:heading {\"level\":3} -->\n<h3>Modulo di contatto<\/h3>\n<!-- \/wp:heading -->\n\n<!-- wp:heading {\"level\":3} -->\n<h3>Cookie<\/h3>\n<!-- \/wp:heading -->\n\n<!-- wp:paragraph -->\n<p>Se lasci un commento sul nostro sito, puoi scegliere di salvare il tuo nome, indirizzo email e sito web nei cookie. Sono usati per la tua comodit\u00e0 in modo che tu non debba inserire nuovamente i tuoi dati quando lasci un altro commento. Questi cookie dureranno per un anno.<\/p>\n<!-- \/wp:paragraph -->\n\n<!-- wp:paragraph -->\n<p>Se visiti la pagina di login, verr\u00e0 impostato un cookie temporaneo per determinare se il tuo browser accetta i cookie. Questo cookie non contiene dati personali e viene eliminato quando chiudi il browser.<\/p>\n<!-- \/wp:paragraph -->\n\n<!-- wp:paragraph -->\n<p>Quando effettui l'accesso, verranno impostati diversi cookie per salvare le tue informazioni di accesso e le tue opzioni di visualizzazione dello schermo. I cookie di accesso durano due giorni mentre i cookie per le opzioni dello schermo durano un anno. Se selezioni \"Ricordami\", il tuo accesso persister\u00e0 per due settimane. Se esci dal tuo account, i cookie di accesso verranno rimossi.<\/p>\n<!-- \/wp:paragraph -->\n\n<!-- wp:paragraph -->\n<p>Se modifichi o pubblichi un articolo, un cookie aggiuntivo verr\u00e0 salvato nel tuo browser. Questo cookie non include dati personali, ma indica semplicemente l'ID dell'articolo appena modificato. Scade dopo 1 giorno.<\/p>\n<!-- \/wp:paragraph -->\n\n<!-- wp:heading {\"level\":3} -->\n<h3>Contenuto incorporato da altri siti web<\/h3>\n<!-- \/wp:heading -->\n\n<!-- wp:paragraph -->\n<p>Gli articoli su questo sito possono includere contenuti incorporati (ad esempio video, immagini, articoli, ecc.). I contenuti incorporati da altri siti web si comportano esattamente allo stesso modo come se il visitatore avesse visitato l'altro sito web.<\/p>\n<!-- \/wp:paragraph -->\n\n<!-- wp:paragraph -->\n<p>Questi siti web possono raccogliere dati su di te, usare cookie, integrare ulteriori tracciamenti di terze parti e monitorare l'interazione con essi, incluso il tracciamento della tua interazione con il contenuto incorporato se hai un account e sei connesso a quei siti web.<\/p>\n<!-- \/wp:paragraph -->\n\n<!-- wp:heading {\"level\":3} -->\n<h3>Analytics<\/h3>\n<!-- \/wp:heading -->\n\n<!-- wp:heading -->\n<h2>Con chi condividiamo i tuoi dati<\/h2>\n<!-- \/wp:heading -->\n\n<!-- wp:heading -->\n<h2>Per quanto tempo conserviamo i tuoi dati<\/h2>\n<!-- \/wp:heading -->\n\n<!-- wp:paragraph -->\n<p>Se lasci un commento, il commento e i relativi metadati vengono conservati a tempo indeterminato. \u00c8 cos\u00ec che possiamo riconoscere e approvare automaticamente eventuali commenti successivi invece di tenerli in una coda di moderazione.<\/p>\n<!-- \/wp:paragraph -->\n\n<!-- wp:paragraph -->\n<p>Per gli utenti che si registrano sul nostro sito web (se presenti), memorizziamo anche le informazioni personali che forniscono nel loro profilo utente. Tutti gli utenti possono vedere, modificare o cancellare le loro informazioni personali in qualsiasi momento (eccetto il loro nome utente che non possono cambiare). Gli amministratori del sito web possono anche vedere e modificare queste informazioni.<\/p>\n<!-- \/wp:paragraph -->\n\n<!-- wp:heading -->\n<h2>Quali diritti hai sui tuoi dati<\/h2>\n<!-- \/wp:heading -->\n\n<!-- wp:paragraph -->\n<p>Se hai un account su questo sito, o hai lasciato commenti, puoi richiedere di ricevere un file esportato dal sito con i dati personali che abbiamo su di te, compresi i dati che ci hai fornito. Puoi anche richiedere che cancelliamo tutti i dati personali che ti riguardano. Questo non include i dati che siamo obbligati a conservare per scopi amministrativi, legali o di sicurezza.<\/p>\n<!-- \/wp:paragraph -->\n\n<!-- wp:heading -->\n<h2>Dove spediamo i tuoi dati<\/h2>\n<!-- \/wp:heading -->\n\n<!-- wp:paragraph -->\n<p>I commenti dei visitatori possono essere controllati attraverso un servizio di rilevamento automatico dello spam.<\/p>\n<!-- \/wp:paragraph -->\n\n<!-- wp:heading -->\n<h2>Le tue informazioni di contatto<\/h2>\n<!-- \/wp:heading -->\n\n<!-- wp:heading -->\n<h2>Informazioni aggiuntive<\/h2>\n<!-- \/wp:heading -->\n\n<!-- wp:heading {\"level\":3} -->\n<h3>Come proteggiamo i tuoi dati<\/h3>\n<!-- \/wp:heading -->\n\n<!-- wp:heading {\"level\":3} -->\n<h3>Quali procedure abbiamo predisposto per prevenire la violazione dei dati<\/h3>\n<!-- \/wp:heading -->\n\n<!-- wp:heading {\"level\":3} -->\n<h3>Da quali terze parti riceviamo dati<\/h3>\n<!-- \/wp:heading -->\n\n<!-- wp:heading {\"level\":3} -->\n<h3>Quale processo decisionale automatizzato e\/o profilazione facciamo con i dati dell'utente<\/h3>\n<!-- \/wp:heading -->\n\n<!-- wp:heading {\"level\":3} -->\n<h3>Requisiti di informativa normativa del settore<\/h3>\n<!-- \/wp:heading -->"},"_links":{"self":[{"href":"https:\/\/imilplast.it\/wp-json\/wp\/v2\/pages\/196"}],"collection":[{"href":"https:\/\/imilplast.it\/wp-json\/wp\/v2\/pages"}],"about":[{"href":"https:\/\/imilplast.it\/wp-json\/wp\/v2\/types\/page"}],"author":[{"embeddable":true,"href":"https:\/\/imilplast.it\/wp-json\/wp\/v2\/users\/1"}],"replies":[{"embeddable":true,"href":"https:\/\/imilplast.it\/wp-json\/wp\/v2\/comments?post=196"}],"version-history":[{"count":5,"href":"https:\/\/imilplast.it\/wp-json\/wp\/v2\/pages\/196\/revisions"}],"predecessor-version":[{"id":769,"href":"https:\/\/imilplast.it\/wp-json\/wp\/v2\/pages\/196\/revisions\/769"}],"wp:attachment":[{"href":"https:\/\/imilplast.it\/wp-json\/wp\/v2\/media?parent=196"}],"curies":[{"name":"wp","href":"https:\/\/api.w.org\/{rel}","templated":true}]}}