{"id":133,"date":"2020-02-07T15:48:42","date_gmt":"2020-02-07T14:48:42","guid":{"rendered":"https:\/\/imilplast.it\/?page_id=133"},"modified":"2021-11-29T14:43:13","modified_gmt":"2021-11-29T13:43:13","slug":"progettazione-e-prototipazione","status":"publish","type":"page","link":"https:\/\/imilplast.it\/progettazione-e-prototipazione\/","title":{"rendered":"Entwurf und prototyping "},"content":{"rendered":"<p>[et_pb_section fb_built=&#8221;1&#8243; custom_padding_last_edited=&#8221;on|phone&#8221; disabled_on=&#8221;off|off|off&#8221; admin_label=&#8221;Header Section&#8221; _builder_version=&#8221;4.0.5&#8243; background_image=&#8221;https:\/\/imilplast.it\/wp-content\/uploads\/2020\/02\/photo-blu-02..jpg&#8221; background_enable_video_mp4=&#8221;off&#8221; custom_margin=&#8221;|||&#8221; custom_padding=&#8221;28vh||2vh||false|false&#8221; custom_padding_tablet=&#8221;12vh||12vh||true|false&#8221; custom_padding_phone=&#8221;1vh||1vh||true|false&#8221; bottom_divider_color=&#8221;rgba(5,41,66,0.3)&#8221; bottom_divider_height=&#8221;20vw&#8221; animation_direction=&#8221;top&#8221; locked=&#8221;off&#8221; custom_css_main_element_last_edited=&#8221;on|tablet&#8221; custom_css_main_element_tablet=&#8221;&#8221; custom_css_main_element_phone=&#8221;&#8221;][et_pb_row disabled_on=&#8221;off|off|off&#8221; module_class=&#8221; et_pb_row_fullwidth&#8221; _builder_version=&#8221;3.25&#8243; max_width=&#8221;720px&#8221; max_width_tablet=&#8221;&#8221; max_width_phone=&#8221;&#8221; max_width_last_edited=&#8221;on|desktop&#8221; make_fullwidth=&#8221;on&#8221; locked=&#8221;off&#8221;][et_pb_column type=&#8221;4_4&#8243; _builder_version=&#8221;3.25&#8243; custom_padding=&#8221;|||&#8221; custom_padding__hover=&#8221;|||&#8221;][et_pb_text disabled_on=&#8221;off|off|off&#8221; _builder_version=&#8221;4.0.5&#8243; text_font=&#8221;|300|||||||&#8221; text_text_color=&#8221;#ffffff&#8221; text_font_size=&#8221;18px&#8221; header_2_text_color=&#8221;#ffffff&#8221; header_2_font_size=&#8221;45px&#8221; text_font_size_tablet=&#8221;15px&#8221; text_font_size_phone=&#8221;14px&#8221; text_font_size_last_edited=&#8221;on|desktop&#8221; header_2_font_size_tablet=&#8221;30px&#8221; header_2_font_size_phone=&#8221;25px&#8221; header_2_font_size_last_edited=&#8221;on|phone&#8221;]<\/p>\n<h2 style=\"text-align: center;\">WIR OPTIMIEREN DIE PRODUKTIONSPROZESSE<\/h2>\n<p style=\"text-align: center;\"><span style=\"font-family: Roboto, Helvetica, Arial, Lucida, sans-serif; font-size: 22px; font-weight: 300;\">Durchf\u00fchrbarkeitsstudie, Prototyp und vorl\u00e4ufige Kostenanalyse f\u00fcr ein pr\u00e4zises und termingerechtes Projekt<\/span><\/p>\n<p>[\/et_pb_text][\/et_pb_column][\/et_pb_row][\/et_pb_section][et_pb_section fb_built=&#8221;1&#8243; custom_padding_last_edited=&#8221;on|phone&#8221; _builder_version=&#8221;4.0.5&#8243; background_color=&#8221;#ffffff&#8221; custom_padding=&#8221;80px|0px|80px|0px|true|&#8221; custom_padding_tablet=&#8221;20px||20px||true|false&#8221; custom_padding_phone=&#8221;&#8221;][et_pb_row column_structure=&#8221;1_2,1_2&#8243; _builder_version=&#8221;4.0.5&#8243;][et_pb_column type=&#8221;1_2&#8243; _builder_version=&#8221;4.0.5&#8243;][et_pb_text _builder_version=&#8221;4.0.5&#8243; text_font=&#8221;|300|||||||&#8221; text_font_size=&#8221;18px&#8221; text_line_height=&#8221;1.8em&#8221; text_orientation=&#8221;center&#8221;]<\/p>\n<p style=\"text-align: left;\">Dank unseres breiten Spektrums an Technologien und Erfahrungen sind wir in der Lage, Prototypen herzustellen und unseren Kunden Beratung in der Entwurfsphase, technische und Produktionskapazit\u00e4ten, schnelle Umsetzung und Vertraulichkeit zu bieten.<\/p>\n<p>[\/et_pb_text][\/et_pb_column][et_pb_column type=&#8221;1_2&#8243; _builder_version=&#8221;4.0.5&#8243;][et_pb_text _builder_version=&#8221;4.0.5&#8243; text_font=&#8221;|300|||||||&#8221; text_font_size=&#8221;18px&#8221; text_line_height=&#8221;1.8em&#8221; text_orientation=&#8221;center&#8221;]<\/p>\n<p style=\"text-align: left;\">Mit dem Know-how und der Zuverl\u00e4ssigkeit, die uns seit jeher auszeichnen, sind wir in der Lage, die besten L\u00f6sungen f\u00fcr die Herstellung von Formen oder Modellen zu entwickeln, die eine maximale Effizienz mit optimierten Kosten und bestimmten Vorteilen garantieren.<\/p>\n<p>[\/et_pb_text][\/et_pb_column][\/et_pb_row][\/et_pb_section][et_pb_section fb_built=&#8221;1&#8243; custom_padding_last_edited=&#8221;on|tablet&#8221; _builder_version=&#8221;4.0.5&#8243; background_color=&#8221;#f2f2f2&#8243; background_enable_image=&#8221;off&#8221; parallax=&#8221;on&#8221; custom_padding=&#8221;80px|0px|80px|0px|false|&#8221; custom_padding_tablet=&#8221;40px||40px||true|false&#8221; custom_padding_phone=&#8221;&#8221;][et_pb_row _builder_version=&#8221;4.0.5&#8243; hover_enabled=&#8221;0&#8243; custom_padding=&#8221;||3px|||&#8221;][et_pb_column type=&#8221;4_4&#8243; _builder_version=&#8221;4.0.5&#8243;][et_pb_text _builder_version=&#8221;4.0.5&#8243; text_font=&#8221;|300|||||||&#8221; text_font_size=&#8221;18px&#8221; text_line_height=&#8221;1.8em&#8221; width=&#8221;100%&#8221; custom_margin=&#8221;|-93px|20px||false|false&#8221; hover_enabled=&#8221;0&#8243; border_width_bottom=&#8221;1px&#8221; border_color_bottom=&#8221;#064870&#8243; custom_padding=&#8221;||20px||false|false&#8221; border_style_all=&#8221;dashed&#8221;]<\/p>\n<h2 style=\"text-align: center;\"><strong>PLANUNG<\/strong><\/h2>\n<p>[\/et_pb_text][\/et_pb_column][\/et_pb_row][et_pb_row column_structure=&#8221;1_2,1_2&#8243; _builder_version=&#8221;4.0.5&#8243; hover_enabled=&#8221;0&#8243; custom_padding=&#8221;10px||||false|false&#8221;][et_pb_column type=&#8221;1_2&#8243; _builder_version=&#8221;4.0.5&#8243;][et_pb_text _builder_version=&#8221;4.0.5&#8243; text_font=&#8221;|300|||||||&#8221; text_font_size=&#8221;18px&#8221; text_line_height=&#8221;1.8em&#8221; width=&#8221;100%&#8221; custom_margin=&#8221;0px|-93px|||false|false&#8221; hover_enabled=&#8221;0&#8243;]<\/p>\n<p>Der Entwurf ist der Ausgangspunkt f\u00fcr den Formenbau, bei dem alle Parameter des Produkts und des Produktionsprozesses festgelegt werden.<\/p>\n<p>Dank st\u00e4ndiger technologischer Weiterentwicklungen sind wir in der Lage, unseren Kunden einen professionellen Service bei der Mitgestaltung und dem Engineering der herzustellenden Produkte zu bieten, wobei wir stets die ideale technische L\u00f6sung f\u00fcr jede Anfrage vorschlagen.<\/p>\n<p>[\/et_pb_text][\/et_pb_column][et_pb_column type=&#8221;1_2&#8243; _builder_version=&#8221;4.0.5&#8243;][et_pb_text _builder_version=&#8221;4.0.5&#8243; text_font=&#8221;|300|||||||&#8221; text_font_size=&#8221;18px&#8221; text_line_height=&#8221;1.8em&#8221; width=&#8221;100%&#8221; custom_margin=&#8221;0px|-93px|||false|false&#8221; hover_enabled=&#8221;0&#8243;]<\/p>\n<p>Wir sind auch in der Lage, einen <strong>Reverse-Engineering-Service<\/strong> anzubieten, um einen Entwurf oder eine mathematische Zeichnung aus einem vorhandenen Modell oder Element zu erstellen.<\/p>\n<p>&nbsp;<\/p>\n<p>[\/et_pb_text][\/et_pb_column][\/et_pb_row][et_pb_row _builder_version=&#8221;4.0.5&#8243;][et_pb_column type=&#8221;4_4&#8243; _builder_version=&#8221;4.0.5&#8243;][wdcl_image_carousel slide_count=&#8221;4&#8243; _builder_version=&#8221;4.0.5&#8243; background_enable_image=&#8221;off&#8221;][wdcl_image_carousel_child photo=&#8221;https:\/\/imilplast.it\/wp-content\/uploads\/2021\/11\/progettazione-carousel-05.jpg&#8221; _builder_version=&#8221;4.0.5&#8243; border_radii_item=&#8221;on|9px|9px|9px|9px&#8221;][\/wdcl_image_carousel_child][wdcl_image_carousel_child photo=&#8221;https:\/\/imilplast.it\/wp-content\/uploads\/2021\/11\/progettazione-carousel-04.jpg&#8221; _builder_version=&#8221;4.0.5&#8243; border_radii_item=&#8221;on|10px|10px|10px|10px&#8221;][\/wdcl_image_carousel_child][wdcl_image_carousel_child photo=&#8221;https:\/\/imilplast.it\/wp-content\/uploads\/2021\/11\/progettazione-carousel-03.jpg&#8221; _builder_version=&#8221;4.0.5&#8243; border_radii_item=&#8221;on|10px|10px|10px|10px&#8221;][\/wdcl_image_carousel_child][wdcl_image_carousel_child photo=&#8221;https:\/\/imilplast.it\/wp-content\/uploads\/2021\/11\/progettazione-carousel-02.jpg&#8221; _builder_version=&#8221;4.0.5&#8243; border_radii_item=&#8221;on|10px|10px|10px|10px&#8221;][\/wdcl_image_carousel_child][wdcl_image_carousel_child photo=&#8221;https:\/\/imilplast.it\/wp-content\/uploads\/2021\/11\/progettazione-carousel-01.jpg&#8221; _builder_version=&#8221;4.0.5&#8243; border_radii_item=&#8221;on|10px|10px|10px|10px&#8221;][\/wdcl_image_carousel_child][\/wdcl_image_carousel][\/et_pb_column][\/et_pb_row][\/et_pb_section][et_pb_section fb_built=&#8221;1&#8243; custom_padding_last_edited=&#8221;on|tablet&#8221; _builder_version=&#8221;4.0.5&#8243; background_color=&#8221;#ffffff&#8221; background_image=&#8221;https:\/\/imilplast.it\/wp-content\/uploads\/2021\/03\/bgd-1.jpg&#8221; background_size=&#8221;initial&#8221; background_position=&#8221;bottom_left&#8221; custom_padding=&#8221;80px|0px|80px|0px|false|&#8221; custom_padding_tablet=&#8221;40px||40px||true|false&#8221; custom_padding_phone=&#8221;&#8221;][et_pb_row _builder_version=&#8221;4.0.5&#8243; custom_padding=&#8221;||0px|||&#8221;][et_pb_column type=&#8221;4_4&#8243; _builder_version=&#8221;4.0.5&#8243;][et_pb_text _builder_version=&#8221;4.0.5&#8243; text_font=&#8221;|300|||||||&#8221; text_font_size=&#8221;18px&#8221; text_line_height=&#8221;1.8em&#8221; width=&#8221;100%&#8221; custom_margin=&#8221;|-93px|20px||false|false&#8221; hover_enabled=&#8221;0&#8243; border_width_bottom=&#8221;1px&#8221; border_color_bottom=&#8221;#064870&#8243; custom_padding=&#8221;||20px||false|false&#8221; border_style_all=&#8221;dashed&#8221;]<\/p>\n<h2 style=\"text-align: center;\"><strong>PROTOTYPING<\/strong><\/h2>\n<p>[\/et_pb_text][\/et_pb_column][\/et_pb_row][et_pb_row _builder_version=&#8221;4.0.5&#8243; column_structure=&#8221;1_3,2_3&#8243; custom_padding=&#8221;10px||||false|false&#8221; hover_enabled=&#8221;0&#8243;][et_pb_column _builder_version=&#8221;4.0.5&#8243; type=&#8221;1_3&#8243;][et_pb_image src=&#8221;https:\/\/imilplast.it\/wp-content\/uploads\/2020\/09\/progettazione_01-1.jpg&#8221; _builder_version=&#8221;4.0.5&#8243; border_radii=&#8221;on|10px|10px|10px|10px&#8221; hover_enabled=&#8221;0&#8243;][\/et_pb_image][\/et_pb_column][et_pb_column _builder_version=&#8221;4.0.5&#8243; type=&#8221;2_3&#8243;][et_pb_text _builder_version=&#8221;4.0.5&#8243; text_font=&#8221;|300|||||||&#8221; text_font_size=&#8221;18px&#8221; text_line_height=&#8221;1.8em&#8221; custom_margin=&#8221;||||false|false&#8221;]<\/p>\n<p>Dank eines leistungsf\u00e4higen Modell- und Prototypenbaus sind wir in der Lage, Modelle und Formen f\u00fcr Prototypen und Kleinserien anzubieten, die in verschiedenen Technologien wie Thermoformung und Spritzguss hergestellt werden.<\/p>\n<p>Dank der Zusammenarbeit mit Partnerunternehmen sind wir in der Lage, dem Kunden funktionale Prototypen zu liefern, die mit Hilfe von 3D-Druckern oder Silikonformen f\u00fcr gr\u00f6\u00dfere Muster hergestellt werden, wobei die Auswahl der Materialien den Eigenschaften des Endprodukts am n\u00e4chsten kommt.  <\/p>\n<p>Der Bau von Prototypformen erm\u00f6glicht es, Formgebungsverfahren zu untersuchen oder die tats\u00e4chliche Eignung eines Elements zu bewerten und die bei der Erprobung gewonnenen Erfahrungen auf die Produktionsformen zu \u00fcbertragen.<\/p>\n<p><strong>Die Qualit\u00e4t und Schnelligkeit der Ausf\u00fchrung der Prototypformen erm\u00f6glicht es, auch komplexe Bauteile mit hoher Oberfl\u00e4cheng\u00fcte in kurzer Zeit herzustellen.<\/strong><\/p>\n<p>&nbsp;<\/p>\n<p>[\/et_pb_text][\/et_pb_column][\/et_pb_row][\/et_pb_section]<\/p>\n","protected":false},"excerpt":{"rendered":"<p>[et_pb_section fb_built=&#8221;1&#8243; custom_padding_last_edited=&#8221;on|phone&#8221; disabled_on=&#8221;off|off|off&#8221; admin_label=&#8221;Header Section&#8221; _builder_version=&#8221;4.0.5&#8243; background_image=&#8221;https:\/\/imilplast.it\/wp-content\/uploads\/2020\/02\/photo-blu-02..jpg&#8221; background_enable_video_mp4=&#8221;off&#8221; custom_margin=&#8221;|||&#8221; custom_padding=&#8221;28vh||2vh||false|false&#8221; custom_padding_tablet=&#8221;12vh||12vh||true|false&#8221; custom_padding_phone=&#8221;1vh||1vh||true|false&#8221; bottom_divider_color=&#8221;rgba(5,41,66,0.3)&#8221; bottom_divider_height=&#8221;20vw&#8221; animation_direction=&#8221;top&#8221; locked=&#8221;off&#8221; custom_css_main_element_last_edited=&#8221;on|tablet&#8221; custom_css_main_element_tablet=&#8221;&#8221; custom_css_main_element_phone=&#8221;&#8221;][et_pb_row disabled_on=&#8221;off|off|off&#8221; module_class=&#8221; et_pb_row_fullwidth&#8221; _builder_version=&#8221;3.25&#8243; max_width=&#8221;720px&#8221; max_width_tablet=&#8221;&#8221; max_width_phone=&#8221;&#8221; max_width_last_edited=&#8221;on|desktop&#8221; make_fullwidth=&#8221;on&#8221; locked=&#8221;off&#8221;][et_pb_column type=&#8221;4_4&#8243; _builder_version=&#8221;3.25&#8243; custom_padding=&#8221;|||&#8221; custom_padding__hover=&#8221;|||&#8221;][et_pb_text disabled_on=&#8221;off|off|off&#8221; _builder_version=&#8221;4.0.5&#8243; text_font=&#8221;|300|||||||&#8221; text_text_color=&#8221;#ffffff&#8221; text_font_size=&#8221;18px&#8221; header_2_text_color=&#8221;#ffffff&#8221; header_2_font_size=&#8221;45px&#8221; text_font_size_tablet=&#8221;15px&#8221; text_font_size_phone=&#8221;14px&#8221; text_font_size_last_edited=&#8221;on|desktop&#8221; header_2_font_size_tablet=&#8221;30px&#8221; header_2_font_size_phone=&#8221;25px&#8221; header_2_font_size_last_edited=&#8221;on|phone&#8221;] WIR OPTIMIEREN DIE PRODUKTIONSPROZESSE Durchf\u00fchrbarkeitsstudie, Prototyp und vorl\u00e4ufige [&hellip;]<\/p>\n","protected":false},"author":1,"featured_media":0,"parent":0,"menu_order":0,"comment_status":"closed","ping_status":"closed","template":"","meta":{"_et_pb_use_builder":"on","_et_pb_old_content":"<!-- wp:paragraph -->\n<p>Questa \u00e8 una pagina di esempio. Differisce da un articolo di un blog perch\u00e9 rimane sempre allo stesso posto e (in molti temi) appare nel menu di navigazione. Molte persone iniziano con una pagina di Informazioni che li presentano ai visitatori del sito. Potrebbe apparire una presentazione del tipo:<\/p>\n<!-- \/wp:paragraph -->\n\n<!-- wp:quote -->\n<blockquote class=\"wp-block-quote\"><p>Ciao! Sono un fattorino ciclista di giorno, aspirante attore di notte e questo \u00e8 il mio sito web. Vivo a Los Angeles, ho un grande cane di nome Jack e mi piace la pi\u00f1a colada. (E prendere la pioggia)<\/p><\/blockquote>\n<!-- \/wp:quote -->\n\n<!-- wp:paragraph -->\n<p>...o qualcosa di simile:<\/p>\n<!-- \/wp:paragraph -->\n\n<!-- wp:quote -->\n<blockquote class=\"wp-block-quote\"><p>La Societ\u00e0 XYZ Aggeggi \u00e8 stata fondata nel 1971 e da allora fornisce al pubblico aggeggi di ottima qualit\u00e0. Situata a Fantasilandia, XYZ impiega oltre 2.000 persone e realizza ogni sorta di aggeggio fantastico per la comunit\u00e0 di Fantasilandia.<\/p><\/blockquote>\n<!-- \/wp:quote -->\n\n<!-- wp:paragraph -->\n<p>Come nuovo utente di WordPress, dovresti andare nella tua <a href=\"https:\/\/imilplast.it\/wp-admin\/\">Bacheca<\/a> per eliminare questa pagina, e crearne delle nuove per i tuoi contenuti. Divertiti!<\/p>\n<!-- \/wp:paragraph -->"},"_links":{"self":[{"href":"https:\/\/imilplast.it\/wp-json\/wp\/v2\/pages\/133"}],"collection":[{"href":"https:\/\/imilplast.it\/wp-json\/wp\/v2\/pages"}],"about":[{"href":"https:\/\/imilplast.it\/wp-json\/wp\/v2\/types\/page"}],"author":[{"embeddable":true,"href":"https:\/\/imilplast.it\/wp-json\/wp\/v2\/users\/1"}],"replies":[{"embeddable":true,"href":"https:\/\/imilplast.it\/wp-json\/wp\/v2\/comments?post=133"}],"version-history":[{"count":55,"href":"https:\/\/imilplast.it\/wp-json\/wp\/v2\/pages\/133\/revisions"}],"predecessor-version":[{"id":1233,"href":"https:\/\/imilplast.it\/wp-json\/wp\/v2\/pages\/133\/revisions\/1233"}],"wp:attachment":[{"href":"https:\/\/imilplast.it\/wp-json\/wp\/v2\/media?parent=133"}],"curies":[{"name":"wp","href":"https:\/\/api.w.org\/{rel}","templated":true}]}}